{"id":348,"date":"2016-08-19T13:08:00","date_gmt":"2016-08-19T13:08:00","guid":{"rendered":"https:\/\/www.rodilux.md\/?post_type=product&#038;p=348"},"modified":"2022-05-10T08:19:29","modified_gmt":"2022-05-10T08:19:29","slug":"phyto-pigments-luminous-lip-crayon","status":"publish","type":"product","link":"https:\/\/www.rodilux.md\/?product=phyto-pigments-luminous-lip-crayon","title":{"rendered":"CLEANSER \/ L\u0102PTI\u0218OR"},"content":{"rendered":"<p><strong>200 ml\/500 ml\/1000 ml<\/strong><\/p>\n<p>Lo\u021biune de cur\u0103\u021bare cremoas\u0103 foarte purificatoare, care echilibreaz\u0103 pH-ul pielii, are un efect calmant \u0219i antiinflamator. Este indicat\u0103 pentru toate tipurile de piele, mai ales pentru tenurile sensibile, preten\u021bioase \u0219i iritate.<\/p>\n<p>Datorit\u0103 structurii cremoase, lo\u021biunea poate fi folosit\u0103 \u0219i de c\u0103tre b\u0103rba\u021bi, pentru a preveni irita\u021biile dup\u0103 b\u0103rbierit.<\/p>\n<p><strong>Mod de aplicare:<\/strong><\/p>\n<p>Lo\u021biunea se aplic\u0103 pe suprafa\u021ba pielii \u0219i se maseaz\u0103 u\u0219or cu degetele. Se \u00eenl\u0103tur\u0103 cu \u0219erve\u021bele umede sau cu ap\u0103. Pentru b\u0103rba\u021bi se recomand\u0103 aplicarea unui strat sub\u021bire pe fa\u021b\u0103, \u00eenainte de b\u0103rbierit.<\/p>\n<p>\u00cen timpul tratamentelor profesionale, lo\u021biunea Cleanser se aplic\u0103 pe fa\u021b\u0103 \u0219i se maseaz\u0103 timp de cinci minute, cu degetele umede. Se \u00eenl\u0103tur\u0103 cu ap\u0103.<\/p>\n<p><strong>Substan\u021be active:<\/strong><\/p>\n<p>Ulei de camfor, acid lactic, ulei de salvie, flori de lime,\u00a0 triglicerida caprilic\u0103 din ulei de cocos \u0219i micele.<\/p>\n","protected":false},"excerpt":{"rendered":"<a href=\"https:\/\/www.rodilux.md\/?p=199\" data-animation=\"animated fadeIn normal\" class=\"sc_button sc_button_square sc_button_style_filled2 sc_button_size_small  sc_button_iconed icon-star\">PRODUSE DE \u00ceNGRIJIRE ACAS\u0102 <\/a>\n","protected":false},"featured_media":1009,"template":"","meta":[],"product_cat":[37,33],"product_tag":[92,287,138,286,40,38,39],"class_list":{"0":"post-348","1":"product","2":"type-product","3":"status-publish","4":"has-post-thumbnail","6":"product_cat-basics","7":"product_cat-face-teraphy","8":"product_tag-acasa","9":"product_tag-decongestionare","10":"product_tag-detox","11":"product_tag-detoxifiere","12":"product_tag-natural","13":"product_tag-organic","14":"product_tag-skincare","15":"product_shipping_class-europe","17":"first","18":"instock","19":"shipping-taxable","20":"product-type-simple"},"_links":{"self":[{"href":"https:\/\/www.rodilux.md\/index.php?rest_route=\/wp\/v2\/product\/348","targetHints":{"allow":["GET"]}}],"collection":[{"href":"https:\/\/www.rodilux.md\/index.php?rest_route=\/wp\/v2\/product"}],"about":[{"href":"https:\/\/www.rodilux.md\/index.php?rest_route=\/wp\/v2\/types\/product"}],"wp:featuredmedia":[{"embeddable":true,"href":"https:\/\/www.rodilux.md\/index.php?rest_route=\/wp\/v2\/media\/1009"}],"wp:attachment":[{"href":"https:\/\/www.rodilux.md\/index.php?rest_route=%2Fwp%2Fv2%2Fmedia&parent=348"}],"wp:term":[{"taxonomy":"product_cat","embeddable":true,"href":"https:\/\/www.rodilux.md\/index.php?rest_route=%2Fwp%2Fv2%2Fproduct_cat&post=348"},{"taxonomy":"product_tag","embeddable":true,"href":"https:\/\/www.rodilux.md\/index.php?rest_route=%2Fwp%2Fv2%2Fproduct_tag&post=348"}],"curies":[{"name":"wp","href":"https:\/\/api.w.org\/{rel}","templated":true}]}}