{"id":347,"date":"2016-08-19T13:07:53","date_gmt":"2016-08-19T13:07:53","guid":{"rendered":"https:\/\/www.rodilux.md\/?post_type=product&#038;p=347"},"modified":"2022-05-10T08:19:15","modified_gmt":"2022-05-10T08:19:15","slug":"stem-cellucar-cc-cream","status":"publish","type":"product","link":"https:\/\/www.rodilux.md\/?product=stem-cellucar-cc-cream","title":{"rendered":"TONER \/ LO\u021aIUNE TONIC\u0102"},"content":{"rendered":"<p><strong>200 ml\/ 500\/ ml\/1000 ml<\/strong><\/p>\n<p>Aceasta este o lo\u021biune de cur\u0103\u021bare, care echilibreaz\u0103 pH-ul cutanat \u0219i decongestioneaz\u0103 pielea cea \u00a0mai sensibil\u0103. Are efect calmant \u0219i antiinflamator. Se poate pulveriza pe pielea fe\u021bei \u0219i g\u00e2tului pentru revigorare. Este indicat\u0103 pentru toate tipurile de piele.<\/p>\n<p><strong>Mod de aplicare:<\/strong><\/p>\n<p>Se aplic\u0103 pe piele, cu ajutorul unei dischete demachiante, diminea\u021ba \u0219i seara, dup\u0103 cur\u0103\u021barea cu Cleanser sau Quick Clean Micellar Lotion.<\/p>\n<p>\u00cen \u00eengrijirea profesional\u0103, este solicitat drept remediu permanent de reechilibrare a balan\u021bei pH-ului. \u00cen timpul procedurilor la saloanele de \u00eenfrumuse\u021bare, aceast\u0103 lo\u021biune este utilizat\u0103 pentru cur\u0103\u021barea, revigorarea \u0219i protejarea pielii. Are \u0219i efect antibacterian.<\/p>\n<p><strong>Substan\u021be active:\u00a0 <\/strong><\/p>\n<p>Mu\u0219e\u021bel, flori de tei, salvie, ieder\u0103, hamamelis, g\u0103lbenele, bisabolol, coada-calului, extras de lime verde \u0219i agri\u0219e.<\/p>\n","protected":false},"excerpt":{"rendered":"<a href=\"https:\/\/www.rodilux.md\/?p=199\" data-animation=\"animated fadeIn normal\" class=\"sc_button sc_button_square sc_button_style_default sc_button_size_small  sc_button_iconed icon-star\">PRODUSE DE \u00ceNGRIJIRE ACAS\u0102 <\/a>\n","protected":false},"featured_media":1010,"template":"","meta":[],"product_cat":[37,33],"product_tag":[92,287,138,286,95,40,38,39,93,94],"class_list":{"0":"post-347","1":"product","2":"type-product","3":"status-publish","4":"has-post-thumbnail","6":"product_cat-basics","7":"product_cat-face-teraphy","8":"product_tag-acasa","9":"product_tag-decongestionare","10":"product_tag-detox","11":"product_tag-detoxifiere","12":"product_tag-lotiune","13":"product_tag-natural","14":"product_tag-organic","15":"product_tag-skincare","16":"product_tag-terapie-faciala","17":"product_tag-toner","18":"product_shipping_class-world","20":"first","21":"instock","22":"shipping-taxable","23":"product-type-simple"},"_links":{"self":[{"href":"https:\/\/www.rodilux.md\/index.php?rest_route=\/wp\/v2\/product\/347","targetHints":{"allow":["GET"]}}],"collection":[{"href":"https:\/\/www.rodilux.md\/index.php?rest_route=\/wp\/v2\/product"}],"about":[{"href":"https:\/\/www.rodilux.md\/index.php?rest_route=\/wp\/v2\/types\/product"}],"wp:featuredmedia":[{"embeddable":true,"href":"https:\/\/www.rodilux.md\/index.php?rest_route=\/wp\/v2\/media\/1010"}],"wp:attachment":[{"href":"https:\/\/www.rodilux.md\/index.php?rest_route=%2Fwp%2Fv2%2Fmedia&parent=347"}],"wp:term":[{"taxonomy":"product_cat","embeddable":true,"href":"https:\/\/www.rodilux.md\/index.php?rest_route=%2Fwp%2Fv2%2Fproduct_cat&post=347"},{"taxonomy":"product_tag","embeddable":true,"href":"https:\/\/www.rodilux.md\/index.php?rest_route=%2Fwp%2Fv2%2Fproduct_tag&post=347"}],"curies":[{"name":"wp","href":"https:\/\/api.w.org\/{rel}","templated":true}]}}