{"id":346,"date":"2016-08-19T13:07:46","date_gmt":"2016-08-19T13:07:46","guid":{"rendered":"https:\/\/www.rodilux.md\/?post_type=product&#038;p=346"},"modified":"2022-05-10T08:19:03","modified_gmt":"2022-05-10T08:19:03","slug":"anti-wrinkle-booster-serum","status":"publish","type":"product","link":"https:\/\/www.rodilux.md\/?product=anti-wrinkle-booster-serum","title":{"rendered":"QUICK CLEAN MICELLAR LOTION \/ LO\u021aIUNE CU MICELE \/ AP\u0102 MICELAR\u0102"},"content":{"rendered":"<p><strong>200 ml\/1000 ml<\/strong><\/p>\n<p>Este un demachiant eficient, care cur\u0103\u021b\u0103 \u00een profunzime pielea, men\u021bine constant\u0103 mantaua acid\u0103 de protec\u021bie (mantia hidrolipidic\u0103). Lo\u021biunea con\u021bine micele &#8211; microparticule naturale cu o structur\u0103 special\u0103, care ac\u021bioneaz\u0103 ca un magnet, deoarece absorb murd\u0103ria \u0219i reziduurile uleioase, reu\u0219ind astfel s\u0103 cure\u021be \u00een profunzime tenul.<\/p>\n<p>Apa micelar\u0103 de la FR~HAUT este potrivit\u0103 chiar \u0219i pentru cea mai sensibil\u0103 piele.<\/p>\n<p>Uleiul de neroli \u00een combina\u021bie cu uleiul de cocos contribuie la calmarea, catifelarea \u0219i detoxifierea pielii. Acidul lactic, lime-ul \u0219i vitamina E stimuleaz\u0103 regenerarea celulelor. Dup\u0103 demachiere, pielea str\u0103luce\u0219te, oferindu-i efect de lifting.<\/p>\n<p><strong>Mod de aplicare:<\/strong><\/p>\n<p>Lo\u021biunea tonic\u0103 se aplic\u0103 pe pielea fe\u021bei, inclusiv pe pleoape, \u00een zona g\u00e2tului \u0219i decolteului, cu ajutorul unei dischete demachiante. \u00cendep\u0103rta\u021bi cu u\u0219urin\u021b\u0103 machiajul \u0219i impurit\u0103\u021bile adunate de peste zi. Mai \u00eent\u00e2i, se aplic\u0103 lo\u021biunea Cleanser, apoi Apa Micelar\u0103 sau separat. Dup\u0103 demachiere, fa\u021ba se spal\u0103 cu ap\u0103 \u0219i se tonific\u0103 cu Toner.<\/p>\n<p><strong>Substan\u021be active:<\/strong><\/p>\n<p>Micele, ulei de cocos, ulei de neroli, acid de lime, mandarine, ulei de portocale, vitamina E.<\/p>\n","protected":false},"excerpt":{"rendered":"<a href=\"https:\/\/www.rodilux.md\/?p=199\" data-animation=\"animated fadeIn normal\" class=\"sc_button sc_button_square sc_button_style_default sc_button_size_small  sc_button_iconed icon-star\">PRODUSE DE \u00ceNGRIJIRE ACAS\u0102 <\/a>\n","protected":false},"featured_media":1011,"template":"","meta":[],"product_cat":[37,33],"product_tag":[97,96,287,138,286,112,40,38,98,39],"class_list":{"0":"post-346","1":"product","2":"type-product","3":"status-publish","4":"has-post-thumbnail","6":"product_cat-basics","7":"product_cat-face-teraphy","8":"product_tag-apa-micelara","9":"product_tag-basics","10":"product_tag-decongestionare","11":"product_tag-detox","12":"product_tag-detoxifiere","13":"product_tag-micele","14":"product_tag-natural","15":"product_tag-organic","16":"product_tag-quick-clean","17":"product_tag-skincare","18":"product_shipping_class-america","20":"first","21":"instock","22":"shipping-taxable","23":"product-type-simple"},"_links":{"self":[{"href":"https:\/\/www.rodilux.md\/index.php?rest_route=\/wp\/v2\/product\/346","targetHints":{"allow":["GET"]}}],"collection":[{"href":"https:\/\/www.rodilux.md\/index.php?rest_route=\/wp\/v2\/product"}],"about":[{"href":"https:\/\/www.rodilux.md\/index.php?rest_route=\/wp\/v2\/types\/product"}],"wp:featuredmedia":[{"embeddable":true,"href":"https:\/\/www.rodilux.md\/index.php?rest_route=\/wp\/v2\/media\/1011"}],"wp:attachment":[{"href":"https:\/\/www.rodilux.md\/index.php?rest_route=%2Fwp%2Fv2%2Fmedia&parent=346"}],"wp:term":[{"taxonomy":"product_cat","embeddable":true,"href":"https:\/\/www.rodilux.md\/index.php?rest_route=%2Fwp%2Fv2%2Fproduct_cat&post=346"},{"taxonomy":"product_tag","embeddable":true,"href":"https:\/\/www.rodilux.md\/index.php?rest_route=%2Fwp%2Fv2%2Fproduct_tag&post=346"}],"curies":[{"name":"wp","href":"https:\/\/api.w.org\/{rel}","templated":true}]}}