{"id":345,"date":"2016-08-19T13:07:38","date_gmt":"2016-08-19T13:07:38","guid":{"rendered":"https:\/\/www.rodilux.md\/?post_type=product&#038;p=345"},"modified":"2022-05-10T08:18:46","modified_gmt":"2022-05-10T08:18:46","slug":"phyto-pigments-liquid-lip","status":"publish","type":"product","link":"https:\/\/www.rodilux.md\/?product=phyto-pigments-liquid-lip","title":{"rendered":"MICRO &#8211; SILVER SKIN CLEANSER \/ GEL DE CURA\u021aARE CU ARGINT"},"content":{"rendered":"<p><strong>200 ml\/500 ml<\/strong><\/p>\n<p>Gel de cur\u0103\u021bare delicat, care con\u021bine micro particule de argint, ce cur\u0103\u021b\u0103 \u00een profunzime porii \u0219i calmeaz\u0103 pielea. Echilibreaz\u0103 mantia hidrolipidic\u0103 a pielii. Datorit\u0103 argintului \u0219i a plantelor medicinale pe care le con\u021bine, are o capacitate puternic\u0103 purificatoare \u0219i antibacterian\u0103. Mai are rolul de a preg\u0103ti pielea pentru procedura de cur\u0103\u021bare, tratamentele zilnice anti-acnee. Este indicat pentru tenul gras, mixt, cu deregl\u0103ri de pH.<\/p>\n<p><strong>Mod de aplicare:<\/strong><\/p>\n<p>Aplic\u0103 o cantitate mic\u0103 \u00een palmele umede, maseaz\u0103 bl\u00e2nd cu mi\u0219c\u0103ri circulare, p\u00e2n\u0103 c\u00e2nd se absoarbe. Se spal\u0103 abundent\u00a0 cu ap\u0103.<\/p>\n<p><strong>Substan\u021be active: <\/strong><\/p>\n<p>Extract de p\u0103tlagin\u0103, micro granule de argint, fructe de goji \u0219i acid lactic.<\/p>\n","protected":false},"excerpt":{"rendered":"<a href=\"https:\/\/www.rodilux.md\/?p=199\" data-animation=\"animated fadeIn normal\" class=\"sc_button sc_button_square sc_button_style_default sc_button_size_small  sc_button_iconed icon-star\">PRODUSE DE \u00ceNGRIJIRE ACAS\u0102 <\/a>\n","protected":false},"featured_media":1012,"template":"","meta":[],"product_cat":[37,33],"product_tag":[101,287,138,286,100,40,38,99,39],"class_list":{"0":"post-345","1":"product","2":"type-product","3":"status-publish","4":"has-post-thumbnail","6":"product_cat-basics","7":"product_cat-face-teraphy","8":"product_tag-cleanser","9":"product_tag-decongestionare","10":"product_tag-detox","11":"product_tag-detoxifiere","12":"product_tag-gel-de-curatare","13":"product_tag-natural","14":"product_tag-organic","15":"product_tag-silver","16":"product_tag-skincare","17":"product_shipping_class-europe","19":"first","20":"instock","21":"shipping-taxable","22":"product-type-simple"},"_links":{"self":[{"href":"https:\/\/www.rodilux.md\/index.php?rest_route=\/wp\/v2\/product\/345","targetHints":{"allow":["GET"]}}],"collection":[{"href":"https:\/\/www.rodilux.md\/index.php?rest_route=\/wp\/v2\/product"}],"about":[{"href":"https:\/\/www.rodilux.md\/index.php?rest_route=\/wp\/v2\/types\/product"}],"wp:featuredmedia":[{"embeddable":true,"href":"https:\/\/www.rodilux.md\/index.php?rest_route=\/wp\/v2\/media\/1012"}],"wp:attachment":[{"href":"https:\/\/www.rodilux.md\/index.php?rest_route=%2Fwp%2Fv2%2Fmedia&parent=345"}],"wp:term":[{"taxonomy":"product_cat","embeddable":true,"href":"https:\/\/www.rodilux.md\/index.php?rest_route=%2Fwp%2Fv2%2Fproduct_cat&post=345"},{"taxonomy":"product_tag","embeddable":true,"href":"https:\/\/www.rodilux.md\/index.php?rest_route=%2Fwp%2Fv2%2Fproduct_tag&post=345"}],"curies":[{"name":"wp","href":"https:\/\/api.w.org\/{rel}","templated":true}]}}