{"id":344,"date":"2016-08-19T13:07:30","date_gmt":"2016-08-19T13:07:30","guid":{"rendered":"https:\/\/www.rodilux.md\/?post_type=product&#038;p=344"},"modified":"2022-05-10T08:18:32","modified_gmt":"2022-05-10T08:18:32","slug":"flawless-finishing-powder","status":"publish","type":"product","link":"https:\/\/www.rodilux.md\/?product=flawless-finishing-powder","title":{"rendered":"VNG PEEL LOTION \/ LO\u021aIUNE CU ACIZI PENTRU ECHILIBRAREA PIELII"},"content":{"rendered":"<p><strong>200 ml<\/strong><\/p>\n<p>Lo\u021biune bogat\u0103 \u00een acizi cu efect de exfoliere u\u0219oar\u0103, aproape invizibil\u0103. Corecteaz\u0103 \u0219i regleaz\u0103 pH-ul (5,2). Cu efect de peeling, aceast\u0103 lo\u021biune contribuie la regenerarea \u0219i depigmentarea pielii problematice, cu riduri \u0219i imperfec\u021biuni.<\/p>\n<p>Con\u021binutul ridicat de acizi cur\u0103\u021b\u0103, atenueaz\u0103 ridurile, cicatricile, d\u00e2ndu-i pielii luminozitate \u0219i str\u0103lucire. Are ac\u021biune astringent\u0103 \u0219i miorelaxant\u0103. Altfel spus, este un relaxant al sistemului muscular.<\/p>\n<p>De asemenea, regleaz\u0103 secre\u021bia glandelor sebacee, \u00eenchide porii, combate acneea, acele puncte albe numite milium, precum \u0219i albe\u0219te pielea. Este recomandat pentru preg\u0103tirea pielii \u00eenainte de a aplica machiajul. Ilumineaz\u0103 pielea, ofer\u0103 efect de lifting \u0219i estompeaz\u0103 ridurile mici.<\/p>\n<p><strong>Mod de aplicare:<\/strong><\/p>\n<p>Se aplic\u0103 diminea\u021ba \u0219i seara, pe pielea curat\u0103, cu o dischet\u0103 din bumbac, evit\u00e2nd zona ochilor. Pentru men\u021binerea unui ten curat \u0219i s\u0103n\u0103tos, lo\u021biunea se aplic\u0103 de dou\u0103 ori pe s\u0103pt\u0103m\u00e2n\u0103.<\/p>\n<p>Este indicat\u0103 pentru administrarea \u00een zona \u201et\u0103lpii-g\u00e2\u0219tei\u201d, adic\u0103 pe \u00eencre\u021biturile de la coada ochiului, p\u00e2n\u0103 se absoarbe, apoi se aplic\u0103 o crem\u0103 pentru ochi. Persoanele cu pielea sensibil\u0103 vor aplica lo\u021biunea pentru o durat\u0103 cuprins\u0103 \u00eentre 10 \u0219i 30 minute. Se \u00eendep\u0103rteaz\u0103 cu o lavet\u0103 umed\u0103 sau se spal\u0103.<\/p>\n<p>Este fireasc\u0103, \u00een prim\u0103 faz\u0103, senza\u021bia de mici \u00een\u021bep\u0103turi, datorit\u0103 prezen\u021bei acizilor. C\u00e2nd pH-ul pielii se echilibreaz\u0103\u2013senza\u021biile de \u00een\u021bep\u0103turi vor disp\u0103rea.<\/p>\n<p><strong>Substan\u021be active: <\/strong><\/p>\n<p>Acid glicolic, acetic, malic, lactic,\u00a0 tartric, salicilic, glicerin\u0103, l\u0103m\u00e2ie, vitamina B3, enzime ale acizilor de mere, arnic\u0103, ulei din semin\u021be de floarea soarelui, uree, glucoz\u0103, extract de piper de cayenne, cunoscut \u0219i sub numele de ardei ro\u0219u fierbinte.<\/p>\n","protected":false},"excerpt":{"rendered":"<a href=\"https:\/\/www.rodilux.md\/?p=199\" data-animation=\"animated fadeIn normal\" class=\"sc_button sc_button_square sc_button_style_default sc_button_size_small  sc_button_iconed icon-star\">PRODUSE DE \u00ceNGRIJIRE ACAS\u0102 <\/a>\n","protected":false},"featured_media":1013,"template":"","meta":[],"product_cat":[37,33],"product_tag":[287,138,286,104,95,40,38,103,39,102],"class_list":{"0":"post-344","1":"product","2":"type-product","3":"status-publish","4":"has-post-thumbnail","6":"product_cat-basics","7":"product_cat-face-teraphy","8":"product_tag-decongestionare","9":"product_tag-detox","10":"product_tag-detoxifiere","11":"product_tag-echilibrul","12":"product_tag-lotiune","13":"product_tag-natural","14":"product_tag-organic","15":"product_tag-piele","16":"product_tag-skincare","17":"product_tag-vng-peel","18":"product_shipping_class-europe","20":"first","21":"instock","22":"shipping-taxable","23":"product-type-simple"},"_links":{"self":[{"href":"https:\/\/www.rodilux.md\/index.php?rest_route=\/wp\/v2\/product\/344","targetHints":{"allow":["GET"]}}],"collection":[{"href":"https:\/\/www.rodilux.md\/index.php?rest_route=\/wp\/v2\/product"}],"about":[{"href":"https:\/\/www.rodilux.md\/index.php?rest_route=\/wp\/v2\/types\/product"}],"wp:featuredmedia":[{"embeddable":true,"href":"https:\/\/www.rodilux.md\/index.php?rest_route=\/wp\/v2\/media\/1013"}],"wp:attachment":[{"href":"https:\/\/www.rodilux.md\/index.php?rest_route=%2Fwp%2Fv2%2Fmedia&parent=344"}],"wp:term":[{"taxonomy":"product_cat","embeddable":true,"href":"https:\/\/www.rodilux.md\/index.php?rest_route=%2Fwp%2Fv2%2Fproduct_cat&post=344"},{"taxonomy":"product_tag","embeddable":true,"href":"https:\/\/www.rodilux.md\/index.php?rest_route=%2Fwp%2Fv2%2Fproduct_tag&post=344"}],"curies":[{"name":"wp","href":"https:\/\/api.w.org\/{rel}","templated":true}]}}