{"id":295,"date":"2016-08-12T13:34:18","date_gmt":"2016-08-12T13:34:18","guid":{"rendered":"https:\/\/www.rodilux.md\/?post_type=product&#038;p=295"},"modified":"2022-05-10T08:18:23","modified_gmt":"2022-05-10T08:18:23","slug":"usda-organic-lip-moisturizer","status":"publish","type":"product","link":"https:\/\/www.rodilux.md\/?product=usda-organic-lip-moisturizer","title":{"rendered":"EXFOLIATING PEELING \/ PEELING GOMAJ"},"content":{"rendered":"<p><strong>250 ml<\/strong><\/p>\n<p>Peeling mecanic pe baz\u0103 de argil\u0103. \u00cendep\u0103rteaz\u0103, \u00eentr-un mod miraculos, celulele superficiale ale stratului cornean. \u201eTope\u0219te\u201d invizibil hipercheratoza &#8211; \u00eengro\u0219area fiziologic\u0103 sau patologic\u0103 a stratului cornos al pielii. Regenereaz\u0103, nu provoac\u0103 irita\u021bii, albe\u0219te, are efect de lifting vizibil. Parfumul fin al produsului relaxeaz\u0103 \u0219i calmeaz\u0103 at\u00e2t pielea, c\u00e2t \u0219i pe pacient. E binevenit pentru toate tipurile de ten, \u00eendeosebi pentru cei cu tenul gras \u0219i combinat.<\/p>\n<p><strong>Substan\u021be active: <\/strong><\/p>\n<p>Caolin, acid lactic, Na lactic, microcristale de cear\u0103, pulbere de porumb, coada-\u0219oricelului, acid lactic, extract de portocal\u0103 dulce.<\/p>\n","protected":false},"excerpt":{"rendered":"<a href=\"https:\/\/www.rodilux.md\/?p=199\" data-animation=\"animated fadeIn normal\" class=\"sc_button sc_button_square sc_button_style_default sc_button_size_small  sc_button_iconed icon-star\">PRODUSE DE \u00ceNGRIJIRE PROFESIONAL\u0102 <\/a>\n","protected":false},"featured_media":1014,"template":"","meta":[],"product_cat":[37,33],"product_tag":[287,138,286,105,106,40,38,107,39],"class_list":{"0":"post-295","1":"product","2":"type-product","3":"status-publish","4":"has-post-thumbnail","6":"product_cat-basics","7":"product_cat-face-teraphy","8":"product_tag-decongestionare","9":"product_tag-detox","10":"product_tag-detoxifiere","11":"product_tag-exfoliating","12":"product_tag-gomaj","13":"product_tag-natural","14":"product_tag-organic","15":"product_tag-peeling","16":"product_tag-skincare","17":"product_shipping_class-world","19":"first","20":"instock","21":"shipping-taxable","22":"product-type-simple"},"_links":{"self":[{"href":"https:\/\/www.rodilux.md\/index.php?rest_route=\/wp\/v2\/product\/295","targetHints":{"allow":["GET"]}}],"collection":[{"href":"https:\/\/www.rodilux.md\/index.php?rest_route=\/wp\/v2\/product"}],"about":[{"href":"https:\/\/www.rodilux.md\/index.php?rest_route=\/wp\/v2\/types\/product"}],"wp:featuredmedia":[{"embeddable":true,"href":"https:\/\/www.rodilux.md\/index.php?rest_route=\/wp\/v2\/media\/1014"}],"wp:attachment":[{"href":"https:\/\/www.rodilux.md\/index.php?rest_route=%2Fwp%2Fv2%2Fmedia&parent=295"}],"wp:term":[{"taxonomy":"product_cat","embeddable":true,"href":"https:\/\/www.rodilux.md\/index.php?rest_route=%2Fwp%2Fv2%2Fproduct_cat&post=295"},{"taxonomy":"product_tag","embeddable":true,"href":"https:\/\/www.rodilux.md\/index.php?rest_route=%2Fwp%2Fv2%2Fproduct_tag&post=295"}],"curies":[{"name":"wp","href":"https:\/\/api.w.org\/{rel}","templated":true}]}}