{"id":294,"date":"2016-08-12T13:34:05","date_gmt":"2016-08-12T13:34:05","guid":{"rendered":"https:\/\/www.rodilux.md\/?post_type=product&#038;p=294"},"modified":"2022-05-10T08:18:07","modified_gmt":"2022-05-10T08:18:07","slug":"glowing-cheek-color","status":"publish","type":"product","link":"https:\/\/www.rodilux.md\/?product=glowing-cheek-color","title":{"rendered":"THE RUBBER PEEL \/ PEELING CHIMIC"},"content":{"rendered":"<p><strong>125 ml<\/strong><\/p>\n<p>Peeling chimic f\u0103cut dintr-un cocktail de Alfa-hidroxi \u0219i Beta-hidroxi (acid salicilic). Ajut\u0103 la corectarea ridurilor, petelor stagnante, acneei, pigmenta\u021biilor de pe fa\u021b\u0103 \u0219i corp \u0219i \u00a0cicatricilor. Are un efect keratolitic \u00een zona inghinal\u0103, axilar\u0103, coate \u0219i genunchi. Concentra\u021bia de acizi &#8211; 35%, pH-3,5.<\/p>\n<p><strong>Substan\u021be active: <\/strong><\/p>\n<p>Acid glicolic, tartric, malic, citric, salicilic \u0219i glicerin\u0103.<\/p>\n","protected":false},"excerpt":{"rendered":"<a href=\"https:\/\/www.rodilux.md\/?p=199\" data-animation=\"animated fadeIn normal\" class=\"sc_button sc_button_square sc_button_style_default sc_button_size_small  sc_button_iconed icon-star\">PRODUSE DE \u00ceNGRIJIRE PROFESIONAL\u0102 <\/a>\n","protected":false},"featured_media":1015,"template":"","meta":[],"product_cat":[37,33],"product_tag":[42,287,138,286,41,40,38,107,109,108,39],"class_list":{"0":"post-294","1":"product","2":"type-product","3":"status-publish","4":"has-post-thumbnail","6":"product_cat-basics","7":"product_cat-face-teraphy","8":"product_tag-beauty","9":"product_tag-decongestionare","10":"product_tag-detox","11":"product_tag-detoxifiere","12":"product_tag-face","13":"product_tag-natural","14":"product_tag-organic","15":"product_tag-peeling","16":"product_tag-peeling-chimic","17":"product_tag-rubber","18":"product_tag-skincare","19":"product_shipping_class-america","21":"first","22":"instock","23":"shipping-taxable","24":"product-type-simple"},"_links":{"self":[{"href":"https:\/\/www.rodilux.md\/index.php?rest_route=\/wp\/v2\/product\/294","targetHints":{"allow":["GET"]}}],"collection":[{"href":"https:\/\/www.rodilux.md\/index.php?rest_route=\/wp\/v2\/product"}],"about":[{"href":"https:\/\/www.rodilux.md\/index.php?rest_route=\/wp\/v2\/types\/product"}],"wp:featuredmedia":[{"embeddable":true,"href":"https:\/\/www.rodilux.md\/index.php?rest_route=\/wp\/v2\/media\/1015"}],"wp:attachment":[{"href":"https:\/\/www.rodilux.md\/index.php?rest_route=%2Fwp%2Fv2%2Fmedia&parent=294"}],"wp:term":[{"taxonomy":"product_cat","embeddable":true,"href":"https:\/\/www.rodilux.md\/index.php?rest_route=%2Fwp%2Fv2%2Fproduct_cat&post=294"},{"taxonomy":"product_tag","embeddable":true,"href":"https:\/\/www.rodilux.md\/index.php?rest_route=%2Fwp%2Fv2%2Fproduct_tag&post=294"}],"curies":[{"name":"wp","href":"https:\/\/api.w.org\/{rel}","templated":true}]}}