{"id":293,"date":"2016-08-12T13:34:02","date_gmt":"2016-08-12T13:34:02","guid":{"rendered":"https:\/\/www.rodilux.md\/?post_type=product&#038;p=293"},"modified":"2022-05-10T08:17:49","modified_gmt":"2022-05-10T08:17:49","slug":"perfecting-foundation","status":"publish","type":"product","link":"https:\/\/www.rodilux.md\/?product=perfecting-foundation","title":{"rendered":"THE RUBBER BALANCE \/ NEUTRALIZATOR PEELING CHIMIC"},"content":{"rendered":"<p><strong>125 m<\/strong>l<\/p>\n<p>Se aplic\u0103 dup\u0103 peeling (The Rubber Peel). Neutralizeaz\u0103 ac\u021biunea acizilor, normalizeaz\u0103 pH-ul pielii. Ajut\u0103 la corectarea petelor, ridurilor \u0219i cicatricilor. Potrivit\u0103 pentru fa\u021b\u0103 \u0219i corp.<\/p>\n<p>Dup\u0103 utilizare, pielea devine moale, elastic\u0103, hidratat\u0103.<\/p>\n<p>&nbsp;<\/p>\n<p><strong>Substan\u021be active: <\/strong><\/p>\n<p>S\u0103ruri minerale, pantenol.<\/p>\n","protected":false},"excerpt":{"rendered":"<a href=\"https:\/\/www.rodilux.md\/?p=199\" data-animation=\"animated fadeIn normal\" class=\"sc_button sc_button_square sc_button_style_default sc_button_size_small  sc_button_iconed icon-star\">PRODUSE DE \u00ceNGRIJIRE PROFESIONAL\u0102 <\/a>\n","protected":false},"featured_media":1008,"template":"","meta":[],"product_cat":[37,33],"product_tag":[110,287,138,286,40,111,38,109,108,39],"class_list":{"0":"post-293","1":"product","2":"type-product","3":"status-publish","4":"has-post-thumbnail","6":"product_cat-basics","7":"product_cat-face-teraphy","8":"product_tag-balance","9":"product_tag-decongestionare","10":"product_tag-detox","11":"product_tag-detoxifiere","12":"product_tag-natural","13":"product_tag-neutralizator","14":"product_tag-organic","15":"product_tag-peeling-chimic","16":"product_tag-rubber","17":"product_tag-skincare","18":"product_shipping_class-europe","20":"first","21":"instock","22":"shipping-taxable","23":"product-type-simple"},"_links":{"self":[{"href":"https:\/\/www.rodilux.md\/index.php?rest_route=\/wp\/v2\/product\/293","targetHints":{"allow":["GET"]}}],"collection":[{"href":"https:\/\/www.rodilux.md\/index.php?rest_route=\/wp\/v2\/product"}],"about":[{"href":"https:\/\/www.rodilux.md\/index.php?rest_route=\/wp\/v2\/types\/product"}],"wp:featuredmedia":[{"embeddable":true,"href":"https:\/\/www.rodilux.md\/index.php?rest_route=\/wp\/v2\/media\/1008"}],"wp:attachment":[{"href":"https:\/\/www.rodilux.md\/index.php?rest_route=%2Fwp%2Fv2%2Fmedia&parent=293"}],"wp:term":[{"taxonomy":"product_cat","embeddable":true,"href":"https:\/\/www.rodilux.md\/index.php?rest_route=%2Fwp%2Fv2%2Fproduct_cat&post=293"},{"taxonomy":"product_tag","embeddable":true,"href":"https:\/\/www.rodilux.md\/index.php?rest_route=%2Fwp%2Fv2%2Fproduct_tag&post=293"}],"curies":[{"name":"wp","href":"https:\/\/api.w.org\/{rel}","templated":true}]}}