{"id":292,"date":"2016-08-12T13:34:01","date_gmt":"2016-08-12T13:34:01","guid":{"rendered":"https:\/\/www.rodilux.md\/?post_type=product&#038;p=292"},"modified":"2022-05-10T08:15:29","modified_gmt":"2022-05-10T08:15:29","slug":"phyto-pigments-satin-lip-cream","status":"publish","type":"product","link":"https:\/\/www.rodilux.md\/?product=phyto-pigments-satin-lip-cream","title":{"rendered":"RADIANCE PEEL \/ PEELING CE RED\u0102 STR\u0102LUCIRE \u0218I LUMINOZITATE"},"content":{"rendered":"<p><strong>50 ml\/100 ml<\/strong><\/p>\n<p>Peeling cu enzime \u0219i acizi. Combina\u021bia inovativ\u0103 dintre enzime \u0219i acizi contribuie la cur\u0103\u021barea \u00een profunzime a pielii, din interior, precum \u0219i la netezirea tenului. De asemenea, \u00eei red\u0103 str\u0103lucire \u0219i luminozitate. Este perfect pentru toate tipurile de piele, inclusiv pentru cele mai sensibile, care se congestioneaz\u0103 rapid, predispuse la formarea comedoanelor. Miroase a mango, caise coapte \u0219i este fin\u0103 la atingere. Dup\u0103 aplicare, pielea cap\u0103t\u0103 un aspect de \u201ebaby face\u201d.<\/p>\n<p><strong>Mod de aplicare:<\/strong><\/p>\n<p>Radiance Peel este un peeling care se aplic\u0103 seara, dup\u0103 demachiere, f\u0103r\u0103 a fi necesar\u0103 sp\u0103larea fe\u021bei. Ini\u021bial, este recomandat\u0103 administrarea Radiance Peel zilnic, timp de o lun\u0103, ulterior, o dat\u0103 pe s\u0103pt\u0103m\u00e2n\u0103. Speciali\u0219tii vor profita de acest produs pentru peeling \u00een procedura de detoxifiere. De asemenea, faciliteaz\u0103 masajul miofascial sau oricare alt masaj facial \u0219i ajut\u0103 la sculptarea contururilor fe\u021bei.<\/p>\n<p><strong>Substan\u021be active: <\/strong><\/p>\n<p>Enzime de drojdie, unt de shea, squalene, vitamina E, vitamina C, sare de l\u0103m\u00e2ie, glicerin\u0103 vegetal\u0103.<\/p>\n","protected":false},"excerpt":{"rendered":"<a href=\"https:\/\/www.rodilux.md\/?p=199\" data-animation=\"animated fadeIn normal\" class=\"sc_button sc_button_square sc_button_style_default sc_button_size_small  sc_button_iconed icon-star\">PRODUSE DE \u00ceNGRIJIRE PROFESIONAL\u0102 <\/a>\n","protected":false},"featured_media":1017,"template":"","meta":[],"product_cat":[37,33],"product_tag":[42,287,138,286,41,40,38,107,113,39],"class_list":{"0":"post-292","1":"product","2":"type-product","3":"status-publish","4":"has-post-thumbnail","6":"product_cat-basics","7":"product_cat-face-teraphy","8":"product_tag-beauty","9":"product_tag-decongestionare","10":"product_tag-detox","11":"product_tag-detoxifiere","12":"product_tag-face","13":"product_tag-natural","14":"product_tag-organic","15":"product_tag-peeling","16":"product_tag-radiance","17":"product_tag-skincare","18":"product_shipping_class-world","20":"first","21":"instock","22":"shipping-taxable","23":"product-type-simple"},"_links":{"self":[{"href":"https:\/\/www.rodilux.md\/index.php?rest_route=\/wp\/v2\/product\/292","targetHints":{"allow":["GET"]}}],"collection":[{"href":"https:\/\/www.rodilux.md\/index.php?rest_route=\/wp\/v2\/product"}],"about":[{"href":"https:\/\/www.rodilux.md\/index.php?rest_route=\/wp\/v2\/types\/product"}],"wp:featuredmedia":[{"embeddable":true,"href":"https:\/\/www.rodilux.md\/index.php?rest_route=\/wp\/v2\/media\/1017"}],"wp:attachment":[{"href":"https:\/\/www.rodilux.md\/index.php?rest_route=%2Fwp%2Fv2%2Fmedia&parent=292"}],"wp:term":[{"taxonomy":"product_cat","embeddable":true,"href":"https:\/\/www.rodilux.md\/index.php?rest_route=%2Fwp%2Fv2%2Fproduct_cat&post=292"},{"taxonomy":"product_tag","embeddable":true,"href":"https:\/\/www.rodilux.md\/index.php?rest_route=%2Fwp%2Fv2%2Fproduct_tag&post=292"}],"curies":[{"name":"wp","href":"https:\/\/api.w.org\/{rel}","templated":true}]}}