{"id":291,"date":"2016-08-12T13:33:59","date_gmt":"2016-08-12T13:33:59","guid":{"rendered":"https:\/\/www.rodilux.md\/?post_type=product&#038;p=291"},"modified":"2022-05-10T08:16:00","modified_gmt":"2022-05-10T08:16:00","slug":"phyto-pigments-ultra-natural-mascara","status":"publish","type":"product","link":"https:\/\/www.rodilux.md\/?product=phyto-pigments-ultra-natural-mascara","title":{"rendered":"MASSAGE OIL \/ ULEI PENTRU MASAJ"},"content":{"rendered":"<p><strong>1000 ml<\/strong><\/p>\n<p>Ulei pentru masaj bogat \u00een substan\u021be active, cu \u00eenalt\u0103 putere de penetrare. \u00cenmoaie pielea, stimuleaz\u0103 circula\u021bia s\u00e2ngelui, calmeaz\u0103, \u00eendep\u0103rteaz\u0103 celulele moarte, are efect antiinflamator \u0219i miros foarte pl\u0103cut.<\/p>\n<p>Restructureaz\u0103 mantia hidrolipidic\u0103, cre\u00e2nd un strat de protec\u021bie \u00eempotriva factorilor agresivi, radicalilor liberi din mediul \u00eenconjur\u0103tor. Hidrateaz\u0103, nu este gras, este ideal pentru tenurile iritate \u0219i sensibile.<\/p>\n<p><strong>Substan\u021be active: <\/strong><\/p>\n<p>Trigliceride de acid caprilic ob\u021binut din ulei de cocos, ulei de jojoba, susan, extras de enotera, aur \u0219i vitaminele C \u0219i E.<\/p>\n","protected":false},"excerpt":{"rendered":"<a href=\"https:\/\/www.rodilux.md\/?p=199\" data-animation=\"animated fadeIn normal\" class=\"sc_button sc_button_square sc_button_style_default sc_button_size_small\">PRODUSE DE \u00ceNGRIJIRE PROFESIONAL\u0102 <\/a>\n","protected":false},"featured_media":1019,"template":"","meta":[],"product_cat":[37,32],"product_tag":[287,138,286,114,40,45,38,39,115],"class_list":{"0":"post-291","1":"product","2":"type-product","3":"status-publish","4":"has-post-thumbnail","6":"product_cat-basics","7":"product_cat-body-care","8":"product_tag-decongestionare","9":"product_tag-detox","10":"product_tag-detoxifiere","11":"product_tag-massage","12":"product_tag-natural","13":"product_tag-oil-control","14":"product_tag-organic","15":"product_tag-skincare","16":"product_tag-ulei","17":"product_shipping_class-america","19":"first","20":"instock","21":"shipping-taxable","22":"product-type-simple"},"_links":{"self":[{"href":"https:\/\/www.rodilux.md\/index.php?rest_route=\/wp\/v2\/product\/291","targetHints":{"allow":["GET"]}}],"collection":[{"href":"https:\/\/www.rodilux.md\/index.php?rest_route=\/wp\/v2\/product"}],"about":[{"href":"https:\/\/www.rodilux.md\/index.php?rest_route=\/wp\/v2\/types\/product"}],"wp:featuredmedia":[{"embeddable":true,"href":"https:\/\/www.rodilux.md\/index.php?rest_route=\/wp\/v2\/media\/1019"}],"wp:attachment":[{"href":"https:\/\/www.rodilux.md\/index.php?rest_route=%2Fwp%2Fv2%2Fmedia&parent=291"}],"wp:term":[{"taxonomy":"product_cat","embeddable":true,"href":"https:\/\/www.rodilux.md\/index.php?rest_route=%2Fwp%2Fv2%2Fproduct_cat&post=291"},{"taxonomy":"product_tag","embeddable":true,"href":"https:\/\/www.rodilux.md\/index.php?rest_route=%2Fwp%2Fv2%2Fproduct_tag&post=291"}],"curies":[{"name":"wp","href":"https:\/\/api.w.org\/{rel}","templated":true}]}}