{"id":290,"date":"2016-08-12T13:33:57","date_gmt":"2016-08-12T13:33:57","guid":{"rendered":"https:\/\/www.rodilux.md\/?post_type=product&#038;p=290"},"modified":"2022-05-10T08:17:14","modified_gmt":"2022-05-10T08:17:14","slug":"living-nature-sensitive-cleanser","status":"publish","type":"product","link":"https:\/\/www.rodilux.md\/?product=living-nature-sensitive-cleanser","title":{"rendered":"ACTIVATE GEL\/ GEL ACTIV"},"content":{"rendered":"<p><strong>50 ml \/100 ml<\/strong><\/p>\n<p>Gel cu un con\u021binut mare de substan\u021be active, care regleaz\u0103 \u0219i echilibreaz\u0103 glanda sebacee. Este indicat pentru tenul gras, combinat, piele cu acnee, cu pori dilata\u021bi \u0219i dermatite. Este un antioxidant puternic. Conurile de hamei, salvia \u0219i iedera ajut\u0103 la calmarea pielii \u0219i la stoparea infec\u021biilor.<\/p>\n<p><strong>Mod de aplicare: <\/strong><\/p>\n<p>\u00cen centrele de medicin\u0103 estetic\u0103, gelul se aplic\u0103 dup\u0103 procedura de cur\u0103\u021bare a pielii. Acest produs faciliteaz\u0103 masajul miofascial. De asemenea, poate fi utilizat \u00een terapia cu microcuren\u021bi pentru restabilirea elasticit\u0103\u021bii \u0219i fermit\u0103\u021bii pielii, precum \u0219i pentru ionoforeza &#8211; procedur\u0103 care trateaz\u0103 transpira\u021bia \u00een exces.<\/p>\n<p>Activate Gel poate fi utilizat \u0219i acas\u0103, seara, dup\u0103 demachiere, cu scopul de a cur\u0103\u021ba \u0219i a echilibra func\u021bia glandelor sebacee. Nu se \u00eendep\u0103rteaz\u0103. Diminea\u021ba, pe piele se aplic\u0103 BASICS Toner. Este contraindicat \u00een cazul dermatitelor agresive.<\/p>\n<p><strong>Substan\u021be active:<\/strong><\/p>\n<p>Acid lactic, salicilic, hamamelis, extract de g\u0103lbenele, ulei de salvie, mu\u0219e\u021bel, valerian\u0103, coada-\u0219oarecelui, ieder\u0103, conuri de hamei, roini\u021b\u0103, fenicul, sov\u00e2rf.<\/p>\n","protected":false},"excerpt":{"rendered":"<a href=\"https:\/\/www.rodilux.md\/?p=198\" data-animation=\"animated fadeIn normal\" class=\"sc_button sc_button_square sc_button_style_default sc_button_size_small  sc_button_iconed icon-star\">PRODUSE DE \u00ceNGRIJIRE ACAS\u0102 <\/a>\n","protected":false},"featured_media":1156,"template":"","meta":[],"product_cat":[35,33],"product_tag":[42,287,138,286,120,40,38,39],"class_list":{"0":"post-290","1":"product","2":"type-product","3":"status-publish","4":"has-post-thumbnail","6":"product_cat-balanced","7":"product_cat-face-teraphy","8":"product_tag-beauty","9":"product_tag-decongestionare","10":"product_tag-detox","11":"product_tag-detoxifiere","12":"product_tag-gel-activ","13":"product_tag-natural","14":"product_tag-organic","15":"product_tag-skincare","16":"product_shipping_class-europe","18":"first","19":"outofstock","20":"shipping-taxable","21":"product-type-simple"},"_links":{"self":[{"href":"https:\/\/www.rodilux.md\/index.php?rest_route=\/wp\/v2\/product\/290","targetHints":{"allow":["GET"]}}],"collection":[{"href":"https:\/\/www.rodilux.md\/index.php?rest_route=\/wp\/v2\/product"}],"about":[{"href":"https:\/\/www.rodilux.md\/index.php?rest_route=\/wp\/v2\/types\/product"}],"wp:featuredmedia":[{"embeddable":true,"href":"https:\/\/www.rodilux.md\/index.php?rest_route=\/wp\/v2\/media\/1156"}],"wp:attachment":[{"href":"https:\/\/www.rodilux.md\/index.php?rest_route=%2Fwp%2Fv2%2Fmedia&parent=290"}],"wp:term":[{"taxonomy":"product_cat","embeddable":true,"href":"https:\/\/www.rodilux.md\/index.php?rest_route=%2Fwp%2Fv2%2Fproduct_cat&post=290"},{"taxonomy":"product_tag","embeddable":true,"href":"https:\/\/www.rodilux.md\/index.php?rest_route=%2Fwp%2Fv2%2Fproduct_tag&post=290"}],"curies":[{"name":"wp","href":"https:\/\/api.w.org\/{rel}","templated":true}]}}