{"id":288,"date":"2016-08-12T13:33:54","date_gmt":"2016-08-12T13:33:54","guid":{"rendered":"https:\/\/www.rodilux.md\/?post_type=product&#038;p=288"},"modified":"2022-01-09T18:16:39","modified_gmt":"2022-01-09T18:16:39","slug":"blemish-clearing-powder","status":"publish","type":"product","link":"https:\/\/www.rodilux.md\/?product=blemish-clearing-powder","title":{"rendered":"REGENERATIV FLUID\/SER REGENERATIV"},"content":{"rendered":"<p><strong>50 ml\/100 ml<\/strong><\/p>\n<p>Ser u\u0219or care contribuie la regenerarea tuturor straturilor epidermei, de jos \u00een sus. Hidrateaz\u0103 intens, reabiliteaz\u0103 pielea dup\u0103 procedurile invazive \u0219i o calmeaz\u0103 rapid. Atenueaz\u0103\u00a0 ridurile, reduce porii dilata\u021bi, previne cicatricile postacneice,\u00a0 lupt\u0103 \u00eempotriva striilor &#8211; leziuni ale pielii cu aspect liniar.<\/p>\n<p>Regenerativ Fluid e de ne\u00eenlocuit dup\u0103 procedurile injectabile (mezoterapie, terapie de contur). De asemenea, serul este potrivit \u00een terapia cu ultrasunete, cu microcuren\u021bi \u0219i pentru ionoforeza &#8211; procedur\u0103 care trateaz\u0103 transpira\u021bia \u00een exces.<\/p>\n<p><strong>Mod de aplicare: <\/strong><\/p>\n<p>Se aplic\u0103 diminea\u021ba\/seara \u00eenainte de crema potrivit\u0103 pentru ten. La saloanele de \u00eenfrumuse\u021bare, serul este utilizat dup\u0103 cur\u0103\u021barea, detoxifierea \u0219i procedurile invazive.<\/p>\n<p><strong>Substan\u021be active:<\/strong><\/p>\n<p>Glicozaminoglicani, bisabolol, glucoz\u0103, suc de castravete, ap\u0103 \u0219i extract de hamamelis, sov\u00e2rf, mu\u0219e\u021bel, castan, coada-calului, mu\u0219e\u021bel.<\/p>\n","protected":false},"excerpt":{"rendered":"<a href=\"https:\/\/www.rodilux.md\/?p=198\" data-animation=\"animated fadeIn normal\" class=\"sc_button sc_button_square sc_button_style_default sc_button_size_small  sc_button_iconed icon-star\">PRODUSE DE \u00ceNGRIJIRE ACAS\u0102 <\/a>\n","protected":false},"featured_media":1162,"template":"","meta":[],"product_cat":[35,33],"product_tag":[110,40,38,122,39],"class_list":{"0":"post-288","1":"product","2":"type-product","3":"status-publish","4":"has-post-thumbnail","6":"product_cat-balanced","7":"product_cat-face-teraphy","8":"product_tag-balance","9":"product_tag-natural","10":"product_tag-organic","11":"product_tag-ser-regenerativ","12":"product_tag-skincare","13":"product_shipping_class-america","15":"first","16":"outofstock","17":"shipping-taxable","18":"product-type-simple"},"_links":{"self":[{"href":"https:\/\/www.rodilux.md\/index.php?rest_route=\/wp\/v2\/product\/288","targetHints":{"allow":["GET"]}}],"collection":[{"href":"https:\/\/www.rodilux.md\/index.php?rest_route=\/wp\/v2\/product"}],"about":[{"href":"https:\/\/www.rodilux.md\/index.php?rest_route=\/wp\/v2\/types\/product"}],"wp:featuredmedia":[{"embeddable":true,"href":"https:\/\/www.rodilux.md\/index.php?rest_route=\/wp\/v2\/media\/1162"}],"wp:attachment":[{"href":"https:\/\/www.rodilux.md\/index.php?rest_route=%2Fwp%2Fv2%2Fmedia&parent=288"}],"wp:term":[{"taxonomy":"product_cat","embeddable":true,"href":"https:\/\/www.rodilux.md\/index.php?rest_route=%2Fwp%2Fv2%2Fproduct_cat&post=288"},{"taxonomy":"product_tag","embeddable":true,"href":"https:\/\/www.rodilux.md\/index.php?rest_route=%2Fwp%2Fv2%2Fproduct_tag&post=288"}],"curies":[{"name":"wp","href":"https:\/\/api.w.org\/{rel}","templated":true}]}}