{"id":287,"date":"2016-08-12T13:33:51","date_gmt":"2016-08-12T13:33:51","guid":{"rendered":"https:\/\/www.rodilux.md\/?post_type=product&#038;p=287"},"modified":"2022-01-10T20:50:22","modified_gmt":"2022-01-10T20:50:22","slug":"devita-solar-body-moisturizer-spf-30","status":"publish","type":"product","link":"https:\/\/www.rodilux.md\/?product=devita-solar-body-moisturizer-spf-30","title":{"rendered":"DAY CREAM\/CREM\u0102 DE ZI SPF 12"},"content":{"rendered":"<p><strong>50 ml\/100 ml<\/strong><\/p>\n<p>Crem\u0103 conceput\u0103 pentru \u00eengrijirea zilnic\u0103 a pielii, foarte hidratant\u0103, ideal\u0103 pentru toate tipurile de ten, \u00een special pentru cele grase \u0219i combinate. Dup\u0103 aplicare, pielea r\u0103m\u00e2ne f\u0103r\u0103 luciul inestetic al tenului gras. Este pl\u0103cut\u0103 la atingere, miroase bine, este moale \u0219i volatil\u0103.<\/p>\n<p>Protejeaz\u0103 epiderma de ac\u021biunea factorilor nocivi, regleaz\u0103 secre\u021bia glandelor sebacee, calmeaz\u0103 \u0219i hidrateaz\u0103. Prim\u0103vara-vara, \u00a0la Day Cream, apeleaz\u0103 pacien\u021bii de toate v\u00e2rstele, care au nevoie de o crem\u0103 cu textur\u0103 u\u0219oar\u0103, non-comedogenic &#8211; care previne apari\u021bia leziunilor de acnee sau agravarea celor deja existente.<\/p>\n<p><strong>Mod de aplicare: <\/strong><\/p>\n<p>Se aplic\u0103 diminea\u021ba, pe tenul curat.<\/p>\n<p>\u00cen centrele de medicin\u0103 estetic\u0103, aceast\u0103 crem\u0103 este folosit\u0103 pentru finalizarea procedurilor de detoxifiere, cur\u0103\u021bare.<\/p>\n<p><strong>Substan\u021be active:<\/strong><\/p>\n<p>Ulei din germeni de gr\u00e2u, ieder\u0103, g\u0103lbenele, arnic\u0103, suc de castravete, glucoz\u0103, fenicul, extract de migdale dulci, flori de lime \u0219i acid lactic.<\/p>\n","protected":false},"excerpt":{"rendered":"<a href=\"https:\/\/www.rodilux.md\/?p=198\" data-animation=\"animated fadeIn normal\" class=\"sc_button sc_button_square sc_button_style_default sc_button_size_small  sc_button_iconed icon-star\">PRODUSE DE \u00ceNGRIJIRE ACAS\u0102 <\/a>\n","protected":false},"featured_media":1163,"template":"","meta":[],"product_cat":[35,33],"product_tag":[126,125,123,40,38,39,124],"class_list":{"0":"post-287","1":"product","2":"type-product","3":"status-publish","4":"has-post-thumbnail","6":"product_cat-balanced","7":"product_cat-face-teraphy","8":"product_tag-balanced-face","9":"product_tag-crema-de-zi","10":"product_tag-day-cream","11":"product_tag-natural","12":"product_tag-organic","13":"product_tag-skincare","14":"product_tag-spf12","15":"product_shipping_class-europe","17":"first","18":"outofstock","19":"shipping-taxable","20":"product-type-simple"},"_links":{"self":[{"href":"https:\/\/www.rodilux.md\/index.php?rest_route=\/wp\/v2\/product\/287","targetHints":{"allow":["GET"]}}],"collection":[{"href":"https:\/\/www.rodilux.md\/index.php?rest_route=\/wp\/v2\/product"}],"about":[{"href":"https:\/\/www.rodilux.md\/index.php?rest_route=\/wp\/v2\/types\/product"}],"wp:featuredmedia":[{"embeddable":true,"href":"https:\/\/www.rodilux.md\/index.php?rest_route=\/wp\/v2\/media\/1163"}],"wp:attachment":[{"href":"https:\/\/www.rodilux.md\/index.php?rest_route=%2Fwp%2Fv2%2Fmedia&parent=287"}],"wp:term":[{"taxonomy":"product_cat","embeddable":true,"href":"https:\/\/www.rodilux.md\/index.php?rest_route=%2Fwp%2Fv2%2Fproduct_cat&post=287"},{"taxonomy":"product_tag","embeddable":true,"href":"https:\/\/www.rodilux.md\/index.php?rest_route=%2Fwp%2Fv2%2Fproduct_tag&post=287"}],"curies":[{"name":"wp","href":"https:\/\/api.w.org\/{rel}","templated":true}]}}