{"id":2015,"date":"2022-04-14T14:29:17","date_gmt":"2022-04-14T14:29:17","guid":{"rendered":"https:\/\/www.rodilux.md\/?post_type=product&#038;p=2015"},"modified":"2022-04-14T14:30:40","modified_gmt":"2022-04-14T14:30:40","slug":"concealer-fluid-corector-anti-imbatranire-spf-30","status":"publish","type":"product","link":"https:\/\/www.rodilux.md\/?product=concealer-fluid-corector-anti-imbatranire-spf-30","title":{"rendered":"CONCEALER FLUID \/ CORECTOR ANTI-\u00ceMB\u0102TR\u00c2NIRE SPF 30"},"content":{"rendered":"<div class=\"wp-block-media-text alignwide is-stacked-on-mobile\">\n<div class=\"wp-block-media-text__content\">\n<h6 id=\"clear-light-dark-transparent-deschis-intunecat\">CLEAR\/LIGHT\/DARK\/TRANSPARENT\/DESCHIS\/\u00ceNTUNECAT<\/h6>\n<p><strong>30 ml<\/strong><\/p>\n<p>\u00cembin\u0103 trei produse \u00eentr-o crem\u0103 de protec\u021bie solar\u0103, cu efect anti-\u00eemb\u0103tr\u00e2nire. Este fin\u0103 la atingere, se aplic\u0103 u\u0219or, uniformizeaz\u0103 culoarea tenului, reduce ridurile, protejeaz\u0103 pielea de razele d\u0103un\u0103toare ale soarelui.<\/p>\n<p>Sunt disponibile trei nuan\u021be de culoare (Clear\/Light\/Dark):<\/p>\n<ul>\n<li>Transparent \u2013 pentru fototipul de piele (1 \u0219i 2);<\/li>\n<li>Deschis \u2013 pentru fototipul de piele (2 \u0219i 3);<\/li>\n<li>\u00cenchis \u2013 pentru fototipul de piele (3 \u0219i 5).<\/li>\n<\/ul>\n<p>Crema Concealer Fluid con\u021bine un complex format din 10 componen\u021bi hidratan\u021bi naturali (Hydroviton\u00ae 24), care hidrateaz\u0103 intens pielea, timp de 24 de ore. De asemenea, are \u00een compozi\u021bie proteine vegetale naturale (Vegeseryl\u2122), bogat\u0103 \u00een izoflavonoizi, cu ac\u021biune asem\u0103n\u0103toare estrogenilor. Protejeaz\u0103 mantia hidrolipidic\u0103 a pielii, fortific\u0103 elasticitatea, stimuleaz\u0103 fibroblastele ca s\u0103 produc\u0103 colagen.<\/p>\n<p><strong>Mod de \u00eentrebuin\u021bare:<\/strong><\/p>\n<p>Se recomand\u0103 alegerea corectorului \u00een func\u021bie de fototipul de piele. Se aplic\u0103 diminea\u021ba, dup\u0103 produsele de \u00eengrijire de la FR~HAUT. \u00cen Centrele de medicin\u0103 estetic\u0103, corectorul este aplicat dup\u0103 procedurile de \u00eenfrumuse\u021bare, drept o ultim\u0103 etap\u0103 pentru un ten impecabil.<\/p>\n<p><strong>Substan\u021be active:<\/strong><\/p>\n<p>Filtre \u00eempotriva razelor UVA\/UVB, Hydroviton\u00ae 24, acid hialuronic, Vegeseryl\u2122, proteine de soia, perogen, Pentavitin\u00ae, vitamina E.<\/p>\n<\/div>\n<\/div>\n","protected":false},"excerpt":{"rendered":"<a href=\"https:\/\/www.rodilux.md\/?p=73\" data-animation=\"animated fadeIn normal\" class=\"sc_button sc_button_square sc_button_style_default sc_button_size_small  sc_button_iconed icon-star\">PRODUSE DE \u00ceNGRIJIRE ACAS\u0102 <\/a>\n","protected":false},"featured_media":2016,"template":"","meta":[],"product_cat":[82,33],"product_tag":[282,40,38,39,278],"class_list":{"0":"post-2015","1":"product","2":"type-product","3":"status-publish","4":"has-post-thumbnail","6":"product_cat-sun-touch","7":"product_cat-face-teraphy","8":"product_tag-concealer-fluid","9":"product_tag-natural","10":"product_tag-organic","11":"product_tag-skincare","12":"product_tag-sun-touch","13":"product_shipping_class-america","15":"first","16":"outofstock","17":"shipping-taxable","18":"product-type-simple"},"_links":{"self":[{"href":"https:\/\/www.rodilux.md\/index.php?rest_route=\/wp\/v2\/product\/2015","targetHints":{"allow":["GET"]}}],"collection":[{"href":"https:\/\/www.rodilux.md\/index.php?rest_route=\/wp\/v2\/product"}],"about":[{"href":"https:\/\/www.rodilux.md\/index.php?rest_route=\/wp\/v2\/types\/product"}],"wp:featuredmedia":[{"embeddable":true,"href":"https:\/\/www.rodilux.md\/index.php?rest_route=\/wp\/v2\/media\/2016"}],"wp:attachment":[{"href":"https:\/\/www.rodilux.md\/index.php?rest_route=%2Fwp%2Fv2%2Fmedia&parent=2015"}],"wp:term":[{"taxonomy":"product_cat","embeddable":true,"href":"https:\/\/www.rodilux.md\/index.php?rest_route=%2Fwp%2Fv2%2Fproduct_cat&post=2015"},{"taxonomy":"product_tag","embeddable":true,"href":"https:\/\/www.rodilux.md\/index.php?rest_route=%2Fwp%2Fv2%2Fproduct_tag&post=2015"}],"curies":[{"name":"wp","href":"https:\/\/api.w.org\/{rel}","templated":true}]}}