{"id":2013,"date":"2022-04-14T14:27:58","date_gmt":"2022-04-14T14:27:58","guid":{"rendered":"https:\/\/www.rodilux.md\/?post_type=product&#038;p=2013"},"modified":"2022-04-14T14:28:48","modified_gmt":"2022-04-14T14:28:48","slug":"restorer-lotiune-calmanta-pentru-corp","status":"publish","type":"product","link":"https:\/\/www.rodilux.md\/?product=restorer-lotiune-calmanta-pentru-corp","title":{"rendered":"RESTORER\/LO\u021aIUNE CALMANT\u0102 PENTRU CORP"},"content":{"rendered":"<div class=\"wp-block-media-text alignwide is-stacked-on-mobile\">\n<div class=\"wp-block-media-text__content\">\n<p><strong>200 ml<\/strong><\/p>\n<p>Lo\u021biune de corp cu textur\u0103 u\u0219oar\u0103 \u0219i absorb\u021bie foarte rapid\u0103. Calmeaz\u0103, hidrateaz\u0103 \u0219i regenereaz\u0103 pielea \u00een urma expunerii la soare, raze UVA sau alte proceduri agresive cum ar fi: fotoepilare, cavita\u021bie, insola\u021bie. Este potrivit\u0103 pentru pielea deshidratat\u0103, sensibil\u0103, datorit\u0103 con\u021binutului ridicat de ingrediente cu efect hidratant, calmant \u0219i de regenerare.<\/p>\n<p><strong>Mod de \u00eentrebuin\u021bare:<\/strong><\/p>\n<p>Se aplic\u0103 pe piele, dup\u0103 insola\u021bie sau alte proceduri agresive. Lo\u021biunea de corp Restorer poate fi utilizat\u0103 pe tot parcursul anului.<\/p>\n<p><strong>Substan\u021be active:<\/strong><\/p>\n<p>Acid hialuronic, ulei din semin\u021be de struguri, ulei de migdale dulci, ulei din germeni de gr\u00e2u, vitamina C, riboflavin\u0103, (vitamina B2), vitamina C. Filtre \u00eempotriva razelor UVA\/UVB, tirozinaz\u0103, ulei din semin\u021be de morcov, aloe vera, beta-caroten, pantenol.<\/p>\n<\/div>\n<\/div>\n","protected":false},"excerpt":{"rendered":"<a href=\"https:\/\/www.rodilux.md\/?p=73\" data-animation=\"animated fadeIn normal\" class=\"sc_button sc_button_square sc_button_style_default sc_button_size_small  sc_button_iconed icon-star\">PRODUSE DE \u00ceNGRIJIRE ACAS\u0102 <\/a>\n","protected":false},"featured_media":2014,"template":"","meta":[],"product_cat":[82,33],"product_tag":[40,38,281,39,278],"class_list":{"0":"post-2013","1":"product","2":"type-product","3":"status-publish","4":"has-post-thumbnail","6":"product_cat-sun-touch","7":"product_cat-face-teraphy","8":"product_tag-natural","9":"product_tag-organic","10":"product_tag-restorer","11":"product_tag-skincare","12":"product_tag-sun-touch","13":"product_shipping_class-america","15":"first","16":"outofstock","17":"shipping-taxable","18":"product-type-simple"},"_links":{"self":[{"href":"https:\/\/www.rodilux.md\/index.php?rest_route=\/wp\/v2\/product\/2013","targetHints":{"allow":["GET"]}}],"collection":[{"href":"https:\/\/www.rodilux.md\/index.php?rest_route=\/wp\/v2\/product"}],"about":[{"href":"https:\/\/www.rodilux.md\/index.php?rest_route=\/wp\/v2\/types\/product"}],"wp:featuredmedia":[{"embeddable":true,"href":"https:\/\/www.rodilux.md\/index.php?rest_route=\/wp\/v2\/media\/2014"}],"wp:attachment":[{"href":"https:\/\/www.rodilux.md\/index.php?rest_route=%2Fwp%2Fv2%2Fmedia&parent=2013"}],"wp:term":[{"taxonomy":"product_cat","embeddable":true,"href":"https:\/\/www.rodilux.md\/index.php?rest_route=%2Fwp%2Fv2%2Fproduct_cat&post=2013"},{"taxonomy":"product_tag","embeddable":true,"href":"https:\/\/www.rodilux.md\/index.php?rest_route=%2Fwp%2Fv2%2Fproduct_tag&post=2013"}],"curies":[{"name":"wp","href":"https:\/\/api.w.org\/{rel}","templated":true}]}}