{"id":2011,"date":"2022-04-14T14:26:31","date_gmt":"2022-04-14T14:26:31","guid":{"rendered":"https:\/\/www.rodilux.md\/?post_type=product&#038;p=2011"},"modified":"2022-04-14T14:27:41","modified_gmt":"2022-04-14T14:27:41","slug":"high-protection-crema-pentru-corp-spf-50","status":"publish","type":"product","link":"https:\/\/www.rodilux.md\/?product=high-protection-crema-pentru-corp-spf-50","title":{"rendered":"HIGH PROTECTION\/CREM\u0102 PENTRU CORP SPF 50"},"content":{"rendered":"<p><strong>200 ml<\/strong><\/p>\n<p>Crem\u0103 cu protec\u021bie solar\u0103, pentru ten gras, cu factor \u00eenalt de protec\u021bie. Este indicat\u0103 pentru fototipurile de piele 1, 2 \u0219i 3. Bogat\u0103 \u00een beta-caroten, con\u021bine filtrele de tip UVA\/UVB. Ajut\u0103 pielea s\u0103 ob\u021bin\u0103 un bronz frumos, auriu \u0219i uniform. Aloe vera \u0219i uleiurile din compozi\u021bie men\u021bin pielea umed\u0103.<\/p>\n<p><strong>Mod de \u00eentrebuin\u021bare:<\/strong><\/p>\n<p>Se aplic\u0103 pe piele cu 20 de minute \u00eenainte de bronz. Aplicarea repetat\u0103 -peste 2,5 ore.<\/p>\n<p><strong>Substan\u021be active:<\/strong><\/p>\n<p>Acid hialuronic, ulei din semin\u021be de struguri, ulei de migdale dulci, ulei din germeni de gr\u00e2u, filtre \u00eempotriva razelor UVA\/UVB, tirozinaz\u0103, vitaminele C, riboflavin\u0103 (vitamina B2), ulei din semin\u021be de morcov, aloe vera, beta-caroten, pantenol.<\/p>\n","protected":false},"excerpt":{"rendered":"<a href=\"https:\/\/www.rodilux.md\/?p=73\" data-animation=\"animated fadeIn normal\" class=\"sc_button sc_button_square sc_button_style_default sc_button_size_small  sc_button_iconed icon-star\">PRODUSE DE \u00ceNGRIJIRE ACAS\u0102 <\/a>\n","protected":false},"featured_media":2012,"template":"","meta":[],"product_cat":[82,33],"product_tag":[280,40,38,39,278],"class_list":{"0":"post-2011","1":"product","2":"type-product","3":"status-publish","4":"has-post-thumbnail","6":"product_cat-sun-touch","7":"product_cat-face-teraphy","8":"product_tag-high-protection","9":"product_tag-natural","10":"product_tag-organic","11":"product_tag-skincare","12":"product_tag-sun-touch","13":"product_shipping_class-america","15":"first","16":"outofstock","17":"shipping-taxable","18":"product-type-simple"},"_links":{"self":[{"href":"https:\/\/www.rodilux.md\/index.php?rest_route=\/wp\/v2\/product\/2011","targetHints":{"allow":["GET"]}}],"collection":[{"href":"https:\/\/www.rodilux.md\/index.php?rest_route=\/wp\/v2\/product"}],"about":[{"href":"https:\/\/www.rodilux.md\/index.php?rest_route=\/wp\/v2\/types\/product"}],"wp:featuredmedia":[{"embeddable":true,"href":"https:\/\/www.rodilux.md\/index.php?rest_route=\/wp\/v2\/media\/2012"}],"wp:attachment":[{"href":"https:\/\/www.rodilux.md\/index.php?rest_route=%2Fwp%2Fv2%2Fmedia&parent=2011"}],"wp:term":[{"taxonomy":"product_cat","embeddable":true,"href":"https:\/\/www.rodilux.md\/index.php?rest_route=%2Fwp%2Fv2%2Fproduct_cat&post=2011"},{"taxonomy":"product_tag","embeddable":true,"href":"https:\/\/www.rodilux.md\/index.php?rest_route=%2Fwp%2Fv2%2Fproduct_tag&post=2011"}],"curies":[{"name":"wp","href":"https:\/\/api.w.org\/{rel}","templated":true}]}}