{"id":2009,"date":"2022-04-14T14:24:11","date_gmt":"2022-04-14T14:24:11","guid":{"rendered":"https:\/\/www.rodilux.md\/?post_type=product&#038;p=2009"},"modified":"2022-04-14T14:26:12","modified_gmt":"2022-04-14T14:26:12","slug":"crystal-lotion-spf50-spray-pentry-corp-spf-50","status":"publish","type":"product","link":"https:\/\/www.rodilux.md\/?product=crystal-lotion-spf50-spray-pentry-corp-spf-50","title":{"rendered":"CRYSTAL LOTION SPF50\/SPRAY PENTRY CORP SPF 50"},"content":{"rendered":"<p><strong>200 ml<\/strong><\/p>\n<p>Spray cu protec\u021bie solar\u0103. Datorit\u0103 compozi\u021biei sale unice \u0219i a factorilor de protec\u021bie de ultim\u0103 genera\u021bie, este aliatul perfect pentru toate tipurile de piele, mai ales cele sensibile. Are efect antioxidant, anti-\u00eemb\u0103tr\u00e2nire \u0219i protejeaz\u0103 pielea de radicalii liberi. Con\u021bine vitamina E. Are o structur\u0103 u\u0219oar\u0103 \u0219i transparent\u0103. Sistemul de pulverizare permite aplicarea optim\u0103 \u0219i \u00een mod uniform. Este rezistent la apa s\u0103rat\u0103 \u0219i transpira\u021bie. Este ideal pentru cei care vor s\u0103 combine protec\u021bia cu bronzul intens, men\u021bin\u00e2nd s\u0103n\u0103tatea pielii, \u00eenainte de toate. Nu con\u021bine parabeni, uleiuri minerale.<\/p>\n<p><strong>Mod de \u00eentrebuin\u021bare:<\/strong><\/p>\n<p>Se pulverizeaz\u0103 pe piele, cu 20 de minute \u00eenainte de b\u0103ile de soare. Aplicarea repetat\u0103 \u2013 peste 2,5 ore.<\/p>\n<p><strong>Substan\u021be active:<\/strong><\/p>\n<p>Filtre \u00eempotriva razelor de tip UVA\/UVB, tirozinaz\u0103, vitamina E, acid hialuronic, pantenol.<\/p>\n","protected":false},"excerpt":{"rendered":"<a href=\"https:\/\/www.rodilux.md\/?p=73\" data-animation=\"animated fadeIn normal\" class=\"sc_button sc_button_square sc_button_style_default sc_button_size_small  sc_button_iconed icon-star\">PRODUSE DE \u00ceNGRIJIRE ACAS\u0102 <\/a>\n","protected":false},"featured_media":2010,"template":"","meta":[],"product_cat":[82,33],"product_tag":[279,40,38,39,278],"class_list":{"0":"post-2009","1":"product","2":"type-product","3":"status-publish","4":"has-post-thumbnail","6":"product_cat-sun-touch","7":"product_cat-face-teraphy","8":"product_tag-crystal-lotion","9":"product_tag-natural","10":"product_tag-organic","11":"product_tag-skincare","12":"product_tag-sun-touch","13":"product_shipping_class-america","15":"first","16":"outofstock","17":"shipping-taxable","18":"product-type-simple"},"_links":{"self":[{"href":"https:\/\/www.rodilux.md\/index.php?rest_route=\/wp\/v2\/product\/2009","targetHints":{"allow":["GET"]}}],"collection":[{"href":"https:\/\/www.rodilux.md\/index.php?rest_route=\/wp\/v2\/product"}],"about":[{"href":"https:\/\/www.rodilux.md\/index.php?rest_route=\/wp\/v2\/types\/product"}],"wp:featuredmedia":[{"embeddable":true,"href":"https:\/\/www.rodilux.md\/index.php?rest_route=\/wp\/v2\/media\/2010"}],"wp:attachment":[{"href":"https:\/\/www.rodilux.md\/index.php?rest_route=%2Fwp%2Fv2%2Fmedia&parent=2009"}],"wp:term":[{"taxonomy":"product_cat","embeddable":true,"href":"https:\/\/www.rodilux.md\/index.php?rest_route=%2Fwp%2Fv2%2Fproduct_cat&post=2009"},{"taxonomy":"product_tag","embeddable":true,"href":"https:\/\/www.rodilux.md\/index.php?rest_route=%2Fwp%2Fv2%2Fproduct_tag&post=2009"}],"curies":[{"name":"wp","href":"https:\/\/api.w.org\/{rel}","templated":true}]}}