{"id":2004,"date":"2022-04-14T14:18:44","date_gmt":"2022-04-14T14:18:44","guid":{"rendered":"https:\/\/www.rodilux.md\/?post_type=product&#038;p=2004"},"modified":"2022-04-14T14:19:45","modified_gmt":"2022-04-14T14:19:45","slug":"pure-flash-lift","status":"publish","type":"product","link":"https:\/\/www.rodilux.md\/?product=pure-flash-lift","title":{"rendered":"PURE FLASH LIFT"},"content":{"rendered":"<p><strong>7\u00d72 ml\/20\u00d72 ml<\/strong><\/p>\n<p>Concentrat exclusiv, realizat din cele mai inovatoare peptide create \u00een laboratoare cu renume, specializate \u00een regenerare epidermic\u0103. Se combin\u0103 cu toate procedurile \u0219i produsele FR~HAUT.<\/p>\n<p><strong>Propriet\u0103\u021bi:<\/strong><\/p>\n<ul>\n<li>Restructureaz\u0103, ofer\u0103 fermitate pielii, are efect de lifting;<\/li>\n<li>Previne formarea radicalilor liberi;<\/li>\n<li>Reface stratul de acid hialuronic;<\/li>\n<li>Are efect de botox.<\/li>\n<\/ul>\n<p><strong>Recomandat pentru tipurile de ten:<\/strong><\/p>\n<ul>\n<li>Ten matur<\/li>\n<li>Ten deshidratat<\/li>\n<li>Piele atonic\u0103<\/li>\n<\/ul>\n","protected":false},"excerpt":{"rendered":"<a href=\"https:\/\/www.rodilux.md\/?p=188\" data-animation=\"animated fadeIn normal\" class=\"sc_button sc_button_square sc_button_style_default sc_button_size_small  sc_button_iconed icon-star\">PRODUSE DE \u00ceNGRIJIRE PROFESIONAL\u0102 <\/a>\n","protected":false},"featured_media":2005,"template":"","meta":[],"product_cat":[81,33],"product_tag":[276,40,38,273,39],"class_list":{"0":"post-2004","1":"product","2":"type-product","3":"status-publish","4":"has-post-thumbnail","6":"product_cat-pure","7":"product_cat-face-teraphy","8":"product_tag-flash-lift","9":"product_tag-natural","10":"product_tag-organic","11":"product_tag-pure","12":"product_tag-skincare","13":"product_shipping_class-america","15":"first","16":"outofstock","17":"shipping-taxable","18":"product-type-simple"},"_links":{"self":[{"href":"https:\/\/www.rodilux.md\/index.php?rest_route=\/wp\/v2\/product\/2004","targetHints":{"allow":["GET"]}}],"collection":[{"href":"https:\/\/www.rodilux.md\/index.php?rest_route=\/wp\/v2\/product"}],"about":[{"href":"https:\/\/www.rodilux.md\/index.php?rest_route=\/wp\/v2\/types\/product"}],"wp:featuredmedia":[{"embeddable":true,"href":"https:\/\/www.rodilux.md\/index.php?rest_route=\/wp\/v2\/media\/2005"}],"wp:attachment":[{"href":"https:\/\/www.rodilux.md\/index.php?rest_route=%2Fwp%2Fv2%2Fmedia&parent=2004"}],"wp:term":[{"taxonomy":"product_cat","embeddable":true,"href":"https:\/\/www.rodilux.md\/index.php?rest_route=%2Fwp%2Fv2%2Fproduct_cat&post=2004"},{"taxonomy":"product_tag","embeddable":true,"href":"https:\/\/www.rodilux.md\/index.php?rest_route=%2Fwp%2Fv2%2Fproduct_tag&post=2004"}],"curies":[{"name":"wp","href":"https:\/\/api.w.org\/{rel}","templated":true}]}}