{"id":2002,"date":"2022-04-14T14:05:50","date_gmt":"2022-04-14T14:05:50","guid":{"rendered":"https:\/\/www.rodilux.md\/?post_type=product&#038;p=2002"},"modified":"2022-04-14T14:18:26","modified_gmt":"2022-04-14T14:18:26","slug":"pure-3d-moist","status":"publish","type":"product","link":"https:\/\/www.rodilux.md\/?product=pure-3d-moist","title":{"rendered":"PURE 3D MOIST"},"content":{"rendered":"<p><strong>7\u00d72 ml\/20\u00d72 ml<\/strong><\/p>\n<p>Concentrat ce con\u021bine ingrediente cu rol hidratant, cu efect imediat \u0219i eficient. Umple ridurile mici, lumineaz\u0103 pielea.<\/p>\n<p><strong>Propriet\u0103\u021bi:<\/strong><\/p>\n<ul>\n<li>Restabile\u0219te hidrobalan\u021ba tuturor straturilor pielii \u0219i o men\u021bine;<\/li>\n<li>Genereaz\u0103 poten\u021bialul regenerativ al pielii;<\/li>\n<li>Are un efect asem\u0103n\u0103tor cu procedura de biorevitalizare cu acid hialuronic \u00een piele;<\/li>\n<\/ul>\n<p><strong>Recomandat pentru tipurile de ten:<\/strong><\/p>\n<ul>\n<li>Deshidratat<\/li>\n<li>Uscat<\/li>\n<li>Piele sub\u021bire<\/li>\n<li>Piele deteriorat\u0103 din cauza deregl\u0103rilor hormonale, exogene.<\/li>\n<\/ul>\n","protected":false},"excerpt":{"rendered":"<a href=\"https:\/\/www.rodilux.md\/?p=188\" data-animation=\"animated fadeIn normal\" class=\"sc_button sc_button_square sc_button_style_default sc_button_size_small  sc_button_iconed icon-star\">PRODUSE DE \u00ceNGRIJIRE PROFESIONAL\u0102 <\/a>\n","protected":false},"featured_media":2003,"template":"","meta":[],"product_cat":[81,33],"product_tag":[275,40,38,273,39],"class_list":{"0":"post-2002","1":"product","2":"type-product","3":"status-publish","4":"has-post-thumbnail","6":"product_cat-pure","7":"product_cat-face-teraphy","8":"product_tag-3d-moist","9":"product_tag-natural","10":"product_tag-organic","11":"product_tag-pure","12":"product_tag-skincare","13":"product_shipping_class-america","15":"first","16":"outofstock","17":"shipping-taxable","18":"product-type-simple"},"_links":{"self":[{"href":"https:\/\/www.rodilux.md\/index.php?rest_route=\/wp\/v2\/product\/2002","targetHints":{"allow":["GET"]}}],"collection":[{"href":"https:\/\/www.rodilux.md\/index.php?rest_route=\/wp\/v2\/product"}],"about":[{"href":"https:\/\/www.rodilux.md\/index.php?rest_route=\/wp\/v2\/types\/product"}],"wp:featuredmedia":[{"embeddable":true,"href":"https:\/\/www.rodilux.md\/index.php?rest_route=\/wp\/v2\/media\/2003"}],"wp:attachment":[{"href":"https:\/\/www.rodilux.md\/index.php?rest_route=%2Fwp%2Fv2%2Fmedia&parent=2002"}],"wp:term":[{"taxonomy":"product_cat","embeddable":true,"href":"https:\/\/www.rodilux.md\/index.php?rest_route=%2Fwp%2Fv2%2Fproduct_cat&post=2002"},{"taxonomy":"product_tag","embeddable":true,"href":"https:\/\/www.rodilux.md\/index.php?rest_route=%2Fwp%2Fv2%2Fproduct_tag&post=2002"}],"curies":[{"name":"wp","href":"https:\/\/api.w.org\/{rel}","templated":true}]}}