{"id":2000,"date":"2022-04-14T14:01:32","date_gmt":"2022-04-14T14:01:32","guid":{"rendered":"https:\/\/www.rodilux.md\/?post_type=product&#038;p=2000"},"modified":"2022-04-14T14:03:24","modified_gmt":"2022-04-14T14:03:24","slug":"pure-urban-detox","status":"publish","type":"product","link":"https:\/\/www.rodilux.md\/?product=pure-urban-detox","title":{"rendered":"PURE URBAN DETOX"},"content":{"rendered":"<p><strong>37\u00d72 ml\/20\u00d72 ml<\/strong><\/p>\n<p>Dac\u0103 mediul urban ne polueaz\u0103 zilnic tenul, Pure Urban Detox este solu\u021bia perfect\u0103 pentru a detoxifica \u0219i \u00eent\u0103ri imunitatea. Antioxidant. Se combin\u0103 perfect cu Black Mask din gama O-elements, OxygenO2, \u0219.a.m.d.<\/p>\n<p><strong>Propriet\u0103\u021bi:<\/strong><\/p>\n<p>Normalizeaz\u0103 pH-ul pielii, echilibreaz\u0103 mantia hidrolipidic\u0103. Detoxifiant puternic, normalizeaz\u0103 respira\u021bia celular\u0103. Cur\u0103\u021b\u0103 pielea. O protejeaz\u0103 de ac\u021biunea factorilor nocivi exogeni. Consolideaz\u0103 sistemul imunitar al pielii.<\/p>\n<p><strong>Recomandat pentru tipurile de ten: de ten:<\/strong><\/p>\n<ul>\n<li>Pielea care sufer\u0103 de cuperoz\u0103<\/li>\n<li>Pielea deteriorat\u0103<\/li>\n<li>Pielea fum\u0103torilor<\/li>\n<\/ul>\n","protected":false},"excerpt":{"rendered":"<a href=\"https:\/\/www.rodilux.md\/?p=188\" data-animation=\"animated fadeIn normal\" class=\"sc_button sc_button_square sc_button_style_default sc_button_size_small  sc_button_iconed icon-star\">PRODUSE DE \u00ceNGRIJIRE PROFESIONAL\u0102 <\/a>\n","protected":false},"featured_media":2001,"template":"","meta":[],"product_cat":[81,33],"product_tag":[40,38,273,39,274],"class_list":{"0":"post-2000","1":"product","2":"type-product","3":"status-publish","4":"has-post-thumbnail","6":"product_cat-pure","7":"product_cat-face-teraphy","8":"product_tag-natural","9":"product_tag-organic","10":"product_tag-pure","11":"product_tag-skincare","12":"product_tag-urban-detox","13":"product_shipping_class-america","15":"first","16":"outofstock","17":"shipping-taxable","18":"product-type-simple"},"_links":{"self":[{"href":"https:\/\/www.rodilux.md\/index.php?rest_route=\/wp\/v2\/product\/2000","targetHints":{"allow":["GET"]}}],"collection":[{"href":"https:\/\/www.rodilux.md\/index.php?rest_route=\/wp\/v2\/product"}],"about":[{"href":"https:\/\/www.rodilux.md\/index.php?rest_route=\/wp\/v2\/types\/product"}],"wp:featuredmedia":[{"embeddable":true,"href":"https:\/\/www.rodilux.md\/index.php?rest_route=\/wp\/v2\/media\/2001"}],"wp:attachment":[{"href":"https:\/\/www.rodilux.md\/index.php?rest_route=%2Fwp%2Fv2%2Fmedia&parent=2000"}],"wp:term":[{"taxonomy":"product_cat","embeddable":true,"href":"https:\/\/www.rodilux.md\/index.php?rest_route=%2Fwp%2Fv2%2Fproduct_cat&post=2000"},{"taxonomy":"product_tag","embeddable":true,"href":"https:\/\/www.rodilux.md\/index.php?rest_route=%2Fwp%2Fv2%2Fproduct_tag&post=2000"}],"curies":[{"name":"wp","href":"https:\/\/api.w.org\/{rel}","templated":true}]}}