{"id":1995,"date":"2022-04-14T13:52:42","date_gmt":"2022-04-14T13:52:42","guid":{"rendered":"https:\/\/www.rodilux.md\/?post_type=product&#038;p=1995"},"modified":"2022-04-14T13:55:07","modified_gmt":"2022-04-14T13:55:07","slug":"pro-acid-problematic-skin","status":"publish","type":"product","link":"https:\/\/www.rodilux.md\/?product=pro-acid-problematic-skin","title":{"rendered":"PRO-ACID PROBLEMATIC SKIN"},"content":{"rendered":"<p><strong>5\u00d74 ml pH: 2,1<\/strong><\/p>\n<p>Este un cocktail format din:<\/p>\n<ol type=\"1\">\n<li><strong>Alfa hidroxi acizi (acidul azelaic)<\/strong>\u00a0\u2013 cereale, fulgi de cereale;<\/li>\n<li><strong>Beta hidroxi acizi: (acidul salicilic)<\/strong>\u00a0\u2013 scoar\u021b\u0103\u00a0 de salcie alb\u0103.<\/li>\n<\/ol>\n<p>Solu\u021bioneaz\u0103 problemele pielii problematice:<\/p>\n<ul>\n<li>Efect bactericid \u0219i antiinflamator \u2013 (bacteriile aerobe \u0219i anaerobe);<\/li>\n<li>Regleaz\u0103 func\u021bia glandelor sebacee, constr\u00e2nge porii dilata\u021bi;<\/li>\n<li>Previne proliferarea fungilor \u2013 (efect asemenea ac\u021biunii penicilinei);<\/li>\n<li>Depigmenteaz\u0103 \u2013 (inhib\u0103 tirozinaza, acidul azelaic controleaz\u0103 producerea spontan\u0103 a melaninei);<\/li>\n<li>Constr\u00e2nge porii dilata\u021bi (non-comedogene);<\/li>\n<li>Efect puternic cheratolitic (previne cheratinizarea folicular\u0103);<\/li>\n<li>Lifting.<\/li>\n<\/ul>\n<p>Pro-Acid Problematic Skin este indicat pieilor cu acnee, seboree, hipercheratoz\u0103 \u0219i pori dilata\u021bi.<\/p>\n<p><strong>Substan\u021be active:<\/strong><\/p>\n<p>Alfa hidroxi acizi \u2013 acid azelaic 14% (din cereale). Beta hidroxi acizi \u2013 acid salicilic 2% (din scoar\u021b\u0103 de salcie alb\u0103)<\/p>\n","protected":false},"excerpt":{"rendered":"<a href=\"https:\/\/www.rodilux.md\/?p=189\" data-animation=\"animated fadeIn normal\" class=\"sc_button sc_button_square sc_button_style_default sc_button_size_small  sc_button_iconed icon-star\">PRODUSE DE \u00ceNGRIJIRE PROFESIONAL\u0102 <\/a>\n","protected":false},"featured_media":1996,"template":"","meta":[],"product_cat":[80,33],"product_tag":[40,38,270,271,266,39],"class_list":{"0":"post-1995","1":"product","2":"type-product","3":"status-publish","4":"has-post-thumbnail","6":"product_cat-pro-acid","7":"product_cat-face-teraphy","8":"product_tag-natural","9":"product_tag-organic","10":"product_tag-pro-acid","11":"product_tag-problematic-skin","12":"product_tag-retinol","13":"product_tag-skincare","14":"product_shipping_class-america","16":"first","17":"outofstock","18":"shipping-taxable","19":"product-type-simple"},"_links":{"self":[{"href":"https:\/\/www.rodilux.md\/index.php?rest_route=\/wp\/v2\/product\/1995","targetHints":{"allow":["GET"]}}],"collection":[{"href":"https:\/\/www.rodilux.md\/index.php?rest_route=\/wp\/v2\/product"}],"about":[{"href":"https:\/\/www.rodilux.md\/index.php?rest_route=\/wp\/v2\/types\/product"}],"wp:featuredmedia":[{"embeddable":true,"href":"https:\/\/www.rodilux.md\/index.php?rest_route=\/wp\/v2\/media\/1996"}],"wp:attachment":[{"href":"https:\/\/www.rodilux.md\/index.php?rest_route=%2Fwp%2Fv2%2Fmedia&parent=1995"}],"wp:term":[{"taxonomy":"product_cat","embeddable":true,"href":"https:\/\/www.rodilux.md\/index.php?rest_route=%2Fwp%2Fv2%2Fproduct_cat&post=1995"},{"taxonomy":"product_tag","embeddable":true,"href":"https:\/\/www.rodilux.md\/index.php?rest_route=%2Fwp%2Fv2%2Fproduct_tag&post=1995"}],"curies":[{"name":"wp","href":"https:\/\/api.w.org\/{rel}","templated":true}]}}