{"id":1992,"date":"2022-04-14T13:46:50","date_gmt":"2022-04-14T13:46:50","guid":{"rendered":"https:\/\/www.rodilux.md\/?post_type=product&#038;p=1992"},"modified":"2022-04-14T13:49:19","modified_gmt":"2022-04-14T13:49:19","slug":"alpha-treatment-tratament-alpha","status":"publish","type":"product","link":"https:\/\/www.rodilux.md\/?product=alpha-treatment-tratament-alpha","title":{"rendered":"ALPHA TREATMENT\/TRATAMENT ALPHA"},"content":{"rendered":"\r\n<p>Kit de tratament ce con\u021bine o combina\u021bie excelent\u0103 de alfa \u0219i beta hidroxi acizi, pentru a exfolia profund pielea \u0219i a stimula accelerarea renov\u0103rii celulare. Alpha Treatment este un peeling extrem de eficient, sub form\u0103 de crem\u0103.<\/p>\r\n\r\n\r\n\r\n<p class=\"has-large-font-size\">\u00a0<\/p>\r\n\r\n<p>&nbsp;<\/p>\r\n<!-- \/wp:post-content -->\r\n\r\n<!-- wp:separator {\"className\":\"is-style-default\"} --><hr class=\"wp-block-separator is-style-default\" \/><!-- \/wp:separator -->\r\n\r\n<!-- wp:heading {\"textAlign\":\"center\",\"level\":3} -->\r\n<h3 id=\"kit-ul-include\" class=\"has-text-align-center\"><strong>KIT-ul include:<\/strong><\/h3>\r\n<!-- \/wp:heading -->\r\n\r\n<!-- wp:separator {\"className\":\"is-style-default\"} --><hr class=\"wp-block-separator is-style-default\" \/><!-- \/wp:separator -->\r\n\r\n<!-- wp:columns -->\r\n<div class=\"wp-block-columns\"><!-- wp:column -->\r\n<div class=\"wp-block-column\"><!-- wp:heading {\"textAlign\":\"center\",\"level\":4} -->\r\n<h4 id=\"cocktail-peeling-cu-alfa-\u0219i-beta-hidrozi-acizi\" class=\"has-text-align-center\"><strong>COCKTAIL\/PEELING CU ALFA \u0218I BETA HIDROZI ACIZI<\/strong><\/h4>\r\n<!-- \/wp:heading -->\r\n\r\n<!-- wp:paragraph -->\r\n<p><strong>6 ml<\/strong><\/p>\r\n<!-- \/wp:paragraph -->\r\n\r\n<!-- wp:paragraph -->\r\n<p>Cocktail de acizi, care p\u0103trund ad\u00e2nc \u00een piele, cu agen\u021bi emolien\u021bi, lini\u0219titori, hidratan\u021bi \u0219i protectori.<\/p>\r\n<!-- \/wp:paragraph -->\r\n\r\n<!-- wp:paragraph -->\r\n<p>AHA 25%, PH 2,8<\/p>\r\n<!-- \/wp:paragraph -->\r\n\r\n<!-- wp:paragraph -->\r\n<p><strong>Substan\u021be active:<\/strong><\/p>\r\n<!-- \/wp:paragraph -->\r\n\r\n<!-- wp:paragraph -->\r\n<p>Acid glicolic, citric, lactic (din ro\u0219ii coapte), acid salicilic (coaj\u0103 de salcie alb\u0103), acid piruvic, ulei de jojoba, ulei de ricin, glicerin\u0103.<\/p>\r\n<!-- \/wp:paragraph --><\/div>\r\n<!-- \/wp:column -->\r\n\r\n<!-- wp:column -->\r\n<div class=\"wp-block-column\"><!-- wp:heading {\"textAlign\":\"center\",\"level\":4} -->\r\n<h4 id=\"neutralizer-neutralizator\" class=\"has-text-align-center\"><strong><strong>NEUTRALIZER\/NEUTRALIZATOR<\/strong><\/strong><\/h4>\r\n<!-- \/wp:heading -->\r\n\r\n<!-- wp:paragraph -->\r\n<p><strong>6 ml<\/strong><\/p>\r\n<!-- \/wp:paragraph -->\r\n\r\n<!-- wp:paragraph -->\r\n<p>Neutralizeaz\u0103 ac\u021biunea acizilor, calmeaz\u0103.<\/p>\r\n<!-- \/wp:paragraph -->\r\n\r\n<!-- wp:paragraph -->\r\n<p><strong>Substan\u021be active:<\/strong><\/p>\r\n<!-- \/wp:paragraph -->\r\n\r\n<!-- wp:paragraph -->\r\n<p>S\u0103ruri minerale, glucoz\u0103, manoz\u0103, acid glucuronic, pantenol.<\/p>\r\n<!-- \/wp:paragraph --><\/div>\r\n<!-- \/wp:column --><\/div>\r\n<!-- \/wp:columns -->\r\n\r\n<!-- wp:columns -->\r\n<div class=\"wp-block-columns\"><!-- wp:column -->\r\n<div class=\"wp-block-column\"><!-- wp:heading {\"textAlign\":\"center\",\"level\":4} -->\r\n<h4 id=\"calming-masca-cu-vitamine\" class=\"has-text-align-center\"><strong><strong>CALMING\/MASC\u0102 CU VITAMINE<\/strong><\/strong><\/h4>\r\n<!-- \/wp:heading -->\r\n\r\n<!-- wp:paragraph -->\r\n<p><strong>6 ml<\/strong><\/p>\r\n<!-- \/wp:paragraph -->\r\n\r\n<!-- wp:paragraph -->\r\n<p>Combina\u021bie de ingrediente cu efecte de regenerare, hidratare, echilibrare.<\/p>\r\n<!-- \/wp:paragraph -->\r\n\r\n<!-- wp:paragraph -->\r\n<p><strong>Substan\u021be active:<\/strong><\/p>\r\n<!-- \/wp:paragraph -->\r\n\r\n<!-- wp:paragraph -->\r\n<p>Retinol palmitat, tocoferol, extract de aloe vera, ulei din semin\u021be de floarea-soarelui, vitamina C, acid citric, acid hialuronic (Hy), acid linoleic, beta-caroten, lecitin\u0103.<\/p>\r\n<!-- \/wp:paragraph --><\/div>\r\n<!-- \/wp:column --><\/div>\r\n<!-- \/wp:columns -->\r\n\r\n<!-- wp:separator {\"className\":\"is-style-wide\"} --><hr class=\"wp-block-separator is-style-wide\" \/><!-- \/wp:separator -->","protected":false},"excerpt":{"rendered":"<a href=\"https:\/\/www.rodilux.md\/?p=191\" data-animation=\"animated fadeIn normal\" class=\"sc_button sc_button_square sc_button_style_default sc_button_size_small  sc_button_iconed icon-star\">PRODUSE DE \u00ceNGRIJIRE PROFESIONAL\u0102 <\/a>\n","protected":false},"featured_media":1993,"template":"","meta":[],"product_cat":[79,33],"product_tag":[269,40,38,266,39,228],"class_list":{"0":"post-1992","1":"product","2":"type-product","3":"status-publish","4":"has-post-thumbnail","6":"product_cat-alfa","7":"product_cat-face-teraphy","8":"product_tag-alpha","9":"product_tag-natural","10":"product_tag-organic","11":"product_tag-retinol","12":"product_tag-skincare","13":"product_tag-treatment","14":"product_shipping_class-america","16":"first","17":"outofstock","18":"shipping-taxable","19":"product-type-simple"},"_links":{"self":[{"href":"https:\/\/www.rodilux.md\/index.php?rest_route=\/wp\/v2\/product\/1992","targetHints":{"allow":["GET"]}}],"collection":[{"href":"https:\/\/www.rodilux.md\/index.php?rest_route=\/wp\/v2\/product"}],"about":[{"href":"https:\/\/www.rodilux.md\/index.php?rest_route=\/wp\/v2\/types\/product"}],"wp:featuredmedia":[{"embeddable":true,"href":"https:\/\/www.rodilux.md\/index.php?rest_route=\/wp\/v2\/media\/1993"}],"wp:attachment":[{"href":"https:\/\/www.rodilux.md\/index.php?rest_route=%2Fwp%2Fv2%2Fmedia&parent=1992"}],"wp:term":[{"taxonomy":"product_cat","embeddable":true,"href":"https:\/\/www.rodilux.md\/index.php?rest_route=%2Fwp%2Fv2%2Fproduct_cat&post=1992"},{"taxonomy":"product_tag","embeddable":true,"href":"https:\/\/www.rodilux.md\/index.php?rest_route=%2Fwp%2Fv2%2Fproduct_tag&post=1992"}],"curies":[{"name":"wp","href":"https:\/\/api.w.org\/{rel}","templated":true}]}}