{"id":1988,"date":"2022-04-14T13:39:40","date_gmt":"2022-04-14T13:39:40","guid":{"rendered":"https:\/\/www.rodilux.md\/?post_type=product&#038;p=1988"},"modified":"2022-04-14T13:43:30","modified_gmt":"2022-04-14T13:43:30","slug":"the-active-treatment-tratament","status":"publish","type":"product","link":"https:\/\/www.rodilux.md\/?product=the-active-treatment-tratament","title":{"rendered":"THE ACTIVE TREATMENT\/TRATAMENT"},"content":{"rendered":"\r\n<p>Kitul pentru tratament The Active este un de\u0219tept\u0103tor pentru piele, care activeaz\u0103 metabolismul celular \u0219i regenereaz\u0103 pielea care a avut de suferit \u00een urma factorilor agresivi.\u00a0 Efectul este imediat. Pielea \u00ee\u0219i recap\u0103t\u0103 tinere\u021bea, dispar ridurile, tenul radiaz\u0103 frumos.<\/p>\r\n\r\n\r\n<!-- \/wp:post-content -->\r\n\r\n<!-- wp:separator {\"className\":\"is-style-default\"} --><hr class=\"wp-block-separator is-style-default\" \/><!-- \/wp:separator -->\r\n\r\n<!-- wp:heading {\"textAlign\":\"center\",\"level\":3} -->\r\n<h3 id=\"kit-ul-include\" class=\"has-text-align-center\"><strong>KIT-ul include:<\/strong><\/h3>\r\n<!-- \/wp:heading -->\r\n\r\n<!-- wp:separator {\"className\":\"is-style-default\"} --><hr class=\"wp-block-separator is-style-default\" \/><!-- \/wp:separator -->\r\n\r\n<!-- wp:columns -->\r\n<div class=\"wp-block-columns\"><!-- wp:column -->\r\n<div class=\"wp-block-column\"><!-- wp:heading {\"textAlign\":\"center\",\"level\":4} -->\r\n<h4 id=\"peel-powder-peeling-pulbere\" class=\"has-text-align-center\"><strong>PEEL POWDER\/PEELING-PULBERE<\/strong><\/h4>\r\n<!-- \/wp:heading -->\r\n\r\n<!-- wp:paragraph --> <strong>3,5 g<\/strong> <!-- \/wp:paragraph -->\r\n\r\n<!-- wp:paragraph --> Pulbere din acid lactic \u0219i proteine din lapte, care ajut\u0103 la descuamarea straturilor superficiale ale epidermei. <!-- \/wp:paragraph -->\r\n\r\n<!-- wp:paragraph --> <strong>Substan\u021be active:<\/strong> <!-- \/wp:paragraph -->\r\n\r\n<!-- wp:paragraph --> Dioxid de titan, proteine din lapte, acid lactic. <!-- \/wp:paragraph --><\/div>\r\n<!-- \/wp:column -->\r\n\r\n<!-- wp:column -->\r\n<div class=\"wp-block-column\"><!-- wp:heading {\"textAlign\":\"center\",\"level\":4} -->\r\n<h4 id=\"peel-liquid-ser-peeling\" class=\"has-text-align-center\"><strong>PEEL LIQUID\/SER-PEELING<\/strong><\/h4>\r\n<!-- \/wp:heading -->\r\n\r\n<!-- wp:paragraph --> <strong>6 ml<\/strong> <!-- \/wp:paragraph -->\r\n\r\n<!-- wp:paragraph --> Lichid \u00eembog\u0103\u021bit cu acizi, care ac\u021bioneaz\u0103 \u00een echip\u0103 cu praful de peeling, activ\u00e2ndu-se reciproc \u00een timpul procesului de exfoliere, regenerare, albire, hidratare \u0219i catifelare a pielii. <!-- \/wp:paragraph -->\r\n\r\n<!-- wp:paragraph --> <strong>Substan\u021be active:<\/strong> <!-- \/wp:paragraph -->\r\n\r\n<!-- wp:paragraph --> Acid glicolic, acid citric, niacinamida, acid malic, tartric, enzime ale acidului de mere, ulei din miez de l\u0103m\u00e2ie, arnic\u0103, acid lactic, salicilic, uree, glucoz\u0103, piper de cayenne. <!-- \/wp:paragraph --><\/div>\r\n<!-- \/wp:column --><\/div>\r\n<!-- \/wp:columns -->\r\n\r\n<!-- wp:columns -->\r\n<div class=\"wp-block-columns\"><!-- wp:column -->\r\n<div class=\"wp-block-column\"><!-- wp:heading {\"textAlign\":\"center\",\"level\":4} -->\r\n<h4 id=\"concentrate-concentrat\" class=\"has-text-align-center\"><strong>CONCENTRATE\/CONCENTRAT<\/strong><\/h4>\r\n<!-- \/wp:heading -->\r\n\r\n<!-- wp:paragraph --> <strong>2 ml<\/strong> <!-- \/wp:paragraph -->\r\n\r\n<!-- wp:paragraph --> Ser bogat \u00een retinol \u00eencapsulat \u0219i componen\u021bi activi biotehnologici &#8211; Matrixyl\u00ae \u0219i Reforcyl\u00ae, precum \u0219i vitamine, care ajut\u0103 la regenerarea semnificativ\u0103 \u0219i \u00eembun\u0103t\u0103\u021birea func\u021biei metabolismului celular. <!-- \/wp:paragraph -->\r\n\r\n<!-- wp:paragraph --> <strong>Substan\u021be active:<\/strong> <!-- \/wp:paragraph -->\r\n\r\n<!-- wp:paragraph --> Retinol \u00eencapsulat, Matrixyl\u00ae \u0219i Reforcyl\u00ae, acid hialuronic, vitamina E, ulei de shea, pantenol, zaharoz\u0103, orez. <!-- \/wp:paragraph --><\/div>\r\n<!-- \/wp:column -->\r\n\r\n<!-- wp:column -->\r\n<div class=\"wp-block-column\"><!-- wp:heading {\"textAlign\":\"center\",\"level\":4} -->\r\n<h4 id=\"gummy-massage-crema-masca\" class=\"has-text-align-center\"><strong>GUMMY<\/strong> <strong>MASSAGE\/CREM\u0102-MASC\u0102<\/strong><\/h4>\r\n<!-- \/wp:heading -->\r\n\r\n<!-- wp:paragraph --> <strong>10 ml<\/strong> <!-- \/wp:paragraph -->\r\n\r\n<!-- wp:paragraph --> Crem\u0103-masc\u0103 bogat\u0103 \u00een vitamine \u0219i uleiuri, care hr\u0103nesc, regenereaz\u0103 \u0219i stimuleaz\u0103 producerea elastinei \u0219i colagenului. \u00cei asigur\u0103 pielii putere \u0219i structur\u0103. <!-- \/wp:paragraph -->\r\n\r\n<!-- wp:paragraph --> <strong>Substan\u021be active:<\/strong> <!-- \/wp:paragraph -->\r\n\r\n<!-- wp:paragraph --> Neodermyl\u00ae, ceai alb, serin\u0103, vitaminele A \u0219i E, ulei de jojoba, alantoin\u0103, acid lactic, cear\u0103 de albine, pantenol. <!-- \/wp:paragraph --><\/div>\r\n<!-- \/wp:column --><\/div>\r\n<!-- \/wp:columns -->\r\n\r\n<!-- wp:columns -->\r\n<div class=\"wp-block-columns\"><!-- wp:column -->\r\n<div class=\"wp-block-column\"><!-- wp:heading {\"textAlign\":\"center\",\"level\":4} -->\r\n<h4 id=\"concentrate-concentrat\" class=\"has-text-align-center\"><strong>FLASH MASK RADIANCE\/MASC\u0102 CU EFECT DE LUMINOZITATE<\/strong><\/h4>\r\n<!-- \/wp:heading -->\r\n\r\n<!-- wp:paragraph --> <strong>3&#215;19 gr<\/strong> <!-- \/wp:paragraph -->\r\n\r\n<!-- wp:paragraph --> Masc\u0103 de unic\u0103 folosin\u021b\u0103, \u00eembog\u0103\u021bit\u0103 cu vitaminele A, E, C. Regenereaz\u0103 \u0219i hidrateaz\u0103, datorit\u0103 acidului hialuronic \u0219i colagenului hidrolizat. Confer\u0103 volum \u021besuturilor, \u00eembun\u0103t\u0103\u021bindu-le structura. Masca mai con\u021bine un ingredient minune &#8211; Gatuline R, ob\u021binut din planta Acmella Oleracea (botox natural), care neteze\u0219te pielea \u0219i reduce ridurile. Ginkgo biloba, hamamelis \u0219i nalba din compozi\u021bie protejeaz\u0103 eficient pielea de deteriorare. <!-- \/wp:paragraph -->\r\n\r\n<!-- wp:paragraph --> <strong>Mod de aplicare:<\/strong> <!-- \/wp:paragraph -->\r\n\r\n<!-- wp:paragraph --> Este indicat\u0103 pentru revigorarea pielii cu evidente semne de \u00eemb\u0103tr\u00e2nire \u0219i pentru tenul matur. Masca reduce ridurile, hr\u0103ne\u0219te \u00een profunzime \u0219i hidrateaz\u0103 pielea. Este un remediu anti-\u00eemb\u0103tr\u00e2nire foarte eficient. Se aplic\u0103 \u00eenainte de machiaj \u0219i dup\u0103 tratamentele de \u00eenfrumuse\u021bare cu aparataj. Se utilizeaz\u0103 o dat\u0103 sau de dou\u0103 ori pe s\u0103pt\u0103m\u00e2n\u0103. Cura de tratament &#8211; o lun\u0103. <!-- \/wp:paragraph -->\r\n\r\n<!-- wp:paragraph --> Dup\u0103 demachiere, deschide\u021bi plicul care con\u021bine masca \u0219i aplica\u021bi-o pe fa\u021b\u0103. Apoi, masca se separ\u0103 de pelicul\u0103 \u0219i cu v\u00e2rfurile degetelor se a\u0219az\u0103 pe piele a\u0219a \u00eenc\u00e2t s\u0103 nu se formeze bule de aer. Timpul de ac\u021biune este de 20-25 de minute. Se \u00eenl\u0103tur\u0103 cu un \u0219erve\u021bel umed, apoi se aplic\u0103 o crem\u0103. <!-- \/wp:paragraph -->\r\n\r\n<!-- wp:paragraph --> <strong>\u00a0Substan\u021be active:<\/strong> <!-- \/wp:paragraph -->\r\n\r\n<!-- wp:paragraph --> Gatuline R, retinol \u00eencapsulat, colagen hidrolizat, elastin\u0103, acid hialuronic, nalb\u0103, conuri de hamei, aloe vera, hamamelis, bisabolol, cofein\u0103, vitaminele C, E, ginseng, fucus, ginkgo biloba. <!-- \/wp:paragraph --><\/div>\r\n<!-- \/wp:column --><\/div>\r\n<!-- \/wp:columns -->\r\n\r\n<!-- wp:separator {\"className\":\"is-style-wide\"} --><hr class=\"wp-block-separator is-style-wide\" \/>","protected":false},"excerpt":{"rendered":"<a href=\"https:\/\/www.rodilux.md\/?p=191\" data-animation=\"animated fadeIn normal\" class=\"sc_button sc_button_square sc_button_style_default sc_button_size_small  sc_button_iconed icon-star\">PRODUSE DE \u00ceNGRIJIRE PROFESIONAL\u0102 <\/a>\n","protected":false},"featured_media":1989,"template":"","meta":[],"product_cat":[78,33],"product_tag":[268,40,38,266,39,261],"class_list":{"0":"post-1988","1":"product","2":"type-product","3":"status-publish","4":"has-post-thumbnail","6":"product_cat-the-active","7":"product_cat-face-teraphy","8":"product_tag-flash-mask","9":"product_tag-natural","10":"product_tag-organic","11":"product_tag-retinol","12":"product_tag-skincare","13":"product_tag-the-active","14":"product_shipping_class-america","16":"first","17":"outofstock","18":"shipping-taxable","19":"product-type-simple"},"_links":{"self":[{"href":"https:\/\/www.rodilux.md\/index.php?rest_route=\/wp\/v2\/product\/1988","targetHints":{"allow":["GET"]}}],"collection":[{"href":"https:\/\/www.rodilux.md\/index.php?rest_route=\/wp\/v2\/product"}],"about":[{"href":"https:\/\/www.rodilux.md\/index.php?rest_route=\/wp\/v2\/types\/product"}],"wp:featuredmedia":[{"embeddable":true,"href":"https:\/\/www.rodilux.md\/index.php?rest_route=\/wp\/v2\/media\/1989"}],"wp:attachment":[{"href":"https:\/\/www.rodilux.md\/index.php?rest_route=%2Fwp%2Fv2%2Fmedia&parent=1988"}],"wp:term":[{"taxonomy":"product_cat","embeddable":true,"href":"https:\/\/www.rodilux.md\/index.php?rest_route=%2Fwp%2Fv2%2Fproduct_cat&post=1988"},{"taxonomy":"product_tag","embeddable":true,"href":"https:\/\/www.rodilux.md\/index.php?rest_route=%2Fwp%2Fv2%2Fproduct_tag&post=1988"}],"curies":[{"name":"wp","href":"https:\/\/api.w.org\/{rel}","templated":true}]}}