{"id":1986,"date":"2022-04-14T13:38:23","date_gmt":"2022-04-14T13:38:23","guid":{"rendered":"https:\/\/www.rodilux.md\/?post_type=product&#038;p=1986"},"modified":"2022-04-14T13:39:18","modified_gmt":"2022-04-14T13:39:18","slug":"flash-mask-radiance-masca-cu-efect-de-luminozitate","status":"publish","type":"product","link":"https:\/\/www.rodilux.md\/?product=flash-mask-radiance-masca-cu-efect-de-luminozitate","title":{"rendered":"FLASH MASK RADIANCE\/MASC\u0102 CU EFECT DE LUMINOZITATE"},"content":{"rendered":"<div class=\"wp-block-media-text alignwide is-stacked-on-mobile\">\n<div class=\"wp-block-media-text__content\">\n<div class=\"wp-block-media-text alignwide is-stacked-on-mobile\">\n<div class=\"wp-block-media-text__content\">\n<p><strong>3\u00d719 g<\/strong><\/p>\n<p>Masc\u0103 de unic\u0103 folosin\u021b\u0103, \u00eembog\u0103\u021bit\u0103 cu vitaminele A, E, C. Regenereaz\u0103 \u0219i hidrateaz\u0103, datorit\u0103 acidului hialuronic \u0219i colagenului hidrolizat. Confer\u0103 volum \u021besuturilor, \u00eembun\u0103t\u0103\u021bindu-le structura. Masca mai con\u021bine un ingredient minune \u2013 Gatuline R, ob\u021binut din planta Acmella Oleracea \u00a0(botox natural), care neteze\u0219te pielea \u0219i reduce ridurile. Ginkgo biloba, hamamelis \u0219i nalba din compozi\u021bie protejeaz\u0103 eficient pielea de deteriorare.<\/p>\n<p><strong>Mod de aplicare:<\/strong><\/p>\n<p>Este indicat\u0103 pentru revigorarea pielii cu evidente semne de \u00eemb\u0103tr\u00e2nire \u0219i pentru tenul matur. Masca reduce ridurile, hr\u0103ne\u0219te \u00een profunzime \u0219i hidrateaz\u0103 pielea. Este un remediu anti-\u00eemb\u0103tr\u00e2nire foarte eficient. Se aplic\u0103 \u00eenainte de machiaj \u0219i dup\u0103 tratamentele de \u00eenfrumuse\u021bare cu aparataj. Se utilizeaz\u0103 o dat\u0103 sau de dou\u0103 ori pe s\u0103pt\u0103m\u00e2n\u0103. Cura de tratament \u2013 o lun\u0103. Dup\u0103 demachiere, deschide\u021bi plicul care con\u021bine masca \u0219i aplica\u021bi-o pe fa\u021b\u0103. Apoi, masca se separ\u0103 de pelicul\u0103 \u0219i cu v\u00e2rfurile degetelor se a\u0219az\u0103 pe piele a\u0219a \u00eenc\u00e2t s\u0103 nu se formeze bule de aer. Timpul de ac\u021biune este de 20-25 de minute. Se \u00eenl\u0103tur\u0103 cu un \u0219erve\u021bel umed, apoi se aplic\u0103 o crem\u0103.<\/p>\n<p><strong>Substan\u021be active:<\/strong><\/p>\n<p>Gatuline R, retinol \u00eencapsulat, colagen hidrolizat, elastin\u0103, acid hialuronic, nalb\u0103, conuri de hamei, aloe vera, hamamelis, bisabolol, cofein\u0103, vitaminele C, E, ginseng, fucus, ginkgo biloba.<\/p>\n<\/div>\n<\/div>\n<\/div>\n<\/div>\n","protected":false},"excerpt":{"rendered":"<a href=\"https:\/\/www.rodilux.md\/?p=191\" data-animation=\"animated fadeIn normal\" class=\"sc_button sc_button_square sc_button_style_default sc_button_size_small  sc_button_iconed icon-star\">PRODUSE DE \u00ceNGRIJIRE PROFESIONAL\u0102 <\/a>\n","protected":false},"featured_media":1987,"template":"","meta":[],"product_cat":[78,33],"product_tag":[268,40,38,266,39,261],"class_list":{"0":"post-1986","1":"product","2":"type-product","3":"status-publish","4":"has-post-thumbnail","6":"product_cat-the-active","7":"product_cat-face-teraphy","8":"product_tag-flash-mask","9":"product_tag-natural","10":"product_tag-organic","11":"product_tag-retinol","12":"product_tag-skincare","13":"product_tag-the-active","14":"product_shipping_class-america","16":"first","17":"outofstock","18":"shipping-taxable","19":"product-type-simple"},"_links":{"self":[{"href":"https:\/\/www.rodilux.md\/index.php?rest_route=\/wp\/v2\/product\/1986","targetHints":{"allow":["GET"]}}],"collection":[{"href":"https:\/\/www.rodilux.md\/index.php?rest_route=\/wp\/v2\/product"}],"about":[{"href":"https:\/\/www.rodilux.md\/index.php?rest_route=\/wp\/v2\/types\/product"}],"wp:featuredmedia":[{"embeddable":true,"href":"https:\/\/www.rodilux.md\/index.php?rest_route=\/wp\/v2\/media\/1987"}],"wp:attachment":[{"href":"https:\/\/www.rodilux.md\/index.php?rest_route=%2Fwp%2Fv2%2Fmedia&parent=1986"}],"wp:term":[{"taxonomy":"product_cat","embeddable":true,"href":"https:\/\/www.rodilux.md\/index.php?rest_route=%2Fwp%2Fv2%2Fproduct_cat&post=1986"},{"taxonomy":"product_tag","embeddable":true,"href":"https:\/\/www.rodilux.md\/index.php?rest_route=%2Fwp%2Fv2%2Fproduct_tag&post=1986"}],"curies":[{"name":"wp","href":"https:\/\/api.w.org\/{rel}","templated":true}]}}