{"id":1982,"date":"2022-04-14T13:35:01","date_gmt":"2022-04-14T13:35:01","guid":{"rendered":"https:\/\/www.rodilux.md\/?post_type=product&#038;p=1982"},"modified":"2022-04-14T13:36:09","modified_gmt":"2022-04-14T13:36:09","slug":"reticure-concentrate-concentrat-cu-retinol","status":"publish","type":"product","link":"https:\/\/www.rodilux.md\/?product=reticure-concentrate-concentrat-cu-retinol","title":{"rendered":"RETICURE CONCENTRATE\/CONCENTRAT CU RETINOL"},"content":{"rendered":"<div class=\"wp-block-media-text alignwide is-stacked-on-mobile\">\n<div class=\"wp-block-media-text__content\">\n<p><strong>7\u00d72 ml, 20\u00d72 ml<\/strong><\/p>\n<p>Fiole cu un concentrat de substan\u021be active. Con\u021bin 19% de retinol nano capsule, care lupt\u0103 eficient cu ridurile, petele pigmentate, pielea uscat\u0103 \u0219i stimuleaz\u0103 metabolismul celular. Pe m\u0103sur\u0103 ce \u00eenaint\u0103m \u00een v\u00e2rst\u0103, pielea degradeaz\u0103. Reduce efectele stresului oxidativ. Ingredientul inovativ Matrixyl\u00ae 3000 transmite informa\u021bia ce restabile\u0219te rela\u021biile intercelulare deteriorate, renov\u00e2ndu-le. Reforcyl\u00ae \u00eent\u0103re\u0219te mantia hidrolipidic\u0103. \u00centr-un timp scurt, pielea devine str\u0103lucitoare, moale, elastic\u0103.<\/p>\n<p><strong>Mod de aplicare:<\/strong><\/p>\n<p>Se aplic\u0103 seara, dup\u0103 crema din gama de produse The Active. Pentru a ob\u021bine efectul curativ a\u0219teptat, concentratul se aplic\u0103 timp de 21 zile. \u00cen Centrele de medicin\u0103 estetic\u0103, fiolele se agit\u0103 \u0219i se aplic\u0103 dup\u0103 peeling, mas\u00e2nd u\u0219or. Pot fi utilizate prin intermediul procedurii de ionoforez\u0103. Sunt eficiente \u00een tratamentul pielii care sufer\u0103 de pigmenta\u021bii, riduri, discromii \u0219i pori dilata\u021bi.<\/p>\n<p><strong>Substan\u021be active:<\/strong><\/p>\n<p>Retinol \u00eencapsulat, Matrixyl\u00ae, Reforcyl\u00ae, acid hialuronic, vitamina E, ulei de shea, pantenol.<\/p>\n<\/div>\n<\/div>\n","protected":false},"excerpt":{"rendered":"<a href=\"https:\/\/www.rodilux.md\/?p=191\" data-animation=\"animated fadeIn normal\" class=\"sc_button sc_button_square sc_button_style_default sc_button_size_small  sc_button_iconed icon-star\">PRODUSE DE \u00ceNGRIJIRE ACAS\u0102 <\/a>\n","protected":false},"featured_media":1983,"template":"","meta":[],"product_cat":[78,33],"product_tag":[40,38,265,266,39,261],"class_list":{"0":"post-1982","1":"product","2":"type-product","3":"status-publish","4":"has-post-thumbnail","6":"product_cat-the-active","7":"product_cat-face-teraphy","8":"product_tag-natural","9":"product_tag-organic","10":"product_tag-reticure-concentrate","11":"product_tag-retinol","12":"product_tag-skincare","13":"product_tag-the-active","14":"product_shipping_class-america","16":"first","17":"outofstock","18":"shipping-taxable","19":"product-type-simple"},"_links":{"self":[{"href":"https:\/\/www.rodilux.md\/index.php?rest_route=\/wp\/v2\/product\/1982","targetHints":{"allow":["GET"]}}],"collection":[{"href":"https:\/\/www.rodilux.md\/index.php?rest_route=\/wp\/v2\/product"}],"about":[{"href":"https:\/\/www.rodilux.md\/index.php?rest_route=\/wp\/v2\/types\/product"}],"wp:featuredmedia":[{"embeddable":true,"href":"https:\/\/www.rodilux.md\/index.php?rest_route=\/wp\/v2\/media\/1983"}],"wp:attachment":[{"href":"https:\/\/www.rodilux.md\/index.php?rest_route=%2Fwp%2Fv2%2Fmedia&parent=1982"}],"wp:term":[{"taxonomy":"product_cat","embeddable":true,"href":"https:\/\/www.rodilux.md\/index.php?rest_route=%2Fwp%2Fv2%2Fproduct_cat&post=1982"},{"taxonomy":"product_tag","embeddable":true,"href":"https:\/\/www.rodilux.md\/index.php?rest_route=%2Fwp%2Fv2%2Fproduct_tag&post=1982"}],"curies":[{"name":"wp","href":"https:\/\/api.w.org\/{rel}","templated":true}]}}