{"id":1980,"date":"2022-04-14T13:33:19","date_gmt":"2022-04-14T13:33:19","guid":{"rendered":"https:\/\/www.rodilux.md\/?post_type=product&#038;p=1980"},"modified":"2022-04-14T13:34:41","modified_gmt":"2022-04-14T13:34:41","slug":"global-eye-cream-crema-cu-retinol-pentru-ochi","status":"publish","type":"product","link":"https:\/\/www.rodilux.md\/?product=global-eye-cream-crema-cu-retinol-pentru-ochi","title":{"rendered":"GLOBAL EYE CREAM\/CREM\u0102 CU RETINOL PENTRU OCHI"},"content":{"rendered":"<div class=\"wp-block-media-text alignwide is-stacked-on-mobile\">\n<div class=\"wp-block-media-text__content\">\n<p><strong>15\/30 ml<\/strong><\/p>\n<p>Crem\u0103 delicat\u0103 pentru conturul ochilor. Este \u00eembog\u0103\u021bit\u0103 cu retinol \u00eencapsulat, regenereaz\u0103 celulele, reduce ridurile \u0219i a liniilor fine.\u00a0<em>Eyeseryl<sup>\u00ae<\/sup><\/em>, \u00eempreun\u0103 cu bisabololul, minimalizeaz\u0103 pungile de sub ochi, atenueaz\u0103 cearc\u0103nele, ajut\u0103 la drenarea capilarelor \u0219i vaselor limfatice din jurul ochilor. \u00cen consecin\u021b\u0103, pielea devine revigorat\u0103, neted\u0103 \u0219i luminoas\u0103. Este indicat\u0103 pieilor sensibile \u0219i delicate. Nu irit\u0103 mucoasa ochiului.<\/p>\n<p><strong>Mod de aplicare:<\/strong><\/p>\n<p>Se aplic\u0103 diminea\u021ba\/seara, \u00een cantit\u0103\u021bi mici, cu v\u00e2rful degetelor, \u00een jurul ochilor.<\/p>\n<p><strong>Substan\u021be active:<\/strong><\/p>\n<p>Retinol \u00eencapsulat,\u00a0<em>Eyeseryl<sup>\u00ae<\/sup><\/em>, acid hialuronic, ulei din s\u00e2mburi de piersic, vitamina E, aloe vera, ulei de shea,\u00a0 pantenol, bisabolol.<\/p>\n<\/div>\n<\/div>\n","protected":false},"excerpt":{"rendered":"<a href=\"https:\/\/www.rodilux.md\/?p=191\" data-animation=\"animated fadeIn normal\" class=\"sc_button sc_button_square sc_button_style_default sc_button_size_small  sc_button_iconed icon-star\">PRODUSE DE \u00ceNGRIJIRE ACAS\u0102 <\/a>\n","protected":false},"featured_media":1981,"template":"","meta":[],"product_cat":[78,33],"product_tag":[156,40,38,39,261],"class_list":{"0":"post-1980","1":"product","2":"type-product","3":"status-publish","4":"has-post-thumbnail","6":"product_cat-the-active","7":"product_cat-face-teraphy","8":"product_tag-eye-cream","9":"product_tag-natural","10":"product_tag-organic","11":"product_tag-skincare","12":"product_tag-the-active","13":"product_shipping_class-america","15":"first","16":"outofstock","17":"shipping-taxable","18":"product-type-simple"},"_links":{"self":[{"href":"https:\/\/www.rodilux.md\/index.php?rest_route=\/wp\/v2\/product\/1980","targetHints":{"allow":["GET"]}}],"collection":[{"href":"https:\/\/www.rodilux.md\/index.php?rest_route=\/wp\/v2\/product"}],"about":[{"href":"https:\/\/www.rodilux.md\/index.php?rest_route=\/wp\/v2\/types\/product"}],"wp:featuredmedia":[{"embeddable":true,"href":"https:\/\/www.rodilux.md\/index.php?rest_route=\/wp\/v2\/media\/1981"}],"wp:attachment":[{"href":"https:\/\/www.rodilux.md\/index.php?rest_route=%2Fwp%2Fv2%2Fmedia&parent=1980"}],"wp:term":[{"taxonomy":"product_cat","embeddable":true,"href":"https:\/\/www.rodilux.md\/index.php?rest_route=%2Fwp%2Fv2%2Fproduct_cat&post=1980"},{"taxonomy":"product_tag","embeddable":true,"href":"https:\/\/www.rodilux.md\/index.php?rest_route=%2Fwp%2Fv2%2Fproduct_tag&post=1980"}],"curies":[{"name":"wp","href":"https:\/\/api.w.org\/{rel}","templated":true}]}}