{"id":1978,"date":"2022-04-14T13:32:06","date_gmt":"2022-04-14T13:32:06","guid":{"rendered":"https:\/\/www.rodilux.md\/?post_type=product&#038;p=1978"},"modified":"2022-04-14T13:32:57","modified_gmt":"2022-04-14T13:32:57","slug":"dream-cream-crema-intensiva-cu-retinol","status":"publish","type":"product","link":"https:\/\/www.rodilux.md\/?product=dream-cream-crema-intensiva-cu-retinol","title":{"rendered":"DREAM CREAM\/CREM\u0102 INTENSIV\u0102 CU RETINOL"},"content":{"rendered":"<div class=\"wp-block-media-text alignwide is-stacked-on-mobile\">\n<div class=\"wp-block-media-text__content\">\n<p><strong>50 ml\/100 ml<\/strong><\/p>\n<p>Crem\u0103 regenerativ\u0103, hr\u0103nitoare pentru tratarea tenurilor mature deshidratate, asfixiate, flax, \u00eemp\u0103ienjenite de riduri, lipsite de flaciditate. Are un miros pl\u0103cut de miere. Con\u021bine substan\u021be active ob\u021binute prin biotehnologie, de ultim\u0103 genera\u021bie: smart nano capsule cu retinol, care stimuleaz\u0103 toate structurile fibroase ale pielii. Este o crem\u0103 intensiv\u0103 care reface rapid structura pielii din interior. Este un remediu SOS! Componentul Renovage<sup>Tm\u00a0<\/sup>activizeaz\u0103 \u0219i normalizeaz\u0103 metabolismul celular, \u00eembun\u0103t\u0103\u021be\u0219te comunicarea intercelular\u0103, cre\u0219te \u0219i stabilizeaz\u0103 telomerii deteriora\u021bi ai ADN-ului, inhib\u0103 \u00eemb\u0103tr\u00e2nirea celular\u0103.<\/p>\n<p><strong>Mod de aplicare:<\/strong><\/p>\n<p>Se aplic\u0103 diminea\u021ba\/seara, pe pielea curat\u0103, cu mi\u0219c\u0103ri circulare cu v\u00e2rfurile degetelor, dup\u0103 o u\u0219oar\u0103 \u00eenc\u0103lzire a cremei \u0219i dup\u0103 folosirea serului cu retinol din gama The Active sau separat.<\/p>\n<p><strong>Substan\u021be active:<\/strong><\/p>\n<p>Retinol \u00eencapsulat, Renovage<sup>Tm<\/sup>, acid hialuronic, vitamina E, extract de salcie alb\u0103 (stimuleaz\u0103 produc\u021bia de colagen), alantoin\u0103, pantenol.<\/p>\n<\/div>\n<\/div>\n","protected":false},"excerpt":{"rendered":"<a href=\"https:\/\/www.rodilux.md\/?p=191\" data-animation=\"animated fadeIn normal\" class=\"sc_button sc_button_square sc_button_style_default sc_button_size_small  sc_button_iconed icon-star\">PRODUSE DE \u00ceNGRIJIRE ACAS\u0102 <\/a>\n","protected":false},"featured_media":1979,"template":"","meta":[],"product_cat":[78,33],"product_tag":[264,40,38,39,261],"class_list":{"0":"post-1978","1":"product","2":"type-product","3":"status-publish","4":"has-post-thumbnail","6":"product_cat-the-active","7":"product_cat-face-teraphy","8":"product_tag-dream-cream","9":"product_tag-natural","10":"product_tag-organic","11":"product_tag-skincare","12":"product_tag-the-active","13":"product_shipping_class-america","15":"first","16":"outofstock","17":"shipping-taxable","18":"product-type-simple"},"_links":{"self":[{"href":"https:\/\/www.rodilux.md\/index.php?rest_route=\/wp\/v2\/product\/1978","targetHints":{"allow":["GET"]}}],"collection":[{"href":"https:\/\/www.rodilux.md\/index.php?rest_route=\/wp\/v2\/product"}],"about":[{"href":"https:\/\/www.rodilux.md\/index.php?rest_route=\/wp\/v2\/types\/product"}],"wp:featuredmedia":[{"embeddable":true,"href":"https:\/\/www.rodilux.md\/index.php?rest_route=\/wp\/v2\/media\/1979"}],"wp:attachment":[{"href":"https:\/\/www.rodilux.md\/index.php?rest_route=%2Fwp%2Fv2%2Fmedia&parent=1978"}],"wp:term":[{"taxonomy":"product_cat","embeddable":true,"href":"https:\/\/www.rodilux.md\/index.php?rest_route=%2Fwp%2Fv2%2Fproduct_cat&post=1978"},{"taxonomy":"product_tag","embeddable":true,"href":"https:\/\/www.rodilux.md\/index.php?rest_route=%2Fwp%2Fv2%2Fproduct_tag&post=1978"}],"curies":[{"name":"wp","href":"https:\/\/api.w.org\/{rel}","templated":true}]}}