{"id":1976,"date":"2022-04-14T13:30:20","date_gmt":"2022-04-14T13:30:20","guid":{"rendered":"https:\/\/www.rodilux.md\/?post_type=product&#038;p=1976"},"modified":"2022-04-14T13:31:49","modified_gmt":"2022-04-14T13:31:49","slug":"holistic-cream-crema-de-zi-cu-retinol","status":"publish","type":"product","link":"https:\/\/www.rodilux.md\/?product=holistic-cream-crema-de-zi-cu-retinol","title":{"rendered":"HOLISTIC CREAM\/CREM\u0102 DE ZI CU RETINOL"},"content":{"rendered":"<div class=\"wp-block-media-text alignwide is-stacked-on-mobile\">\n<div class=\"wp-block-media-text__content\">\n<p><strong>50\/100 ml<\/strong><\/p>\n<p>Crem\u0103 de zi, \u00eembog\u0103\u021bit\u0103 cu retinol \u00eencapsulat, scualen \u0219i coenzima Q10. Regenereaz\u0103, \u00eent\u0103re\u0219te pielea matur\u0103 deteriorat\u0103. Substan\u021ba inovativ\u0103\u00a0<em>EXO-P<sup>Tm \u00a0<\/sup><\/em>ac\u021bioneaz\u0103 ca un ecran de protec\u021bie contra factorilor nocivi. Peste o scurt\u0103 perioad\u0103, pielea devine neted\u0103 \u0219i sclipitoare. Are loc efectul de \u00a0lifting. Se potrive\u0219te oric\u0103rui tip de piele (pete pigmentate, riduri). Hidrateaz\u0103, are textur\u0103 u\u0219oar\u0103.<\/p>\n<p><strong>Mod de aplicare:<\/strong><\/p>\n<p>Se aplic\u0103 diminea\u021ba\/seara, cu mi\u0219c\u0103ri circulare, pe pielea curat\u0103, \u00a0dup\u0103 serul cu retinol din gama The Active sau separat.<\/p>\n<p><strong>Substan\u021be active:<\/strong><\/p>\n<p>Retinol \u00eencapsulat,\u00a0<em>EXO-P<sup>Tm\u00a0<\/sup><\/em>, acid hialuronic, ulei din s\u00e2mburi de piersici, coenzima Q10, ulei de shea, filtre UV, vitamina E, pantenol.<\/p>\n<\/div>\n<\/div>\n","protected":false},"excerpt":{"rendered":"<a href=\"https:\/\/www.rodilux.md\/?p=191\" data-animation=\"animated fadeIn normal\" class=\"sc_button sc_button_square sc_button_style_default sc_button_size_small  sc_button_iconed icon-star\">PRODUSE DE \u00ceNGRIJIRE ACAS\u0102 <\/a>\n","protected":false},"featured_media":1977,"template":"","meta":[],"product_cat":[78,33],"product_tag":[263,40,38,39,261],"class_list":{"0":"post-1976","1":"product","2":"type-product","3":"status-publish","4":"has-post-thumbnail","6":"product_cat-the-active","7":"product_cat-face-teraphy","8":"product_tag-holistic-cream","9":"product_tag-natural","10":"product_tag-organic","11":"product_tag-skincare","12":"product_tag-the-active","13":"product_shipping_class-america","15":"first","16":"outofstock","17":"shipping-taxable","18":"product-type-simple"},"_links":{"self":[{"href":"https:\/\/www.rodilux.md\/index.php?rest_route=\/wp\/v2\/product\/1976","targetHints":{"allow":["GET"]}}],"collection":[{"href":"https:\/\/www.rodilux.md\/index.php?rest_route=\/wp\/v2\/product"}],"about":[{"href":"https:\/\/www.rodilux.md\/index.php?rest_route=\/wp\/v2\/types\/product"}],"wp:featuredmedia":[{"embeddable":true,"href":"https:\/\/www.rodilux.md\/index.php?rest_route=\/wp\/v2\/media\/1977"}],"wp:attachment":[{"href":"https:\/\/www.rodilux.md\/index.php?rest_route=%2Fwp%2Fv2%2Fmedia&parent=1976"}],"wp:term":[{"taxonomy":"product_cat","embeddable":true,"href":"https:\/\/www.rodilux.md\/index.php?rest_route=%2Fwp%2Fv2%2Fproduct_cat&post=1976"},{"taxonomy":"product_tag","embeddable":true,"href":"https:\/\/www.rodilux.md\/index.php?rest_route=%2Fwp%2Fv2%2Fproduct_tag&post=1976"}],"curies":[{"name":"wp","href":"https:\/\/api.w.org\/{rel}","templated":true}]}}