{"id":1974,"date":"2022-04-14T13:27:14","date_gmt":"2022-04-14T13:27:14","guid":{"rendered":"https:\/\/www.rodilux.md\/?post_type=product&#038;p=1974"},"modified":"2022-04-14T13:29:59","modified_gmt":"2022-04-14T13:29:59","slug":"wake-up-serum-ser-cu-retinol","status":"publish","type":"product","link":"https:\/\/www.rodilux.md\/?product=wake-up-serum-ser-cu-retinol","title":{"rendered":"WAKE UP SERUM\/SER CU RETINOL"},"content":{"rendered":"<div class=\"wp-block-media-text alignwide is-stacked-on-mobile\">\n<div class=\"wp-block-media-text__content\">\n<p><strong>30 ml<\/strong><\/p>\n<p>Ser cu o textur\u0103 u\u0219oar\u0103, pentru pielea ce necesit\u0103 regenerare activ\u0103. Bogat \u00een retinol \u00eencapsulat. Ofer\u0103 energie fiec\u0103rei celul\u0103 \u0219i o regenereaz\u0103, \u00eembun\u0103t\u0103\u021bind elasticitatea \u0219i fermitatea pielii. \u00cei confer\u0103 luminozitate.<\/p>\n<p>Argireline\u00ae \u0219i Syn-Ake\u00ae din con\u021binutul serului Wake Up manifest\u0103 un efect puternic de botox, contribuie la reducerea ridurilor de expresie \u0219i cele statice \u00een zona ochilor, frun\u021bii \u0219i buzelor. Satisface nevoile pielii mature.<\/p>\n<p><strong>Mod de aplicare:<\/strong><\/p>\n<p>Se aplic\u0103 diminea\u021ba\/seara, pe piele curat\u0103, \u00een jurul ochilor, \u00eenainte de folosirea cremei din gama Active sau separat.<\/p>\n<p><strong>Substan\u021be active:<\/strong><\/p>\n<p>Retinol \u00eencapsulat, Argireline\u00ae \u0219i Syn-Ake\u00ae, acid hialuronic, ulei din s\u00e2mburi de piersici, coenzima Q10, pantenol.<\/p>\n<\/div>\n<\/div>\n","protected":false},"excerpt":{"rendered":"<a href=\"https:\/\/www.rodilux.md\/?p=191\" data-animation=\"animated fadeIn normal\" class=\"sc_button sc_button_square sc_button_style_default sc_button_size_small  sc_button_iconed icon-star\">PRODUSE DE \u00ceNGRIJIRE ACAS\u0102 <\/a>\n","protected":false},"featured_media":1975,"template":"","meta":[],"product_cat":[78,33],"product_tag":[40,38,39,261,262],"class_list":{"0":"post-1974","1":"product","2":"type-product","3":"status-publish","4":"has-post-thumbnail","6":"product_cat-the-active","7":"product_cat-face-teraphy","8":"product_tag-natural","9":"product_tag-organic","10":"product_tag-skincare","11":"product_tag-the-active","12":"product_tag-wake-up-serum","13":"product_shipping_class-america","15":"first","16":"outofstock","17":"shipping-taxable","18":"product-type-simple"},"_links":{"self":[{"href":"https:\/\/www.rodilux.md\/index.php?rest_route=\/wp\/v2\/product\/1974","targetHints":{"allow":["GET"]}}],"collection":[{"href":"https:\/\/www.rodilux.md\/index.php?rest_route=\/wp\/v2\/product"}],"about":[{"href":"https:\/\/www.rodilux.md\/index.php?rest_route=\/wp\/v2\/types\/product"}],"wp:featuredmedia":[{"embeddable":true,"href":"https:\/\/www.rodilux.md\/index.php?rest_route=\/wp\/v2\/media\/1975"}],"wp:attachment":[{"href":"https:\/\/www.rodilux.md\/index.php?rest_route=%2Fwp%2Fv2%2Fmedia&parent=1974"}],"wp:term":[{"taxonomy":"product_cat","embeddable":true,"href":"https:\/\/www.rodilux.md\/index.php?rest_route=%2Fwp%2Fv2%2Fproduct_cat&post=1974"},{"taxonomy":"product_tag","embeddable":true,"href":"https:\/\/www.rodilux.md\/index.php?rest_route=%2Fwp%2Fv2%2Fproduct_tag&post=1974"}],"curies":[{"name":"wp","href":"https:\/\/api.w.org\/{rel}","templated":true}]}}