{"id":1968,"date":"2022-04-14T13:19:32","date_gmt":"2022-04-14T13:19:32","guid":{"rendered":"https:\/\/www.rodilux.md\/?post_type=product&#038;p=1968"},"modified":"2022-04-14T13:23:01","modified_gmt":"2022-04-14T13:23:01","slug":"white-tea-treatment-kit-de-tratament-white-tea","status":"publish","type":"product","link":"https:\/\/www.rodilux.md\/?product=white-tea-treatment-kit-de-tratament-white-tea","title":{"rendered":"WHITE TEA TREATMENT\/KIT DE TRATAMENT WHITE TEA"},"content":{"rendered":"<p>Kit care con\u021bine c\u00e2teva produse pentru tratament, concepute din cele mai inovatoare \u0219i eficiente substan\u021be active \u00eempotriva \u00eemb\u0103tr\u00e2nirii. Tratamentul White Tea are o ac\u021biune imediat\u0103 de \u00eent\u0103rire, de lifting, \u00eembun\u0103t\u0103\u021bind structura \u0219i conectivitatea \u021besutului. \u00cen consecin\u021b\u0103, conturul fe\u021bei este redefinit, ridurile \u0219i liniile de expresie sunt estompate. Pielea cap\u0103t\u0103 un aspect \u00eentinerit, proasp\u0103t, natural, m\u0103t\u0103sos \u0219i eman\u0103 luminozitate.<\/p>\r\n<!-- \/wp:post-content -->\r\n\r\n<!-- wp:paragraph {\"placeholder\":\"Con\u021binut...\",\"fontSize\":\"large\"} \/--><!-- \/wp:media-text -->\r\n\r\n<!-- wp:separator {\"className\":\"is-style-default\"} --><hr class=\"wp-block-separator is-style-default\" \/><!-- \/wp:separator -->\r\n\r\n<!-- wp:heading {\"textAlign\":\"center\",\"level\":3} -->\r\n<h3 id=\"kit-ul-include\" class=\"has-text-align-center\"><strong>KIT-ul include:<\/strong><\/h3>\r\n<!-- \/wp:heading -->\r\n\r\n<!-- wp:separator {\"className\":\"is-style-default\"} --><hr class=\"wp-block-separator is-style-default\" \/><!-- \/wp:separator -->\r\n\r\n<!-- wp:columns -->\r\n<div class=\"wp-block-columns\"><!-- wp:column -->\r\n<div class=\"wp-block-column\"><!-- wp:heading {\"textAlign\":\"center\",\"level\":4} -->\r\n<h4 id=\"egf-adn-ser\" class=\"has-text-align-center\"><strong>EGF\/ADN SER<\/strong><\/h4>\r\n<!-- \/wp:heading -->\r\n\r\n<!-- wp:paragraph --> <strong>3,5 ml<\/strong> <!-- \/wp:paragraph -->\r\n\r\n<!-- wp:paragraph --> Ser regenerativ, \u00eembun\u0103t\u0103\u021be\u0219te starea pielii. ADN &#8211; peptidele din compozi\u021bia serului previn oxidarea ADN-lui celular \u0219i contribuie la regenerarea celulelor. Glicozaminoglicanii stimuleaz\u0103 regenerarea, hidrateaz\u0103 intens pielea. <!-- \/wp:paragraph -->\r\n\r\n<!-- wp:paragraph --> <strong>Substan\u021be active:<\/strong> <!-- \/wp:paragraph -->\r\n\r\n<!-- wp:paragraph --> ADN \u2013 peptide, glicozaminoglicanii, bisabolol, suc de castravete, extract de Hamamelis Virginiana, acid hialuronic (HY), extract de mu\u0219e\u021bel. <!-- \/wp:paragraph --><\/div>\r\n<!-- \/wp:column -->\r\n\r\n<!-- wp:column -->\r\n<div class=\"wp-block-column\"><!-- wp:heading {\"textAlign\":\"center\",\"level\":4} -->\r\n<h4 id=\"concentrate-concentrat\" class=\"has-text-align-center\"><strong>CONCENTRATE\/CONCENTRAT<\/strong><\/h4>\r\n<!-- \/wp:heading -->\r\n\r\n<!-- wp:paragraph --> <strong>4 ml<\/strong> <!-- \/wp:paragraph -->\r\n\r\n<!-- wp:paragraph --> Ser cu efect imediat de lifting, mic\u0219oreaz\u0103 considerabil ad\u00e2ncimea ridurilor, relaxeaz\u0103 mu\u0219chii fe\u021bei. Pielea devine str\u0103lucitoare datorit\u0103 \u00eencorpor\u0103rii micro-algelor ro\u0219ii Porphyridum cruentum, care sunt bogate \u00een polimeri naturali. \u00a0Calmeaz\u0103 pielea sensibil\u0103, deteriorat\u0103, atenueaz\u0103 eritemele. Compatibil cu US, microcuren\u021bi. <!-- \/wp:paragraph -->\r\n\r\n<!-- wp:paragraph --> <strong>Substan\u021be active:<\/strong> <!-- \/wp:paragraph -->\r\n\r\n<!-- wp:paragraph --> Neodermyl\u00ae, ceai alb, acid hialuronic(HY), extract de alge ro\u0219ii Porphyridum cruentum, extract din sfecl\u0103 ro\u0219ie, ginkgo biloba, acid lactic, pantenol. <!-- \/wp:paragraph --><\/div>\r\n<!-- \/wp:column --><\/div>\r\n<!-- \/wp:columns -->\r\n\r\n<!-- wp:columns -->\r\n<div class=\"wp-block-columns\"><!-- wp:column -->\r\n<div class=\"wp-block-column\"><!-- wp:heading {\"textAlign\":\"center\",\"level\":4} -->\r\n<h4 id=\"mask-masca-cu-bioceluloza\" class=\"has-text-align-center\"><strong>MASK\/MASC\u0102 CU BIOCELULOZ\u0102<\/strong><\/h4>\r\n<!-- \/wp:heading -->\r\n\r\n<!-- wp:paragraph --> <strong>40 g<\/strong> <!-- \/wp:paragraph -->\r\n\r\n<!-- wp:paragraph --> Transport\u0103 eficient substan\u021bele active \u00een celea mai ad\u00e2nci straturi ale pielii. Lumineaz\u0103 imediat tenul. <!-- \/wp:paragraph -->\r\n\r\n<!-- wp:paragraph --> <strong>Substan\u021be active:<\/strong> <!-- \/wp:paragraph -->\r\n\r\n<!-- wp:paragraph --> Neodermyl\u00ae, acid hialuronic, acid lactic, colagen, fucogel, aloe vera. <!-- \/wp:paragraph --><\/div>\r\n<!-- \/wp:column -->\r\n\r\n<!-- wp:column -->\r\n<div class=\"wp-block-column\"><!-- wp:heading {\"textAlign\":\"center\",\"level\":4} -->\r\n<h4 id=\"massage-crema-masca\" class=\"has-text-align-center\"><strong>MASSAGE\/CREM\u0102-MASC\u0102<\/strong><\/h4>\r\n<!-- \/wp:heading -->\r\n\r\n<!-- wp:paragraph --> <strong>10 ml<\/strong> <!-- \/wp:paragraph -->\r\n\r\n<!-- wp:paragraph --> Crem\u0103-masc\u0103 bogat\u0103 \u00een vitamine \u0219i uleiuri, care hr\u0103nesc, regenereaz\u0103 \u0219i stimuleaz\u0103 producerea elastinei \u0219i colagenului. \u00cei asigur\u0103 pielii putere \u0219i structur\u0103. <!-- \/wp:paragraph -->\r\n\r\n<!-- wp:paragraph --> <strong>Substan\u021be active:<\/strong> <!-- \/wp:paragraph -->\r\n\r\n<!-- wp:paragraph --> Neodermyl\u00ae, ceai alb, serin\u0103, vitaminele A \u0219i E, ulei de jojoba, alantoin\u0103, acid lactic, cear\u0103 de albine, pantenol. <!-- \/wp:paragraph --><\/div>\r\n<!-- \/wp:column --><\/div>\r\n<!-- \/wp:columns -->\r\n\r\n<!-- wp:separator {\"className\":\"is-style-wide\"} --><hr class=\"wp-block-separator is-style-wide\" \/>","protected":false},"excerpt":{"rendered":"<a href=\"https:\/\/www.rodilux.md\/?p=192\" data-animation=\"animated fadeIn normal\" class=\"sc_button sc_button_square sc_button_style_default sc_button_size_small  sc_button_iconed icon-star\">PRODUSE DE \u00ceNGRIJIRE PROFESIONAL\u0102 <\/a>\n","protected":false},"featured_media":1971,"template":"","meta":[],"product_cat":[77,33],"product_tag":[40,38,39,228,252],"class_list":{"0":"post-1968","1":"product","2":"type-product","3":"status-publish","4":"has-post-thumbnail","6":"product_cat-white-thea","7":"product_cat-face-teraphy","8":"product_tag-natural","9":"product_tag-organic","10":"product_tag-skincare","11":"product_tag-treatment","12":"product_tag-white-tea","13":"product_shipping_class-america","15":"first","16":"outofstock","17":"shipping-taxable","18":"product-type-simple"},"_links":{"self":[{"href":"https:\/\/www.rodilux.md\/index.php?rest_route=\/wp\/v2\/product\/1968","targetHints":{"allow":["GET"]}}],"collection":[{"href":"https:\/\/www.rodilux.md\/index.php?rest_route=\/wp\/v2\/product"}],"about":[{"href":"https:\/\/www.rodilux.md\/index.php?rest_route=\/wp\/v2\/types\/product"}],"wp:featuredmedia":[{"embeddable":true,"href":"https:\/\/www.rodilux.md\/index.php?rest_route=\/wp\/v2\/media\/1971"}],"wp:attachment":[{"href":"https:\/\/www.rodilux.md\/index.php?rest_route=%2Fwp%2Fv2%2Fmedia&parent=1968"}],"wp:term":[{"taxonomy":"product_cat","embeddable":true,"href":"https:\/\/www.rodilux.md\/index.php?rest_route=%2Fwp%2Fv2%2Fproduct_cat&post=1968"},{"taxonomy":"product_tag","embeddable":true,"href":"https:\/\/www.rodilux.md\/index.php?rest_route=%2Fwp%2Fv2%2Fproduct_tag&post=1968"}],"curies":[{"name":"wp","href":"https:\/\/api.w.org\/{rel}","templated":true}]}}