{"id":1964,"date":"2022-04-14T13:07:55","date_gmt":"2022-04-14T13:07:55","guid":{"rendered":"https:\/\/www.rodilux.md\/?post_type=product&#038;p=1964"},"modified":"2022-04-14T13:09:45","modified_gmt":"2022-04-14T13:09:45","slug":"lifting-mask-masca-lifting","status":"publish","type":"product","link":"https:\/\/www.rodilux.md\/?product=lifting-mask-masca-lifting","title":{"rendered":"LIFTING MASK\/MASC\u0102 LIFTING"},"content":{"rendered":"<p><strong>100 ml<\/strong><\/p>\n<p>Crem\u0103 masc\u0103 cu efect vizibil de lifting, reduce considerabil volumul \u0219i ad\u00e2ncimea ridurilor, hr\u0103ne\u0219te pielea \u00een mod corespunz\u0103tor \u0219i eficient, o protejeaz\u0103 de factorii nocivi, are efect antioxidant. Potrivit\u0103 pentru masajul miofascial.<\/p>\n<p><strong>Mod de aplicare:<\/strong><\/p>\n<p>Se aplic\u0103 un strat sub\u021bire. Timp de ac\u021biune: 10-15 minute. Nu se spal\u0103, se \u00eenl\u0103tur\u0103 cu \u0219erve\u021bele umede. \u00cen cazul pielii laxe, surplusul se poate masa p\u00e2n\u0103 se absoarbe.<\/p>\n<p><strong>Substan\u021be active:<\/strong><\/p>\n<p>Neodermyl\u00ae, serin\u0103, ceai alb, retinol, vitaminele C, E, F, aloe vera, uree, ulei de jojoba, alantoin\u0103, acid lactic, cear\u0103 de albine, pantenol.<\/p>\n","protected":false},"excerpt":{"rendered":"<a href=\"https:\/\/www.rodilux.md\/?p=192\" data-animation=\"animated fadeIn normal\" class=\"sc_button sc_button_square sc_button_style_default sc_button_size_small  sc_button_iconed icon-star\">PRODUSE DE \u00ceNGRIJIRE PROFESIONAL\u0102 <\/a>\n","protected":false},"featured_media":1965,"template":"","meta":[],"product_cat":[77,33],"product_tag":[259,40,38,39,252],"class_list":{"0":"post-1964","1":"product","2":"type-product","3":"status-publish","4":"has-post-thumbnail","6":"product_cat-white-thea","7":"product_cat-face-teraphy","8":"product_tag-lifting-mask","9":"product_tag-natural","10":"product_tag-organic","11":"product_tag-skincare","12":"product_tag-white-tea","13":"product_shipping_class-america","15":"first","16":"outofstock","17":"shipping-taxable","18":"product-type-simple"},"_links":{"self":[{"href":"https:\/\/www.rodilux.md\/index.php?rest_route=\/wp\/v2\/product\/1964","targetHints":{"allow":["GET"]}}],"collection":[{"href":"https:\/\/www.rodilux.md\/index.php?rest_route=\/wp\/v2\/product"}],"about":[{"href":"https:\/\/www.rodilux.md\/index.php?rest_route=\/wp\/v2\/types\/product"}],"wp:featuredmedia":[{"embeddable":true,"href":"https:\/\/www.rodilux.md\/index.php?rest_route=\/wp\/v2\/media\/1965"}],"wp:attachment":[{"href":"https:\/\/www.rodilux.md\/index.php?rest_route=%2Fwp%2Fv2%2Fmedia&parent=1964"}],"wp:term":[{"taxonomy":"product_cat","embeddable":true,"href":"https:\/\/www.rodilux.md\/index.php?rest_route=%2Fwp%2Fv2%2Fproduct_cat&post=1964"},{"taxonomy":"product_tag","embeddable":true,"href":"https:\/\/www.rodilux.md\/index.php?rest_route=%2Fwp%2Fv2%2Fproduct_tag&post=1964"}],"curies":[{"name":"wp","href":"https:\/\/api.w.org\/{rel}","templated":true}]}}