{"id":1960,"date":"2022-04-14T13:03:01","date_gmt":"2022-04-14T13:03:01","guid":{"rendered":"https:\/\/www.rodilux.md\/?post_type=product&#038;p=1960"},"modified":"2022-04-14T13:04:31","modified_gmt":"2022-04-14T13:04:31","slug":"shiny-eyes-crema-pentru-conturul-ochilor","status":"publish","type":"product","link":"https:\/\/www.rodilux.md\/?product=shiny-eyes-crema-pentru-conturul-ochilor","title":{"rendered":"SHINY EYES\/CREM\u0102 PENTRU CONTURUL OCHILOR"},"content":{"rendered":"<p><strong>15 ml\/30 ml<\/strong><\/p>\n<p>Crem\u0103-balsam pentru cea mai delicat\u0103 zon\u0103 din jurul ochilor, care sunt oglinda sufletului.<\/p>\n<p>Este elaborat\u0103 pe baz\u0103 de polifenoli din ceai alb \u0219i extract de caviar, care hr\u0103nesc \u0219i sporesc elasticitatea pielii. De asemenea, aceste substan\u021be contribuie la prevenirea form\u0103rii sau la mic\u0219orarea ridurilor de expresie. Are efect de lifting. \u00centruc\u00e2t pielea din jurul ochilor oglinde\u0219te de cele mai multe ori v\u00e2rsta sau c\u00e2t de odihni\u021bi \u0219i c\u00e2t\u0103 grij\u0103 avem de noi, crema Shiny Eyes, din gama White Tea, este solu\u021bia ideal\u0103 pentru ca pleoapele s\u0103 devin\u0103 radiante \u0219i \u00eengrijite.<\/p>\n<p><strong>Mod de aplicare:<\/strong><\/p>\n<p>Se aplic\u0103 diminea\u021ba\/seara, pe pielea curat\u0103, \u00een jurul ochilor, de la nas spre p\u0103r\u021bile laterale ale ochilor.<\/p>\n<p><strong>Substan\u021be active:<\/strong><\/p>\n<p>Neodermyl\u00ae, ceai alb, extract de caviar, ulei de jojoba,\u00a0 vitamina E, alantoin\u0103, ulei de migdale dulci.<\/p>\n","protected":false},"excerpt":{"rendered":"<a href=\"https:\/\/www.rodilux.md\/?p=192\" data-animation=\"animated fadeIn normal\" class=\"sc_button sc_button_square sc_button_style_default sc_button_size_small  sc_button_iconed icon-star\">PRODUSE DE \u00ceNGRIJIRE ACAS\u0102 <\/a>\n","protected":false},"featured_media":1961,"template":"","meta":[],"product_cat":[77,33],"product_tag":[40,38,257,39,252],"class_list":{"0":"post-1960","1":"product","2":"type-product","3":"status-publish","4":"has-post-thumbnail","6":"product_cat-white-thea","7":"product_cat-face-teraphy","8":"product_tag-natural","9":"product_tag-organic","10":"product_tag-shiny-eyes","11":"product_tag-skincare","12":"product_tag-white-tea","13":"product_shipping_class-america","15":"first","16":"outofstock","17":"shipping-taxable","18":"product-type-simple"},"_links":{"self":[{"href":"https:\/\/www.rodilux.md\/index.php?rest_route=\/wp\/v2\/product\/1960","targetHints":{"allow":["GET"]}}],"collection":[{"href":"https:\/\/www.rodilux.md\/index.php?rest_route=\/wp\/v2\/product"}],"about":[{"href":"https:\/\/www.rodilux.md\/index.php?rest_route=\/wp\/v2\/types\/product"}],"wp:featuredmedia":[{"embeddable":true,"href":"https:\/\/www.rodilux.md\/index.php?rest_route=\/wp\/v2\/media\/1961"}],"wp:attachment":[{"href":"https:\/\/www.rodilux.md\/index.php?rest_route=%2Fwp%2Fv2%2Fmedia&parent=1960"}],"wp:term":[{"taxonomy":"product_cat","embeddable":true,"href":"https:\/\/www.rodilux.md\/index.php?rest_route=%2Fwp%2Fv2%2Fproduct_cat&post=1960"},{"taxonomy":"product_tag","embeddable":true,"href":"https:\/\/www.rodilux.md\/index.php?rest_route=%2Fwp%2Fv2%2Fproduct_tag&post=1960"}],"curies":[{"name":"wp","href":"https:\/\/api.w.org\/{rel}","templated":true}]}}