{"id":1954,"date":"2022-04-10T19:31:35","date_gmt":"2022-04-10T19:31:35","guid":{"rendered":"https:\/\/www.rodilux.md\/?post_type=product&#038;p=1954"},"modified":"2022-04-10T19:33:07","modified_gmt":"2022-04-10T19:33:07","slug":"lifting-serum-ser-cu-efect-de-lifting-radiant","status":"publish","type":"product","link":"https:\/\/www.rodilux.md\/?product=lifting-serum-ser-cu-efect-de-lifting-radiant","title":{"rendered":"LIFTING SERUM\/SER CU EFECT DE LIFTING RADIANT"},"content":{"rendered":"<p><strong>30 ml<\/strong><\/p>\n<p>Ser cu efect de lifting instantaneu, care reduce considerabil ad\u00e2ncimea \u0219i volumul ridurilor, relaxeaz\u0103 mu\u0219chii fe\u021bei. Pielea devine sclipitoare, datorit\u0103 micro-algelor ro\u0219ii Porphyridum cruentum, bogate \u00een polimeri naturali. Este potrivit\u0103 pentru toate tipurile de ten. \u00cembun\u0103t\u0103\u021be\u0219te aspectul pielii sensibile \u0219i deteriorate, atenueaz\u0103 eritemele. Serul este indicat \u0219i \u00een cazul pieilor cu flaciditate, riduri \u0219i lipsa elasticit\u0103\u021bii.<\/p>\n<p><strong>Mod de aplicare:<\/strong><\/p>\n<p>Se aplic\u0103 diminea\u021ba\/seara, pe piele curat\u0103, pe fa\u021b\u0103, g\u00e2t \u0219i decolteu, \u00eenainte de a folosi crema din gama White Tea sau separat.<\/p>\n<p><strong>Substan\u021be active:<\/strong><\/p>\n<p>Neodermyl\u00ae, ceai alb, acid hialuronic (HY), extract de alg\u0103 ro\u0219ie Porphyridum cruentum, extract din sfecl\u0103 ro\u0219ie, ginkgo biloba, acid lactic, pantenol.<\/p>\n","protected":false},"excerpt":{"rendered":"<a href=\"https:\/\/www.rodilux.md\/?p=192\" data-animation=\"animated fadeIn normal\" class=\"sc_button sc_button_square sc_button_style_default sc_button_size_small  sc_button_iconed icon-star\">PRODUSE DE \u00ceNGRIJIRE ACAS\u0102 <\/a>\n","protected":false},"featured_media":1955,"template":"","meta":[],"product_cat":[77,33],"product_tag":[254,40,38,39,252],"class_list":{"0":"post-1954","1":"product","2":"type-product","3":"status-publish","4":"has-post-thumbnail","6":"product_cat-white-thea","7":"product_cat-face-teraphy","8":"product_tag-lifting-serum","9":"product_tag-natural","10":"product_tag-organic","11":"product_tag-skincare","12":"product_tag-white-tea","13":"product_shipping_class-america","15":"first","16":"outofstock","17":"shipping-taxable","18":"product-type-simple"},"_links":{"self":[{"href":"https:\/\/www.rodilux.md\/index.php?rest_route=\/wp\/v2\/product\/1954","targetHints":{"allow":["GET"]}}],"collection":[{"href":"https:\/\/www.rodilux.md\/index.php?rest_route=\/wp\/v2\/product"}],"about":[{"href":"https:\/\/www.rodilux.md\/index.php?rest_route=\/wp\/v2\/types\/product"}],"wp:featuredmedia":[{"embeddable":true,"href":"https:\/\/www.rodilux.md\/index.php?rest_route=\/wp\/v2\/media\/1955"}],"wp:attachment":[{"href":"https:\/\/www.rodilux.md\/index.php?rest_route=%2Fwp%2Fv2%2Fmedia&parent=1954"}],"wp:term":[{"taxonomy":"product_cat","embeddable":true,"href":"https:\/\/www.rodilux.md\/index.php?rest_route=%2Fwp%2Fv2%2Fproduct_cat&post=1954"},{"taxonomy":"product_tag","embeddable":true,"href":"https:\/\/www.rodilux.md\/index.php?rest_route=%2Fwp%2Fv2%2Fproduct_tag&post=1954"}],"curies":[{"name":"wp","href":"https:\/\/api.w.org\/{rel}","templated":true}]}}