{"id":1951,"date":"2022-04-10T19:22:40","date_gmt":"2022-04-10T19:22:40","guid":{"rendered":"https:\/\/www.rodilux.md\/?post_type=product&#038;p=1951"},"modified":"2022-05-10T08:28:36","modified_gmt":"2022-05-10T08:28:36","slug":"thermo-peel-peeling-termic","status":"publish","type":"product","link":"https:\/\/www.rodilux.md\/?product=thermo-peel-peeling-termic","title":{"rendered":"THERMO PEEL\/PEELING TERMIC"},"content":{"rendered":"<p><strong>30\/100 ml<\/strong><\/p>\n<p>Este un concept nou al peeling-ului, cu efect pl\u0103cut de auto-\u00eenc\u0103lzire. Con\u021bine substan\u021ba Neodermyl\u2122. Thermo Peel are o structur\u0103 cremoas\u0103 \u0219i ac\u021bioneaz\u0103 ca o masc\u0103 de exfoliere cu efect imediat de lifting pronun\u021bat. Zeolitul din compozi\u021bie, cunoscut sub denumirea de piatr\u0103 fiart\u0103, care este format atunci c\u00e2nd cenu\u0219a vulcanic\u0103 vine \u00een contact cu apa de mare, are efect de auto\u00eenc\u0103lzire, atunci c\u00e2nd este aplicat pe piele. Datorit\u0103 acestui fapt, circula\u021bia sangvin\u0103 este stimulat\u0103 intens. Cur\u0103\u021b\u0103, exfoliaz\u0103, detoxific\u0103. Are efect anti-\u00eemb\u0103tr\u00e2nire. Bogat \u00een acizi gra\u0219i, ceea ce contribuie la \u00eent\u0103rirea mantiei hidrolipidice.<\/p>\n<p><strong>Mod de aplicare:<\/strong><\/p>\n<p>Se aplic\u0103 pe pielea umed\u0103, se maseaz\u0103 timp de c\u00e2teva minute, cu mi\u0219c\u0103ri circulare. Repaus de 3 \u2013 4 minute. Imediat dup\u0103 aplicarea peeling-ului, apare senza\u021bia de \u00eenc\u0103lzire tranzitorie a pielii. Este imitat efectul care apare \u00een urma contactului rocii vulcanice fierbin\u021bi cu apa rece, s\u0103rat\u0103, de mare. Nu se aplic\u0103 pe pielea pleoapelor. Se \u00eenl\u0103tur\u0103 cu \u0219erve\u021bele umede.<\/p>\n<p><strong>Substan\u021be active:<\/strong><\/p>\n<p>Caolin, zeolit, exfoliant din meri\u0219oare, ulei din semin\u021be de struguri, meri\u0219or micronizat, pantenol.<\/p>\n","protected":false},"excerpt":{"rendered":"<a href=\"https:\/\/www.rodilux.md\/?p=192\" data-animation=\"animated fadeIn normal\" class=\"sc_button sc_button_square sc_button_style_default sc_button_size_small  sc_button_iconed icon-star\">PRODUSE DE \u00ceNGRIJIRE ACAS\u0102 <\/a>\n","protected":false},"featured_media":1952,"template":"","meta":[],"product_cat":[77,33],"product_tag":[287,138,286,40,38,253,39,252],"class_list":{"0":"post-1951","1":"product","2":"type-product","3":"status-publish","4":"has-post-thumbnail","6":"product_cat-white-thea","7":"product_cat-face-teraphy","8":"product_tag-decongestionare","9":"product_tag-detox","10":"product_tag-detoxifiere","11":"product_tag-natural","12":"product_tag-organic","13":"product_tag-peeling-termic","14":"product_tag-skincare","15":"product_tag-white-tea","16":"product_shipping_class-america","18":"first","19":"outofstock","20":"shipping-taxable","21":"product-type-simple"},"_links":{"self":[{"href":"https:\/\/www.rodilux.md\/index.php?rest_route=\/wp\/v2\/product\/1951","targetHints":{"allow":["GET"]}}],"collection":[{"href":"https:\/\/www.rodilux.md\/index.php?rest_route=\/wp\/v2\/product"}],"about":[{"href":"https:\/\/www.rodilux.md\/index.php?rest_route=\/wp\/v2\/types\/product"}],"wp:featuredmedia":[{"embeddable":true,"href":"https:\/\/www.rodilux.md\/index.php?rest_route=\/wp\/v2\/media\/1952"}],"wp:attachment":[{"href":"https:\/\/www.rodilux.md\/index.php?rest_route=%2Fwp%2Fv2%2Fmedia&parent=1951"}],"wp:term":[{"taxonomy":"product_cat","embeddable":true,"href":"https:\/\/www.rodilux.md\/index.php?rest_route=%2Fwp%2Fv2%2Fproduct_cat&post=1951"},{"taxonomy":"product_tag","embeddable":true,"href":"https:\/\/www.rodilux.md\/index.php?rest_route=%2Fwp%2Fv2%2Fproduct_tag&post=1951"}],"curies":[{"name":"wp","href":"https:\/\/api.w.org\/{rel}","templated":true}]}}