{"id":1538,"date":"2022-01-30T20:29:25","date_gmt":"2022-01-30T20:29:25","guid":{"rendered":"https:\/\/www.rodilux.md\/?post_type=product&#038;p=1538"},"modified":"2022-05-10T08:27:19","modified_gmt":"2022-05-10T08:27:19","slug":"exotic-peeling-peeling-exotic","status":"publish","type":"product","link":"https:\/\/www.rodilux.md\/?product=exotic-peeling-peeling-exotic","title":{"rendered":"EXOTIC PEELING\/PEELING EXOTIC"},"content":{"rendered":"\r\n<div class=\"wp-block-columns\">\r\n<div class=\"wp-block-column\">\r\n<p><strong>200 ml<\/strong><\/p>\r\n<p>Peeling mecanic pentru fa\u021b\u0103 \u0219i corp cu efect antioxidant, de oxigenare \u0219i regenerare. Potrivit pentru toate tipurile de piele, inclusiv pentru cea sensibil\u0103. Este ideal pentru perioada estival\u0103, pentru a proteja pielea \u0219i preveni formarea radicalilor liberi. Contribuie la ob\u021binerea unui bronz frumos. Bogat \u00een extract din semin\u021be de litchi, care con\u021bine o rat\u0103 \u00eenalt\u0103 de oligonol, vitaminele B1 \u0219i B3. Ace\u0219ti componen\u021bi hr\u0103nesc \u0219i revigoreaz\u0103 pielea. Peeling-urile cu portocale au efect antiinflamator \u0219i antibacterian, \u00een cazul hiperactivit\u0103\u021bii glandelor sebacee \u0219i acumul\u0103rii de toxine, \u00een perioadele expunerii directe a pielii la ac\u021biunea razelor solare.<\/p>\r\n<p><strong>Mod de aplicare:<\/strong><\/p>\r\n<p>Se aplic\u0103 cel pu\u021bin o dat\u0103 pe s\u0103pt\u0103m\u00e2n\u0103, pentru b\u0103ile de soare.<\/p>\r\n<p><strong>Substan\u021be active:<\/strong><\/p>\r\n<p>Sare de mare, extras din semin\u021be de litchi, peeling din portocal\u0103 dulce, vitamina E.<\/p>\r\n<\/div>\r\n<\/div>","protected":false},"excerpt":{"rendered":"<a href=\"https:\/\/www.rodilux.md\/?p=193\" data-animation=\"animated fadeIn normal\" class=\"sc_button sc_button_square sc_button_style_default sc_button_size_small  sc_button_iconed icon-star\">PRODUSE DE \u00ceNGRIJIRE PROFESIONAL\u0102 <\/a>\n","protected":false},"featured_media":1539,"template":"","meta":[],"product_cat":[76,33],"product_tag":[211,287,138,286,225,40,38,226,107,39],"class_list":{"0":"post-1538","1":"product","2":"type-product","3":"status-publish","4":"has-post-thumbnail","6":"product_cat-citrus-care","7":"product_cat-face-teraphy","8":"product_tag-citrus-care","9":"product_tag-decongestionare","10":"product_tag-detox","11":"product_tag-detoxifiere","12":"product_tag-exotic","13":"product_tag-natural","14":"product_tag-organic","15":"product_tag-peel","16":"product_tag-peeling","17":"product_tag-skincare","18":"product_shipping_class-america","20":"first","21":"outofstock","22":"shipping-taxable","23":"product-type-simple"},"_links":{"self":[{"href":"https:\/\/www.rodilux.md\/index.php?rest_route=\/wp\/v2\/product\/1538","targetHints":{"allow":["GET"]}}],"collection":[{"href":"https:\/\/www.rodilux.md\/index.php?rest_route=\/wp\/v2\/product"}],"about":[{"href":"https:\/\/www.rodilux.md\/index.php?rest_route=\/wp\/v2\/types\/product"}],"wp:featuredmedia":[{"embeddable":true,"href":"https:\/\/www.rodilux.md\/index.php?rest_route=\/wp\/v2\/media\/1539"}],"wp:attachment":[{"href":"https:\/\/www.rodilux.md\/index.php?rest_route=%2Fwp%2Fv2%2Fmedia&parent=1538"}],"wp:term":[{"taxonomy":"product_cat","embeddable":true,"href":"https:\/\/www.rodilux.md\/index.php?rest_route=%2Fwp%2Fv2%2Fproduct_cat&post=1538"},{"taxonomy":"product_tag","embeddable":true,"href":"https:\/\/www.rodilux.md\/index.php?rest_route=%2Fwp%2Fv2%2Fproduct_tag&post=1538"}],"curies":[{"name":"wp","href":"https:\/\/api.w.org\/{rel}","templated":true}]}}