{"id":1534,"date":"2022-01-30T20:23:39","date_gmt":"2022-01-30T20:23:39","guid":{"rendered":"https:\/\/www.rodilux.md\/?post_type=product&#038;p=1534"},"modified":"2022-01-30T20:26:03","modified_gmt":"2022-01-30T20:26:03","slug":"multi-vit-complex-complex-de-multivitamine","status":"publish","type":"product","link":"https:\/\/www.rodilux.md\/?product=multi-vit-complex-complex-de-multivitamine","title":{"rendered":"MULTI-VIT COMPLEX\/COMPLEX DE MULTIVITAMINE"},"content":{"rendered":"\r\n<div class=\"wp-block-columns\">\r\n<div class=\"wp-block-column\">\r\n<p><strong>5\u00d73,5 ml<\/strong><\/p>\r\n<p>Ser-cocktail care con\u021bine cea mai mare concentra\u021bie de vitamina C \u00eencapsulat\u0103 \u00een sferele acestui produs, dar \u0219i alte vitamine importante (A, E). Renoveaz\u0103 pielea deteriorat\u0103, ofilit\u0103, flasc\u0103. Protejeaz\u0103 tegumentele de radicalii liberi, \u00eentinere\u0219te. Se potrive\u0219te pentru toate tipurile de ten, \u00eendeosebi pentru cele deshidratate \u0219i deteriorate. Serul plin de vitamine este indicat \u00een curele intensive (25 zile) de reabilitare a pielii. Neteze\u0219te ridurile de expresie, care se formeaz\u0103 \u00een col\u021bul ochilor, denumite \u0219i laba-g\u00e2\u0219tei. Red\u0103 pielii un luciu s\u0103n\u0103tos.<\/p>\r\n<p><strong>Mod de aplicare:<\/strong><\/p>\r\n<p>Se aplic\u0103 seara, se maseaz\u0103 u\u0219or, p\u00e2n\u0103 c\u00e2nd capsulele se \u00eembib\u0103 complet.<\/p>\r\n<p><strong>Substan\u021be active:<\/strong><\/p>\r\n<p>Vitamina C \u00eencapsulat\u0103, acizi gra\u0219i din ulei de rodie, extract din alge ro\u0219ii irlandeze, acid lactic, vitaminele A, E, F, lactoz\u0103, pantenol, acid linoleic.<\/p>\r\n<\/div>\r\n<\/div>","protected":false},"excerpt":{"rendered":"<a href=\"https:\/\/www.rodilux.md\/?p=193\" data-animation=\"animated fadeIn normal\" class=\"sc_button sc_button_square sc_button_style_default sc_button_size_small  sc_button_iconed icon-star\">PRODUSE DE \u00ceNGRIJIRE ACAS\u0102 <\/a>\n","protected":false},"featured_media":1535,"template":"","meta":[],"product_cat":[76,33],"product_tag":[211,221,219,220,40,38,39],"class_list":{"0":"post-1534","1":"product","2":"type-product","3":"status-publish","4":"has-post-thumbnail","6":"product_cat-citrus-care","7":"product_cat-face-teraphy","8":"product_tag-citrus-care","9":"product_tag-complex","10":"product_tag-multi-vit","11":"product_tag-multivitamine","12":"product_tag-natural","13":"product_tag-organic","14":"product_tag-skincare","15":"product_shipping_class-america","17":"first","18":"outofstock","19":"shipping-taxable","20":"product-type-simple"},"_links":{"self":[{"href":"https:\/\/www.rodilux.md\/index.php?rest_route=\/wp\/v2\/product\/1534","targetHints":{"allow":["GET"]}}],"collection":[{"href":"https:\/\/www.rodilux.md\/index.php?rest_route=\/wp\/v2\/product"}],"about":[{"href":"https:\/\/www.rodilux.md\/index.php?rest_route=\/wp\/v2\/types\/product"}],"wp:featuredmedia":[{"embeddable":true,"href":"https:\/\/www.rodilux.md\/index.php?rest_route=\/wp\/v2\/media\/1535"}],"wp:attachment":[{"href":"https:\/\/www.rodilux.md\/index.php?rest_route=%2Fwp%2Fv2%2Fmedia&parent=1534"}],"wp:term":[{"taxonomy":"product_cat","embeddable":true,"href":"https:\/\/www.rodilux.md\/index.php?rest_route=%2Fwp%2Fv2%2Fproduct_cat&post=1534"},{"taxonomy":"product_tag","embeddable":true,"href":"https:\/\/www.rodilux.md\/index.php?rest_route=%2Fwp%2Fv2%2Fproduct_tag&post=1534"}],"curies":[{"name":"wp","href":"https:\/\/api.w.org\/{rel}","templated":true}]}}