{"id":1532,"date":"2022-01-30T20:21:30","date_gmt":"2022-01-30T20:21:30","guid":{"rendered":"https:\/\/www.rodilux.md\/?post_type=product&#038;p=1532"},"modified":"2022-01-30T20:23:22","modified_gmt":"2022-01-30T20:23:22","slug":"grenade-micro-spheres-crema-cu-capsule-din-rodie-spf-12","status":"publish","type":"product","link":"https:\/\/www.rodilux.md\/?product=grenade-micro-spheres-crema-cu-capsule-din-rodie-spf-12","title":{"rendered":"GRENADE MICRO-SPHERES\/CREM\u0102 CU CAPSULE DIN RODIE SPF 12"},"content":{"rendered":"\r\n<div class=\"wp-block-columns\">\r\n<div class=\"wp-block-column\">\r\n<p><strong>50 ml<\/strong><\/p>\r\n<p>Crem\u0103 hidratant\u0103 \u0219i hr\u0103nitoare, destinat\u0103 \u00een mod special pentru tenurile combinate sau uscate. Con\u021bine concentra\u021bii mari de acizi gra\u0219i \u0219i vitamina C ob\u021binut\u0103 din rodie. Reface pielea afectat\u0103 de foto\u00eemb\u0103tr\u00e2nire \u0219i neutralizeaz\u0103 ac\u021biunea nociv\u0103 a factorilor externi asupra tegumentelor.<\/p>\r\n<p><strong>Mod de aplicare:<\/strong><\/p>\r\n<p>Se aplic\u0103 diminea\u021ba sau seara, pe piele curat\u0103, dup\u0103 ANTIOX SERUM, sau aparte.<\/p>\r\n<p><strong>Substan\u021be active:<\/strong><\/p>\r\n<p>Vitamina C \u00eencapsulat\u0103, acizi gra\u0219i din ulei de rodie,\u00a0 uleiul \u0218i, rapi\u021b\u0103, acid lactic, lucern\u0103 ro\u0219ie, vitaminele A, E, bisabolol, proteine hidrolizate de gr\u00e2u, lactoz\u0103.<\/p>\r\n<\/div>\r\n<\/div>","protected":false},"excerpt":{"rendered":"<a href=\"https:\/\/www.rodilux.md\/?p=193\" data-animation=\"animated fadeIn normal\" class=\"sc_button sc_button_square sc_button_style_default sc_button_size_small  sc_button_iconed icon-star\">PRODUSE DE \u00ceNGRIJIRE ACAS\u0102 <\/a>\n","protected":false},"featured_media":1533,"template":"","meta":[],"product_cat":[76,33],"product_tag":[211,202,153,216,217,40,38,218,39],"class_list":{"0":"post-1532","1":"product","2":"type-product","3":"status-publish","4":"has-post-thumbnail","6":"product_cat-citrus-care","7":"product_cat-face-teraphy","8":"product_tag-citrus-care","9":"product_tag-cream","10":"product_tag-crema","11":"product_tag-grenade","12":"product_tag-micro-sphere","13":"product_tag-natural","14":"product_tag-organic","15":"product_tag-rodie","16":"product_tag-skincare","17":"product_shipping_class-america","19":"first","20":"outofstock","21":"shipping-taxable","22":"product-type-simple"},"_links":{"self":[{"href":"https:\/\/www.rodilux.md\/index.php?rest_route=\/wp\/v2\/product\/1532","targetHints":{"allow":["GET"]}}],"collection":[{"href":"https:\/\/www.rodilux.md\/index.php?rest_route=\/wp\/v2\/product"}],"about":[{"href":"https:\/\/www.rodilux.md\/index.php?rest_route=\/wp\/v2\/types\/product"}],"wp:featuredmedia":[{"embeddable":true,"href":"https:\/\/www.rodilux.md\/index.php?rest_route=\/wp\/v2\/media\/1533"}],"wp:attachment":[{"href":"https:\/\/www.rodilux.md\/index.php?rest_route=%2Fwp%2Fv2%2Fmedia&parent=1532"}],"wp:term":[{"taxonomy":"product_cat","embeddable":true,"href":"https:\/\/www.rodilux.md\/index.php?rest_route=%2Fwp%2Fv2%2Fproduct_cat&post=1532"},{"taxonomy":"product_tag","embeddable":true,"href":"https:\/\/www.rodilux.md\/index.php?rest_route=%2Fwp%2Fv2%2Fproduct_tag&post=1532"}],"curies":[{"name":"wp","href":"https:\/\/api.w.org\/{rel}","templated":true}]}}