{"id":1529,"date":"2022-01-30T20:18:20","date_gmt":"2022-01-30T20:18:20","guid":{"rendered":"https:\/\/www.rodilux.md\/?post_type=product&#038;p=1529"},"modified":"2022-05-10T08:26:26","modified_gmt":"2022-05-10T08:26:26","slug":"c-mild-cream-crema-cu-vitamina-c-spf-12","status":"publish","type":"product","link":"https:\/\/www.rodilux.md\/?product=c-mild-cream-crema-cu-vitamina-c-spf-12","title":{"rendered":"C-MILD CREAM\/CREM\u0102 CU VITAMINA C SPF 12"},"content":{"rendered":"\r\n<div class=\"wp-block-columns\">\r\n<div class=\"wp-block-column\">\r\n<p><strong>50\/100 ml<\/strong><\/p>\r\n<p>Crem\u0103 fin\u0103, cu o textur\u0103 u\u0219oar\u0103, perfect\u0103 pentru toate tipurile de piele, \u00eendeosebi pentru cele mixte \u0219i grase. Nu permite formarea radicalilor liberi, hidrateaz\u0103, previne semnele de \u00eemb\u0103tr\u00e2nire. Pentru a avea un bronz perfect, se aplic\u0103 \u00eenainte de baia de soare. Neteze\u0219te \u0219i catifeleaz\u0103 pielea.<\/p>\r\n<p><strong>Mod de aplicare:<\/strong><\/p>\r\n<p>Se aplic\u0103 diminea\u021ba sau seara, pe pielea curat\u0103, dup\u0103 ANTIOX SERUM, sau aparte. Pentru a avea un bronz perfect, se aplic\u0103 \u00eenainte de baia de soare.<\/p>\r\n<p><strong>Substan\u021be active:<\/strong><\/p>\r\n<p>Vitamina C \u00eencapsulat\u0103, uleiul \u0218i, avocado, ulei de migdale, ulei de l\u0103m\u00e2ie, aloe vera, acid lactic, vitamina A, E, bisabolol.<\/p>\r\n<\/div>\r\n<\/div>","protected":false},"excerpt":{"rendered":"<a href=\"https:\/\/www.rodilux.md\/?p=193\" data-animation=\"animated fadeIn normal\" class=\"sc_button sc_button_square sc_button_style_default sc_button_size_small  sc_button_iconed icon-star\">PRODUSE DE \u00ceNGRIJIRE ACAS\u0102 <\/a>\n","protected":false},"featured_media":1530,"template":"","meta":[],"product_cat":[76,33],"product_tag":[215,211,202,153,287,138,286,40,38,39],"class_list":{"0":"post-1529","1":"product","2":"type-product","3":"status-publish","4":"has-post-thumbnail","6":"product_cat-citrus-care","7":"product_cat-face-teraphy","8":"product_tag-c-mild","9":"product_tag-citrus-care","10":"product_tag-cream","11":"product_tag-crema","12":"product_tag-decongestionare","13":"product_tag-detox","14":"product_tag-detoxifiere","15":"product_tag-natural","16":"product_tag-organic","17":"product_tag-skincare","18":"product_shipping_class-america","20":"first","21":"outofstock","22":"shipping-taxable","23":"product-type-simple"},"_links":{"self":[{"href":"https:\/\/www.rodilux.md\/index.php?rest_route=\/wp\/v2\/product\/1529","targetHints":{"allow":["GET"]}}],"collection":[{"href":"https:\/\/www.rodilux.md\/index.php?rest_route=\/wp\/v2\/product"}],"about":[{"href":"https:\/\/www.rodilux.md\/index.php?rest_route=\/wp\/v2\/types\/product"}],"wp:featuredmedia":[{"embeddable":true,"href":"https:\/\/www.rodilux.md\/index.php?rest_route=\/wp\/v2\/media\/1530"}],"wp:attachment":[{"href":"https:\/\/www.rodilux.md\/index.php?rest_route=%2Fwp%2Fv2%2Fmedia&parent=1529"}],"wp:term":[{"taxonomy":"product_cat","embeddable":true,"href":"https:\/\/www.rodilux.md\/index.php?rest_route=%2Fwp%2Fv2%2Fproduct_cat&post=1529"},{"taxonomy":"product_tag","embeddable":true,"href":"https:\/\/www.rodilux.md\/index.php?rest_route=%2Fwp%2Fv2%2Fproduct_tag&post=1529"}],"curies":[{"name":"wp","href":"https:\/\/api.w.org\/{rel}","templated":true}]}}