{"id":1527,"date":"2022-01-30T20:13:22","date_gmt":"2022-01-30T20:13:22","guid":{"rendered":"https:\/\/www.rodilux.md\/?post_type=product&#038;p=1527"},"modified":"2022-01-30T20:18:04","modified_gmt":"2022-01-30T20:18:04","slug":"antiox-serum-ser-antioxidant","status":"publish","type":"product","link":"https:\/\/www.rodilux.md\/?product=antiox-serum-ser-antioxidant","title":{"rendered":"ANTIOX SERUM\/SER ANTIOXIDANT"},"content":{"rendered":"\r\n<div class=\"wp-block-columns\">\r\n<div class=\"wp-block-column\">\r\n<p><strong>30 ml<\/strong><\/p>\r\n<p>Ser cu un con\u021binut bogat \u00een vitaminele C, A, B5, acid folic \u0219i coenzima Q10 \u00eencapsulat\u0103, care stimuleaz\u0103 producerea de elastin\u0103 \u0219i colagen. Datorit\u0103 acestora, conturul fe\u021bei cap\u0103t\u0103 un aspect mai ferm, iar pielea devine neted\u0103 \u0219i moale. Betacarotenul protejeaz\u0103 pielea de ac\u021biunea factorilor nocivi, a\u0219az\u0103 bronzul perfect, regenereaz\u0103. Este acompaniamentul perfect al cremei de protec\u021bie solar\u0103. Lucerna ro\u0219ie din con\u021binutul serului red\u0103 pielii str\u0103lucire. Se potrive\u0219te tuturor tipurilor de ten, inclusiv celor sensibile \u0219i grase. Serul este indicat \u0219i pentru fum\u0103tori.<\/p>\r\n<p><strong>Mod de aplicare:<\/strong><\/p>\r\n<p>Se aplic\u0103 diminea\u021ba sau seara, \u00eenainte de crem\u0103, inclusiv cea cu protec\u021bie solar\u0103.<\/p>\r\n<p><strong>Substan\u021be active:<\/strong><\/p>\r\n<p>Vitamina C \u00eencapsulat\u0103, extract de rodie, coenzima Q10, extract din flori de lucern\u0103 ro\u0219ie, vitaminele A, E, alantoin\u0103,\u00a0 pantenol, acid citric, ulei de porumb.<\/p>\r\n<\/div>\r\n<\/div>","protected":false},"excerpt":{"rendered":"<a href=\"https:\/\/www.rodilux.md\/?p=193\" data-animation=\"animated fadeIn normal\" class=\"sc_button sc_button_square sc_button_style_default sc_button_size_small  sc_button_iconed icon-star\">PRODUSE DE \u00ceNGRIJIRE ACAS\u0102 <\/a>\n","protected":false},"featured_media":1528,"template":"","meta":[],"product_cat":[76,33],"product_tag":[214,213,211,40,38,212,46,39],"class_list":{"0":"post-1527","1":"product","2":"type-product","3":"status-publish","4":"has-post-thumbnail","6":"product_cat-citrus-care","7":"product_cat-face-teraphy","8":"product_tag-antiox","9":"product_tag-antioxidant","10":"product_tag-citrus-care","11":"product_tag-natural","12":"product_tag-organic","13":"product_tag-ser","14":"product_tag-serum","15":"product_tag-skincare","16":"product_shipping_class-america","18":"first","19":"outofstock","20":"shipping-taxable","21":"product-type-simple"},"_links":{"self":[{"href":"https:\/\/www.rodilux.md\/index.php?rest_route=\/wp\/v2\/product\/1527","targetHints":{"allow":["GET"]}}],"collection":[{"href":"https:\/\/www.rodilux.md\/index.php?rest_route=\/wp\/v2\/product"}],"about":[{"href":"https:\/\/www.rodilux.md\/index.php?rest_route=\/wp\/v2\/types\/product"}],"wp:featuredmedia":[{"embeddable":true,"href":"https:\/\/www.rodilux.md\/index.php?rest_route=\/wp\/v2\/media\/1528"}],"wp:attachment":[{"href":"https:\/\/www.rodilux.md\/index.php?rest_route=%2Fwp%2Fv2%2Fmedia&parent=1527"}],"wp:term":[{"taxonomy":"product_cat","embeddable":true,"href":"https:\/\/www.rodilux.md\/index.php?rest_route=%2Fwp%2Fv2%2Fproduct_cat&post=1527"},{"taxonomy":"product_tag","embeddable":true,"href":"https:\/\/www.rodilux.md\/index.php?rest_route=%2Fwp%2Fv2%2Fproduct_tag&post=1527"}],"curies":[{"name":"wp","href":"https:\/\/api.w.org\/{rel}","templated":true}]}}