{"id":1523,"date":"2022-01-30T20:05:25","date_gmt":"2022-01-30T20:05:25","guid":{"rendered":"https:\/\/www.rodilux.md\/?post_type=product&#038;p=1523"},"modified":"2022-01-30T20:08:15","modified_gmt":"2022-01-30T20:08:15","slug":"oxygeno2-treatment-kit-de-tratament-oxygeno2","status":"publish","type":"product","link":"https:\/\/www.rodilux.md\/?product=oxygeno2-treatment-kit-de-tratament-oxygeno2","title":{"rendered":"OXYGENO2 TREATMENT\/KIT DE TRATAMENT OXYGENO2"},"content":{"rendered":"\r\n\r\nKit pentru tratament cu OxygenO2, care are o ac\u021biune multipl\u0103. Este varianta contemporan\u0103 a metodei de \u00eengrijire a pielii \u2013 carboxiterapia. Este indicat, \u00een special, pieilor care sufer\u0103 de cuperoz\u0103. \u00cembun\u0103t\u0103\u021be\u0219te circula\u021bia s\u00e2ngelui. Are un puternic efect detoxifiant asupra pielii, mai ales \u00een cazul celor congestionate, impure sau asfixiate (cu co\u0219uri) sau pete. Oxigeneaz\u0103, hidrateaz\u0103, are efect de lifting. Previne \u00eemb\u0103tr\u00e2nirea precoce. Atenueaz\u0103 ridurile de expresie.\r\n\r\n\r\n\r\n\r\n\r\n\r\n\r\n<!-- \/wp:post-content -->\r\n\r\n<!-- wp:separator {\"className\":\"is-style-default\"} -->\r\n\r\n<hr class=\"wp-block-separator is-style-default\" \/>\r\n\r\n<!-- \/wp:separator -->\r\n\r\n<!-- wp:heading {\"textAlign\":\"center\",\"level\":3} -->\r\n<h3 id=\"kit-ul-include\" class=\"has-text-align-center\"><strong>KIT-ul include:<\/strong><\/h3>\r\n<!-- \/wp:heading -->\r\n\r\n<!-- wp:separator {\"className\":\"is-style-default\"} -->\r\n\r\n<hr class=\"wp-block-separator is-style-default\" \/>\r\n\r\n<!-- \/wp:separator -->\r\n\r\n<!-- wp:columns -->\r\n<div class=\"wp-block-columns\">\r\n\r\n<!-- wp:column -->\r\n<div class=\"wp-block-column\">\r\n\r\n<!-- wp:heading {\"textAlign\":\"center\",\"level\":4} -->\r\n<h4 id=\"tingle-peel-tingle-peel-patch-gel-peeling-masca-piling-carboxiterapie\" class=\"has-text-align-center\"><strong>TINGLE PEEL+TINGLE PEEL PATCH\/GEL PEELING+MASC\u0102 PILING (CARBOXITERAPIE)<\/strong><\/h4>\r\n<!-- \/wp:heading -->\r\n\r\n<!-- wp:paragraph -->\r\n\r\n<strong>10 g + 15 g<\/strong>\r\n\r\n<!-- \/wp:paragraph -->\r\n\r\n<!-- wp:paragraph -->\r\n\r\nPeeling care const\u0103 \u00een enzime (papaya, afine) \u0219i acid citric. Combina\u021bia de gel \u0219i plasture (patch), aplicate pe piele, genereaz\u0103 bule de oxigen care \u00eembun\u0103t\u0103\u021besc respira\u021bia celular\u0103, contribuind astfel la absorb\u021bia substan\u021belor active. Zgomotul efectului de carboxiterapie este unul pl\u0103cut. Acest gel oxigeneaz\u0103 intens \u021besuturile, \u00eembun\u0103t\u0103\u021be\u0219te circula\u021bia sangvin\u0103, permite ca substan\u021bele active s\u0103 p\u0103trund\u0103 \u00een piele. Ambele faze con\u021bin enzime de afine \u0219i coac\u0103ze, care au efect detoxifiant, regenerabil.\r\n\r\n<!-- \/wp:paragraph -->\r\n\r\n<!-- wp:paragraph -->\r\n\r\n<strong>Substan\u021be active:<\/strong>\r\n\r\n<!-- \/wp:paragraph -->\r\n\r\n<!-- wp:paragraph -->\r\n\r\nEnzime de afine, coac\u0103z\u0103 neagr\u0103, extract de l\u0103m\u00e2ie, trestie de zah\u0103r, acid de l\u0103m\u00e2ie, bicarbonat de sodiu (NaHCO3).\r\n\r\n<!-- \/wp:paragraph -->\r\n\r\n<\/div>\r\n<!-- \/wp:column -->\r\n\r\n<!-- wp:column -->\r\n<div class=\"wp-block-column\">\r\n\r\n<!-- wp:heading {\"textAlign\":\"center\",\"level\":4} -->\r\n<h4 id=\"concentrate-concentrat\" class=\"has-text-align-center\"><strong>CONCENTRATE\/CONCENTRAT<\/strong><\/h4>\r\n<!-- \/wp:heading -->\r\n\r\n<!-- wp:paragraph -->\r\n\r\n<strong>3,5 ml<\/strong>\r\n\r\n<!-- \/wp:paragraph -->\r\n\r\n<!-- wp:paragraph -->\r\n\r\nSer puternic care con\u021bine o concentra\u021bie \u00eenalt\u0103 de Telangyn\u2122, \u0219i ginkgo biloba. Ace\u0219ti componen\u021bi \u00eei permit concentratului \u00a0s\u0103 fie extrem de eficient \u00een cazul trat\u0103rii cuperozei. De asemenea, faciliteaz\u0103 oxigenarea celulelor \u0219i stimuleaz\u0103 metabolismul.\r\n\r\n<!-- \/wp:paragraph -->\r\n\r\n<!-- wp:paragraph -->\r\n\r\n<strong>Substan\u021be active:<\/strong>\r\n\r\n<!-- \/wp:paragraph -->\r\n\r\n<!-- wp:paragraph -->\r\n\r\nTelangyn\u2122, ginkgo biloba, lipide din lapte, ulei de porumb, ricin, acid lactic, vitamina E.\r\n\r\n<!-- \/wp:paragraph -->\r\n\r\n<\/div>\r\n<!-- \/wp:column -->\r\n\r\n<\/div>\r\n<!-- \/wp:columns -->\r\n\r\n<!-- wp:columns -->\r\n<div class=\"wp-block-columns\">\r\n\r\n<!-- wp:column -->\r\n<div class=\"wp-block-column\">\r\n\r\n<!-- wp:heading {\"textAlign\":\"center\",\"level\":4} -->\r\n<h4 id=\"d-massage-crema-de-masaj\" class=\"has-text-align-center\"><strong>D-MASSAGE\/CREM\u0102 DE MASAJ<\/strong><\/h4>\r\n<!-- \/wp:heading -->\r\n\r\n<!-- wp:paragraph -->\r\n\r\n<strong>5 ml<\/strong>\r\n\r\n<!-- \/wp:paragraph -->\r\n\r\n<!-- wp:paragraph -->\r\n\r\nCrem\u0103 fluid\u0103 pentru masajul de drenaj, bogat\u0103 \u00een substan\u021be active care regenereaz\u0103, cur\u0103\u021b\u0103, hidrateaz\u0103 \u0219i are efect anti-aging.\r\n\r\n<!-- \/wp:paragraph -->\r\n\r\n<!-- wp:paragraph -->\r\n\r\n<strong>Substan\u021be active:<\/strong>\r\n\r\n<!-- \/wp:paragraph -->\r\n\r\n<!-- wp:paragraph -->\r\n\r\nTelangyn\u2122, ginkgo biloba, acid hialuronic (HY), lichen islandez, ulei de migdale dulci, extract din matur\u0103 de c\u00e2mp, brassica, theobroma cu flori mari, vitamina E, alantoin\u0103, bisabolol, proteine glicozilate, acid glutamic.\r\n\r\n<!-- \/wp:paragraph -->\r\n\r\n<\/div>\r\n<!-- \/wp:column -->\r\n\r\n<!-- wp:column -->\r\n<div class=\"wp-block-column\">\r\n\r\n<!-- wp:heading {\"textAlign\":\"center\",\"level\":4} -->\r\n<h4 id=\"blue-mask-masca-cu-oxigen\" class=\"has-text-align-center\"><strong>BLUE MASK\/MASC\u0102 CU OXIGEN<\/strong><\/h4>\r\n<!-- \/wp:heading -->\r\n\r\n<!-- wp:paragraph -->\r\n\r\n<strong>10 ml<\/strong>\r\n\r\n<!-- \/wp:paragraph -->\r\n\r\n<!-- wp:paragraph -->\r\n\r\nMasc\u0103 revigorant\u0103, care \u00eembun\u0103t\u0103\u021be\u0219te oxigenarea celular\u0103 \u0219i regenerarea \u021besutului, lupt\u0103 cu staza limfatic\u0103.\r\n\r\n<!-- \/wp:paragraph -->\r\n\r\n<!-- wp:paragraph -->\r\n\r\n<strong>Substan\u021be active:<\/strong>\r\n\r\n<!-- \/wp:paragraph -->\r\n\r\n<!-- wp:paragraph -->\r\n\r\nUlei de m\u0103sline ionizat, ginkgo biloba, kava kava, aloe vera, arnic\u0103, extract de alaria esculenta, semin\u021be de chiparos, nori, acid lactic, acid de citu\u0219i.\r\n\r\n<!-- \/wp:paragraph -->\r\n\r\n<\/div>\r\n<!-- \/wp:column -->\r\n\r\n<\/div>","protected":false},"excerpt":{"rendered":"<a href=\"https:\/\/www.rodilux.md\/?p=194\" data-animation=\"animated fadeIn normal\" class=\"sc_button sc_button_square sc_button_style_default sc_button_size_small  sc_button_iconed icon-star\">PRODUSE DE \u00ceNGRIJIRE PROFESIONAL\u0102 <\/a>\n","protected":false},"featured_media":1524,"template":"","meta":[],"product_cat":[75,33],"product_tag":[193,40,38,207,210,194,39],"class_list":{"0":"post-1523","1":"product","2":"type-product","3":"status-publish","4":"has-post-thumbnail","6":"product_cat-75","7":"product_cat-face-teraphy","8":"product_tag-kit-de-tratament","9":"product_tag-natural","10":"product_tag-organic","11":"product_tag-oxigen","12":"product_tag-oxygen-treatment","13":"product_tag-oxygeno2","14":"product_tag-skincare","15":"product_shipping_class-america","17":"first","18":"outofstock","19":"shipping-taxable","20":"product-type-simple"},"_links":{"self":[{"href":"https:\/\/www.rodilux.md\/index.php?rest_route=\/wp\/v2\/product\/1523","targetHints":{"allow":["GET"]}}],"collection":[{"href":"https:\/\/www.rodilux.md\/index.php?rest_route=\/wp\/v2\/product"}],"about":[{"href":"https:\/\/www.rodilux.md\/index.php?rest_route=\/wp\/v2\/types\/product"}],"wp:featuredmedia":[{"embeddable":true,"href":"https:\/\/www.rodilux.md\/index.php?rest_route=\/wp\/v2\/media\/1524"}],"wp:attachment":[{"href":"https:\/\/www.rodilux.md\/index.php?rest_route=%2Fwp%2Fv2%2Fmedia&parent=1523"}],"wp:term":[{"taxonomy":"product_cat","embeddable":true,"href":"https:\/\/www.rodilux.md\/index.php?rest_route=%2Fwp%2Fv2%2Fproduct_cat&post=1523"},{"taxonomy":"product_tag","embeddable":true,"href":"https:\/\/www.rodilux.md\/index.php?rest_route=%2Fwp%2Fv2%2Fproduct_tag&post=1523"}],"curies":[{"name":"wp","href":"https:\/\/api.w.org\/{rel}","templated":true}]}}