{"id":1521,"date":"2022-01-30T20:00:50","date_gmt":"2022-01-30T20:00:50","guid":{"rendered":"https:\/\/www.rodilux.md\/?post_type=product&#038;p=1521"},"modified":"2022-05-10T08:30:18","modified_gmt":"2022-05-10T08:30:18","slug":"oxygeno2-mask-masca-cu-oxigen","status":"publish","type":"product","link":"https:\/\/www.rodilux.md\/?product=oxygeno2-mask-masca-cu-oxigen","title":{"rendered":"OXYGENO2 MASK \/MASC\u0102 CU OXIGEN"},"content":{"rendered":"<p><strong>250 ml<\/strong><\/p>\n<p>Masc\u0103 revigorant\u0103, tonifiant\u0103, cu un con\u021binut \u00eenalt de oxigen.\u00a0 Culoarea bleu a m\u0103\u0219tii, consisten\u021ba \u2013 spum\u0103 \u0219i mirosul pl\u0103cut \u00ee\u021bi ofer\u0103 senza\u021bii fascinante. Renoveaz\u0103 epiteliul, regleaz\u0103 circula\u021bia de O2 \u00een \u021besuturi, \u00eembun\u0103t\u0103\u021be\u0219te elasticitatea \u0219i flexibilitatea \u021besutului. Albe\u0219te, este excelent\u0103 pentru tratarea dermatitelor (\u00eente\u021be\u0219te circula\u021bia sangvin\u0103), lumineaz\u0103 tenul, minimalizeaz\u0103 cicatricile. Este potrivit\u0103 \u00een terapiile de ultrasunete \u0219i cea cu microcuren\u021bi.<\/p>\n<p><strong>Mod de aplicare:<\/strong><\/p>\n<p>\u00cen centrele de medicin\u0103 estetic\u0103 se aplic\u0103 pentru 15 minute. \u00cen primele clipe, apar senza\u021bii de usturime u\u0219oar\u0103 tranzitorie (datorit\u0103 substan\u021belor active). Masca ofer\u0103 o senza\u021bie de prospe\u021bime \u0219i r\u0103coare.<\/p>\n<p><strong>Substan\u021be active:<\/strong>\u00a0Ulei de m\u0103sline ionizat, ginkgo biloba, kava kava, aloe vera, arnica, extract de Alaria esculenta, semin\u021be de chiparos, extract de nori, acid lactic, acid de citu\u0219i.<\/p>\n","protected":false},"excerpt":{"rendered":"<a href=\"https:\/\/www.rodilux.md\/?p=194\" data-animation=\"animated fadeIn normal\" class=\"sc_button sc_button_square sc_button_style_default sc_button_size_small  sc_button_iconed icon-star\">PRODUSE DE \u00ceNGRIJIRE PROFESIONAL\u0102 <\/a>\n","protected":false},"featured_media":1522,"template":"","meta":[],"product_cat":[75,33],"product_tag":[287,138,286,209,40,38,207,208,194,39],"class_list":{"0":"post-1521","1":"product","2":"type-product","3":"status-publish","4":"has-post-thumbnail","6":"product_cat-75","7":"product_cat-face-teraphy","8":"product_tag-decongestionare","9":"product_tag-detox","10":"product_tag-detoxifiere","11":"product_tag-masca-cu-oxigen","12":"product_tag-natural","13":"product_tag-organic","14":"product_tag-oxigen","15":"product_tag-oxygen-mask","16":"product_tag-oxygeno2","17":"product_tag-skincare","18":"product_shipping_class-america","20":"first","21":"outofstock","22":"shipping-taxable","23":"product-type-simple"},"_links":{"self":[{"href":"https:\/\/www.rodilux.md\/index.php?rest_route=\/wp\/v2\/product\/1521","targetHints":{"allow":["GET"]}}],"collection":[{"href":"https:\/\/www.rodilux.md\/index.php?rest_route=\/wp\/v2\/product"}],"about":[{"href":"https:\/\/www.rodilux.md\/index.php?rest_route=\/wp\/v2\/types\/product"}],"wp:featuredmedia":[{"embeddable":true,"href":"https:\/\/www.rodilux.md\/index.php?rest_route=\/wp\/v2\/media\/1522"}],"wp:attachment":[{"href":"https:\/\/www.rodilux.md\/index.php?rest_route=%2Fwp%2Fv2%2Fmedia&parent=1521"}],"wp:term":[{"taxonomy":"product_cat","embeddable":true,"href":"https:\/\/www.rodilux.md\/index.php?rest_route=%2Fwp%2Fv2%2Fproduct_cat&post=1521"},{"taxonomy":"product_tag","embeddable":true,"href":"https:\/\/www.rodilux.md\/index.php?rest_route=%2Fwp%2Fv2%2Fproduct_tag&post=1521"}],"curies":[{"name":"wp","href":"https:\/\/api.w.org\/{rel}","templated":true}]}}