{"id":1519,"date":"2022-01-30T19:57:28","date_gmt":"2022-01-30T19:57:28","guid":{"rendered":"https:\/\/www.rodilux.md\/?post_type=product&#038;p=1519"},"modified":"2022-01-30T20:00:27","modified_gmt":"2022-01-30T20:00:27","slug":"redness-cure-tratament-activ-al-cuperozei-cu-oxigen","status":"publish","type":"product","link":"https:\/\/www.rodilux.md\/?product=redness-cure-tratament-activ-al-cuperozei-cu-oxigen","title":{"rendered":"REDNESS CURE\/TRATAMENT ACTIV AL CUPEROZEI CU OXIGEN"},"content":{"rendered":"<p><strong>2\u00d72,5 g<\/strong><\/p>\n<p>Masc\u0103 de celuloz\u0103, \u00eembibat\u0103 cu un spectru larg de substan\u021be active, conceput\u0103 pentru a \u00eent\u0103ri \u0219i calma zonele care sufer\u0103 de \u00a0cuperoz\u0103, rozacee sau eczem\u0103. Rezultatele devin vizibile dup\u0103 doar c\u00e2teva zile \u2013 cuperoza se mic\u0219oreaz\u0103, pielea se lumineaz\u0103. \u00a0Este indicat\u0103 \u0219i \u00een cazul tratamentului pentru tenurile delicate, sensibile \u0219i cu eritem.<\/p>\n<p><strong>Mod de aplicare:<\/strong><\/p>\n<p>Masca de celuloz\u0103 se aplic\u0103 pe pielea curat\u0103, \u00een zonele afectate de cuperoz\u0103. Timpul de ac\u021biune este 15-20 de minute, apoi se \u00eendep\u0103rteaz\u0103. Produsul r\u0103mas se maseaz\u0103 p\u00e2n\u0103 se \u00eembib\u0103 \u00een piele, f\u0103r\u0103 a se sp\u0103la. Procedura se repet\u0103 de 2-3 ori pe s\u0103pt\u0103m\u00e2n\u0103, atunci c\u00e2nd este vorba despre o cur\u0103 intensiv\u0103.<\/p>\n<p><strong>Substan\u021be active:<\/strong><\/p>\n<p>Extract de coac\u0103z\u0103 neagr\u0103, afine, extract de matur\u0103 de c\u00e2mp, centella asiatic\u0103, ginseng, vitamina E, nalb\u0103, castan, conuri de hamei, ceai verde, ginkgo biloba, sun\u0103toare (pojarni\u021b\u0103), ieder\u0103,\u00a0 hamamelis, ulei din germeni de gr\u00e2u, mu\u0219e\u021bel, bisabolol, colagen hidrolizat, Vitamina B2 (riboflavina), acid ascorbic.<\/p>\n","protected":false},"excerpt":{"rendered":"<a href=\"https:\/\/www.rodilux.md\/?p=194\" data-animation=\"animated fadeIn normal\" class=\"sc_button sc_button_square sc_button_style_default sc_button_size_small  sc_button_iconed icon-star\">PRODUSE DE \u00ceNGRIJIRE ACAS\u0102 <\/a>\n","protected":false},"featured_media":1520,"template":"","meta":[],"product_cat":[75,33],"product_tag":[206,40,38,207,194,204,39,205],"class_list":{"0":"post-1519","1":"product","2":"type-product","3":"status-publish","4":"has-post-thumbnail","6":"product_cat-75","7":"product_cat-face-teraphy","8":"product_tag-cuperoza","9":"product_tag-natural","10":"product_tag-organic","11":"product_tag-oxigen","12":"product_tag-oxygeno2","13":"product_tag-redness-cure","14":"product_tag-skincare","15":"product_tag-tratament-activ","16":"product_shipping_class-america","18":"first","19":"outofstock","20":"shipping-taxable","21":"product-type-simple"},"_links":{"self":[{"href":"https:\/\/www.rodilux.md\/index.php?rest_route=\/wp\/v2\/product\/1519","targetHints":{"allow":["GET"]}}],"collection":[{"href":"https:\/\/www.rodilux.md\/index.php?rest_route=\/wp\/v2\/product"}],"about":[{"href":"https:\/\/www.rodilux.md\/index.php?rest_route=\/wp\/v2\/types\/product"}],"wp:featuredmedia":[{"embeddable":true,"href":"https:\/\/www.rodilux.md\/index.php?rest_route=\/wp\/v2\/media\/1520"}],"wp:attachment":[{"href":"https:\/\/www.rodilux.md\/index.php?rest_route=%2Fwp%2Fv2%2Fmedia&parent=1519"}],"wp:term":[{"taxonomy":"product_cat","embeddable":true,"href":"https:\/\/www.rodilux.md\/index.php?rest_route=%2Fwp%2Fv2%2Fproduct_cat&post=1519"},{"taxonomy":"product_tag","embeddable":true,"href":"https:\/\/www.rodilux.md\/index.php?rest_route=%2Fwp%2Fv2%2Fproduct_tag&post=1519"}],"curies":[{"name":"wp","href":"https:\/\/api.w.org\/{rel}","templated":true}]}}