{"id":1508,"date":"2022-01-30T19:09:17","date_gmt":"2022-01-30T19:09:17","guid":{"rendered":"https:\/\/www.rodilux.md\/?post_type=product&#038;p=1508"},"modified":"2022-01-30T19:30:12","modified_gmt":"2022-01-30T19:30:12","slug":"o2-concentrate-concentrat-de-o2","status":"publish","type":"product","link":"https:\/\/www.rodilux.md\/?product=o2-concentrate-concentrat-de-o2","title":{"rendered":"O2 CONCENTRATE\/CONCENTRAT DE O2"},"content":{"rendered":"<p><strong>30 ml<\/strong><\/p>\n<p>Ser care con\u021bine o concentra\u021bie \u00eenalt\u0103 de Telangyn \u0219i ginkgo biloba. \u00cembun\u0103t\u0103\u021be\u0219te considerabil circula\u021bia s\u00e2ngelui \u0219i producerea de O2 \u00een celule, ceea ce contribuie la ameliorarea rapid\u0103 a vitalit\u0103\u021bii vaselor \u0219i diminuarea impurit\u0103\u021bilor (eritrocite deteriorate, fier, cupru oxidat). De asemenea, O2 Concentrate \u00eente\u021be\u0219te circula\u021bia limfatic\u0103, revigoreaz\u0103 vasele \u0219i activeaz\u0103 metabolismul celulei. Totodat\u0103, \u00eei ofer\u0103 pielii o cantitate de ingrediente care ac\u021bioneaz\u0103 cu putere, ceea ce ajut\u0103 la reducerea ad\u00e2ncimii ridurilor, la eliminarea aspectului palid. La final, pielea arat\u0103 t\u00e2n\u0103r\u0103, proasp\u0103t\u0103 \u0219i sclipitoare.<\/p>\n<p><strong>Mod de aplicare:<\/strong><\/p>\n<p>Se aplic\u0103 diminea\u021ba sau seara, pe pielea curat\u0103, \u00eenainte de a utiliza O2 Fluid sau O2 Blue Pearls Cream. Este compatibil cu oricare alt\u0103 crem\u0103 din gama de produse Freihaut.<\/p>\n<p><strong>Substan\u021be active:<\/strong><\/p>\n<p>Telangyn, ginkgo biloba, lipide de lapte, acid lactic, ulei de porumb, vitamina E.<\/p>\n","protected":false},"excerpt":{"rendered":"<a href=\"https:\/\/www.rodilux.md\/?p=194\" data-animation=\"animated fadeIn normal\" class=\"sc_button sc_button_square sc_button_style_default sc_button_size_small  sc_button_iconed icon-star\">PRODUSE DE \u00ceNGRIJIRE ACAS\u0102 <\/a>\n","protected":false},"featured_media":1511,"template":"","meta":[],"product_cat":[75,33],"product_tag":[195,40,38,194,39],"class_list":{"0":"post-1508","1":"product","2":"type-product","3":"status-publish","4":"has-post-thumbnail","6":"product_cat-75","7":"product_cat-face-teraphy","8":"product_tag-concentrate-o2","9":"product_tag-natural","10":"product_tag-organic","11":"product_tag-oxygeno2","12":"product_tag-skincare","13":"product_shipping_class-america","15":"first","16":"outofstock","17":"shipping-taxable","18":"product-type-simple"},"_links":{"self":[{"href":"https:\/\/www.rodilux.md\/index.php?rest_route=\/wp\/v2\/product\/1508","targetHints":{"allow":["GET"]}}],"collection":[{"href":"https:\/\/www.rodilux.md\/index.php?rest_route=\/wp\/v2\/product"}],"about":[{"href":"https:\/\/www.rodilux.md\/index.php?rest_route=\/wp\/v2\/types\/product"}],"wp:featuredmedia":[{"embeddable":true,"href":"https:\/\/www.rodilux.md\/index.php?rest_route=\/wp\/v2\/media\/1511"}],"wp:attachment":[{"href":"https:\/\/www.rodilux.md\/index.php?rest_route=%2Fwp%2Fv2%2Fmedia&parent=1508"}],"wp:term":[{"taxonomy":"product_cat","embeddable":true,"href":"https:\/\/www.rodilux.md\/index.php?rest_route=%2Fwp%2Fv2%2Fproduct_cat&post=1508"},{"taxonomy":"product_tag","embeddable":true,"href":"https:\/\/www.rodilux.md\/index.php?rest_route=%2Fwp%2Fv2%2Fproduct_tag&post=1508"}],"curies":[{"name":"wp","href":"https:\/\/api.w.org\/{rel}","templated":true}]}}