{"id":1505,"date":"2022-01-30T19:05:45","date_gmt":"2022-01-30T19:05:45","guid":{"rendered":"https:\/\/www.rodilux.md\/?post_type=product&#038;p=1505"},"modified":"2022-01-30T19:07:51","modified_gmt":"2022-01-30T19:07:51","slug":"firming-mask-masca-lifting","status":"publish","type":"product","link":"https:\/\/www.rodilux.md\/?product=firming-mask-masca-lifting","title":{"rendered":"FIRMING MASK\/MASC\u0102 LIFTING"},"content":{"rendered":"<p><strong>3&#215;25 g<\/strong><\/p>\n<p>Masc\u0103 monodoz\u0103 (\u00eembibat\u0103 \u00een celuloz\u0103), cu efect super hidratant, care ofer\u0103 pielii substan\u021bele hr\u0103nitoare de care are nevoie pentru a fi proasp\u0103t\u0103, neted\u0103 \u0219i catifelat\u0103. Spore\u0219te flaciditatea pielii \u0219i \u00eei red\u0103 str\u0103lucire.<\/p>\n<p><strong>Mod de aplicare:<\/strong><\/p>\n<p>Se scoate din ambalaj. Se desface \u00eencet \u0219i se aplic\u0103 pe fa\u021b\u0103. Se las\u0103 pentru 10-15 minute, apoi se deta\u0219eaz\u0103 partea cu celuloz\u0103. Gelul care r\u0103m\u00e2ne pe fa\u021b\u0103 se maseaz\u0103 p\u00e2n\u0103 c\u00e2nd se \u00eembib\u0103 definitiv. Dup\u0103 aceast\u0103 procedur\u0103, pielea radiaz\u0103, iar efectul de lifting este vizibil.<\/p>\n<p><strong>Substan\u021be active:<\/strong><\/p>\n<p>Amino-acizi (taurin\u0103), peptide de m\u0103tase, acid hialuronic (HY), aloe vera, alantoin\u0103, pantenol, colagen, extract de mu\u0219e\u021bel.<\/p>\n","protected":false},"excerpt":{"rendered":"<a href=\"https:\/\/www.rodilux.md\/?p=195\" data-animation=\"animated fadeIn normal\" class=\"sc_button sc_button_square sc_button_style_default sc_button_size_small  sc_button_iconed icon-star\">PRODUSE DE \u00ceNGRIJIRE ACAS\u0102 <\/a>\n","protected":false},"featured_media":1506,"template":"","meta":[],"product_cat":[74,33],"product_tag":[190,177,191,40,38,39],"class_list":{"0":"post-1505","1":"product","2":"type-product","3":"status-publish","4":"has-post-thumbnail","6":"product_cat-hy","7":"product_cat-face-teraphy","8":"product_tag-firming-mask","9":"product_tag-hy","10":"product_tag-masca-lifting","11":"product_tag-natural","12":"product_tag-organic","13":"product_tag-skincare","14":"product_shipping_class-america","16":"first","17":"outofstock","18":"shipping-taxable","19":"product-type-simple"},"_links":{"self":[{"href":"https:\/\/www.rodilux.md\/index.php?rest_route=\/wp\/v2\/product\/1505","targetHints":{"allow":["GET"]}}],"collection":[{"href":"https:\/\/www.rodilux.md\/index.php?rest_route=\/wp\/v2\/product"}],"about":[{"href":"https:\/\/www.rodilux.md\/index.php?rest_route=\/wp\/v2\/types\/product"}],"wp:featuredmedia":[{"embeddable":true,"href":"https:\/\/www.rodilux.md\/index.php?rest_route=\/wp\/v2\/media\/1506"}],"wp:attachment":[{"href":"https:\/\/www.rodilux.md\/index.php?rest_route=%2Fwp%2Fv2%2Fmedia&parent=1505"}],"wp:term":[{"taxonomy":"product_cat","embeddable":true,"href":"https:\/\/www.rodilux.md\/index.php?rest_route=%2Fwp%2Fv2%2Fproduct_cat&post=1505"},{"taxonomy":"product_tag","embeddable":true,"href":"https:\/\/www.rodilux.md\/index.php?rest_route=%2Fwp%2Fv2%2Fproduct_tag&post=1505"}],"curies":[{"name":"wp","href":"https:\/\/api.w.org\/{rel}","templated":true}]}}