{"id":1500,"date":"2022-01-30T18:57:49","date_gmt":"2022-01-30T18:57:49","guid":{"rendered":"https:\/\/www.rodilux.md\/?post_type=product&#038;p=1500"},"modified":"2022-01-30T19:00:49","modified_gmt":"2022-01-30T19:00:49","slug":"atp-cell-booster-crema-regeneratoare-spf-12","status":"publish","type":"product","link":"https:\/\/www.rodilux.md\/?product=atp-cell-booster-crema-regeneratoare-spf-12","title":{"rendered":"ATP CELL BOOSTER\/CREM\u0102 REGENERATOARE SPF 12"},"content":{"rendered":"<p><strong>50 ml\/100 ml<\/strong><\/p>\n<p>Crem\u0103 cu o textur\u0103 u\u0219oar\u0103, foarte bogat\u0103 \u00een substan\u021be active biotehnologice, care furnizeaz\u0103 pielii energia pentru a se regenera. Stimuleaz\u0103 produc\u021bia de colagen, oferind pielii un efect de fermitate \u0219i neteze\u0219te ridurile. Ofer\u0103 energie, restabile\u0219te membrana celular\u0103 \u0219i \u00eentinere\u0219te pielea.<\/p>\n<p><strong>Mod de aplicare:<\/strong><\/p>\n<p>Se aplic\u0103 diminea\u021ba \u0219i seara, pe pielea curat\u0103, dup\u0103 \u00a0serul Aqua Rescue sau separat. \u00cen urma aplic\u0103rii acestei creme, pielea va avea un aspect \u00eentinerit \u0219i m\u0103t\u0103sos.<\/p>\n<p><strong>Substan\u021be active:<\/strong><\/p>\n<p>Acid hialuronic (HY) cu greutate molecular\u0103 ridicat\u0103 \u0219i sc\u0103zut\u0103, adenozin trifosfat, acid folic, pantenol, vitamina E, ulei de migdale dulci, acid lactic, alantoin\u0103.<\/p>\n","protected":false},"excerpt":{"rendered":"<a href=\"https:\/\/www.rodilux.md\/?p=195\" data-animation=\"animated fadeIn normal\" class=\"sc_button sc_button_square sc_button_style_default sc_button_size_small  sc_button_iconed icon-star\">PRODUSE DE \u00ceNGRIJIRE ACAS\u0102 <\/a>\n","protected":false},"featured_media":1501,"template":"","meta":[],"product_cat":[74,33],"product_tag":[183,184,185,177,40,38,39],"class_list":{"0":"post-1500","1":"product","2":"type-product","3":"status-publish","4":"has-post-thumbnail","6":"product_cat-hy","7":"product_cat-face-teraphy","8":"product_tag-atp-cell","9":"product_tag-booster","10":"product_tag-crema-regeneratoare","11":"product_tag-hy","12":"product_tag-natural","13":"product_tag-organic","14":"product_tag-skincare","15":"product_shipping_class-america","17":"first","18":"outofstock","19":"shipping-taxable","20":"product-type-simple"},"_links":{"self":[{"href":"https:\/\/www.rodilux.md\/index.php?rest_route=\/wp\/v2\/product\/1500","targetHints":{"allow":["GET"]}}],"collection":[{"href":"https:\/\/www.rodilux.md\/index.php?rest_route=\/wp\/v2\/product"}],"about":[{"href":"https:\/\/www.rodilux.md\/index.php?rest_route=\/wp\/v2\/types\/product"}],"wp:featuredmedia":[{"embeddable":true,"href":"https:\/\/www.rodilux.md\/index.php?rest_route=\/wp\/v2\/media\/1501"}],"wp:attachment":[{"href":"https:\/\/www.rodilux.md\/index.php?rest_route=%2Fwp%2Fv2%2Fmedia&parent=1500"}],"wp:term":[{"taxonomy":"product_cat","embeddable":true,"href":"https:\/\/www.rodilux.md\/index.php?rest_route=%2Fwp%2Fv2%2Fproduct_cat&post=1500"},{"taxonomy":"product_tag","embeddable":true,"href":"https:\/\/www.rodilux.md\/index.php?rest_route=%2Fwp%2Fv2%2Fproduct_tag&post=1500"}],"curies":[{"name":"wp","href":"https:\/\/api.w.org\/{rel}","templated":true}]}}