{"id":1498,"date":"2022-01-30T18:55:23","date_gmt":"2022-01-30T18:55:23","guid":{"rendered":"https:\/\/www.rodilux.md\/?post_type=product&#038;p=1498"},"modified":"2022-01-30T18:57:31","modified_gmt":"2022-01-30T18:57:31","slug":"critical-points-crema-cu-proteine-de-matase-spf-15","status":"publish","type":"product","link":"https:\/\/www.rodilux.md\/?product=critical-points-crema-cu-proteine-de-matase-spf-15","title":{"rendered":"CRITICAL POINTS\/CREM\u0102 CU PROTEINE DE M\u0102TASE SPF 15"},"content":{"rendered":"<p><strong>50 ml<\/strong><\/p>\n<p>Crem\u0103 potrivit\u0103 pentru piele atonic\u0103, f\u0103r\u0103 vlag\u0103, obosit\u0103, flasc\u0103 din zonele critice cum ar fi g\u00e2tul, decolteul, ovalul fe\u021bei, b\u0103rbia dubl\u0103. Are un efect imediat de lifting \u0219i de regenerare.<\/p>\n<p>Con\u021bine o concentra\u021bie \u00eenalt\u0103 de proteine de m\u0103tase \u0219i acid hialuronic \u00een cantit\u0103\u021bi mari \u0219i mici, care \u00eempiedic\u0103 pierderea de lichide, cre\u00e2nd o plas\u0103 invizibil\u0103 proteic\u0103. Este un remediu pentru riduri, pentru tenurile lipsite de flaciditate. Neteze\u0219te \u00a0pielea, nu congestioneaz\u0103 porii.<\/p>\n<p><strong>Mod de aplicare:<\/strong><\/p>\n<p>Se aplic\u0103 diminea\u021ba \u0219i seara, pe piele curat\u0103, dup\u0103 serul Aqua Rescue din gama HY + sau separat.<\/p>\n<p><strong>Substan\u021be active:<\/strong><\/p>\n<p>Proteine de m\u0103tase, acid hialuronic cu masa molecular\u0103 mare \u0219i mica, pantenol, Vitamina E, ulei de migdale dulci.<\/p>\n","protected":false},"excerpt":{"rendered":"<a href=\"https:\/\/www.rodilux.md\/?p=195\" data-animation=\"animated fadeIn normal\" class=\"sc_button sc_button_square sc_button_style_default sc_button_size_small  sc_button_iconed icon-star\">PRODUSE DE \u00ceNGRIJIRE ACAS\u0102 <\/a>\n","protected":false},"featured_media":1499,"template":"","meta":[],"product_cat":[74,33],"product_tag":[181,180,177,182,40,38,39],"class_list":{"0":"post-1498","1":"product","2":"type-product","3":"status-publish","4":"has-post-thumbnail","6":"product_cat-hy","7":"product_cat-face-teraphy","8":"product_tag-crema-cu-proteine","9":"product_tag-critical-points","10":"product_tag-hy","11":"product_tag-matase","12":"product_tag-natural","13":"product_tag-organic","14":"product_tag-skincare","15":"product_shipping_class-america","17":"first","18":"outofstock","19":"shipping-taxable","20":"product-type-simple"},"_links":{"self":[{"href":"https:\/\/www.rodilux.md\/index.php?rest_route=\/wp\/v2\/product\/1498","targetHints":{"allow":["GET"]}}],"collection":[{"href":"https:\/\/www.rodilux.md\/index.php?rest_route=\/wp\/v2\/product"}],"about":[{"href":"https:\/\/www.rodilux.md\/index.php?rest_route=\/wp\/v2\/types\/product"}],"wp:featuredmedia":[{"embeddable":true,"href":"https:\/\/www.rodilux.md\/index.php?rest_route=\/wp\/v2\/media\/1499"}],"wp:attachment":[{"href":"https:\/\/www.rodilux.md\/index.php?rest_route=%2Fwp%2Fv2%2Fmedia&parent=1498"}],"wp:term":[{"taxonomy":"product_cat","embeddable":true,"href":"https:\/\/www.rodilux.md\/index.php?rest_route=%2Fwp%2Fv2%2Fproduct_cat&post=1498"},{"taxonomy":"product_tag","embeddable":true,"href":"https:\/\/www.rodilux.md\/index.php?rest_route=%2Fwp%2Fv2%2Fproduct_tag&post=1498"}],"curies":[{"name":"wp","href":"https:\/\/api.w.org\/{rel}","templated":true}]}}