{"id":1490,"date":"2022-01-30T18:37:40","date_gmt":"2022-01-30T18:37:40","guid":{"rendered":"https:\/\/www.rodilux.md\/?post_type=product&#038;p=1490"},"modified":"2022-05-10T08:24:58","modified_gmt":"2022-05-10T08:24:58","slug":"carrot-mask-masca-cu-extract-de-morcov","status":"publish","type":"product","link":"https:\/\/www.rodilux.md\/?product=carrot-mask-masca-cu-extract-de-morcov","title":{"rendered":"CARROT MASK\/MASC\u0102 CU EXTRACT DE MORCOV"},"content":{"rendered":"<p><strong>250 gr<\/strong><\/p>\n<p>Masc\u0103 alginat\u0103 cu efect de peeling \u0219i anti-\u00eemb\u0103tr\u00e2nire. Con\u021bine un procent \u00eenalt de extract de morcov, care \u00eembog\u0103\u021be\u0219te pielea cu carotenoide, vitaminele A, B, C, D \u0219i E, cu un puternic efect antioxidant \u0219i fotoprotector. Are \u00een componen\u021b\u0103 \u0219i polizaharide.<\/p>\n<p>Este indicat \u00eendeosebi \u00een perioada estival\u0103, \u00eenainte \u0219i dup\u0103 insola\u021bie. Previne formarea radicalilor liberi, echilibreaz\u0103 \u0219i detoxific\u0103 glandele sebacee, dirijeaz\u0103 corect metabolismul melaninei. Are efect imunostimulator asupra pielii ajut\u00e2nd-o s\u0103-\u0219i recapete elasticitatea, iar ridurile mici devin invizibile. Dup\u0103 aplicarea acestei m\u0103\u0219ti, pielea radiaz\u0103, datorit\u0103 concentra\u021biei \u00eenalte de vitamina E.<\/p>\n<p>Alginatul din aceast\u0103 masc\u0103 este exclusiv. Creeaz\u0103 un gel solid \u00een timpul prepar\u0103rii devenind foarte comod \u00een ceea ce prive\u0219te aplicarea \u0219i \u00eenl\u0103turarea m\u0103\u0219tii.<\/p>\n<p><strong>Beneficiile morcovului asupra pielii:<\/strong><\/p>\n<ul>\n<li>Previne apari\u021bia radicalilor liberi (antioxidant);<\/li>\n<li>Previne, trateaz\u0103 pigmenta\u021bia, tonifiaz\u0103;<\/li>\n<li>Stimuleaz\u0103 producerea echilibrat\u0103 a melaninei;<\/li>\n<li>Regenereaz\u0103 celulele, stimuleaz\u0103 producerea de elastin\u0103 \u0219i colagen;<\/li>\n<li>Minimalizeaz\u0103 apari\u021bia ridurilor \u00een timpul b\u0103ilor de soare;<\/li>\n<li>Combate apari\u021bia crustelor \u0219i petelor;<\/li>\n<li>Regleaz\u0103 func\u021bia glandelor sebacee, echilibreaz\u0103 pH-ul mantiei hidrolipidice;<\/li>\n<\/ul>\n<p><strong>Polizaharidele:<\/strong><\/p>\n<p>Sunt de origine vegetal\u0103. Ace\u0219ti amino acizi creeaz\u0103 un film protector care permite crono-reliza (autohidratarea) pielii. Netezesc, au efect antialergic asupra \u021besuturilor.<\/p>\n","protected":false},"excerpt":{"rendered":"<a href=\"https:\/\/www.rodilux.md\/?p=196\" data-animation=\"animated fadeIn normal\" class=\"sc_button sc_button_square sc_button_style_default sc_button_size_small  sc_button_iconed icon-star\">PRODUSE DE \u00ceNGRIJIRE PROFESIONAL\u0102 <\/a>\n","protected":false},"featured_media":1491,"template":"","meta":[],"product_cat":[36,33],"product_tag":[175,287,138,286,176,40,174,38,39],"class_list":{"0":"post-1490","1":"product","2":"type-product","3":"status-publish","4":"has-post-thumbnail","6":"product_cat-elements","7":"product_cat-face-teraphy","8":"product_tag-carrot-mask","9":"product_tag-decongestionare","10":"product_tag-detox","11":"product_tag-detoxifiere","12":"product_tag-extract-de-morcov","13":"product_tag-natural","14":"product_tag-o-elements","15":"product_tag-organic","16":"product_tag-skincare","17":"product_shipping_class-america","19":"first","20":"outofstock","21":"shipping-taxable","22":"product-type-simple"},"_links":{"self":[{"href":"https:\/\/www.rodilux.md\/index.php?rest_route=\/wp\/v2\/product\/1490","targetHints":{"allow":["GET"]}}],"collection":[{"href":"https:\/\/www.rodilux.md\/index.php?rest_route=\/wp\/v2\/product"}],"about":[{"href":"https:\/\/www.rodilux.md\/index.php?rest_route=\/wp\/v2\/types\/product"}],"wp:featuredmedia":[{"embeddable":true,"href":"https:\/\/www.rodilux.md\/index.php?rest_route=\/wp\/v2\/media\/1491"}],"wp:attachment":[{"href":"https:\/\/www.rodilux.md\/index.php?rest_route=%2Fwp%2Fv2%2Fmedia&parent=1490"}],"wp:term":[{"taxonomy":"product_cat","embeddable":true,"href":"https:\/\/www.rodilux.md\/index.php?rest_route=%2Fwp%2Fv2%2Fproduct_cat&post=1490"},{"taxonomy":"product_tag","embeddable":true,"href":"https:\/\/www.rodilux.md\/index.php?rest_route=%2Fwp%2Fv2%2Fproduct_tag&post=1490"}],"curies":[{"name":"wp","href":"https:\/\/api.w.org\/{rel}","templated":true}]}}