{"id":1487,"date":"2022-01-30T18:33:04","date_gmt":"2022-01-30T18:33:04","guid":{"rendered":"https:\/\/www.rodilux.md\/?post_type=product&#038;p=1487"},"modified":"2022-05-10T08:24:48","modified_gmt":"2022-05-10T08:24:48","slug":"black-mask-masca-din-alge-negre","status":"publish","type":"product","link":"https:\/\/www.rodilux.md\/?product=black-mask-masca-din-alge-negre","title":{"rendered":"BLACK MASK\/MASC\u0102 DIN ALGE NEGRE"},"content":{"rendered":"<p><strong>250 gr<\/strong><\/p>\n<p>Masc\u0103 cu alge indicat\u0103 ca tratament de purificare, detoxifiere \u0219i regenerare. Are propriet\u0103\u021bi antioxidante. Componentul activ este alginatul glucuronic, recunoscut ca cel mai competitiv alginat. C\u0103rbunele de bambus cur\u0103\u021b\u0103 fa\u021ba, o purific\u0103, absoarbe toxinele \u0219i le extrage. Regleaz\u0103 secre\u021bia glandelor sebacee. func\u021bioneaz\u0103 ca un sponge. \u00a0Este perfect pentru tenul cu pori \u0219i gras. De ne\u00eenlocuit \u00een cazul tenului care se confrunt\u0103 cu probleme cauzate de stres \u0219i poluare. Deblocheaz\u0103 porii, dezinfecteaz\u0103. Pielea cap\u0103t\u0103 luminozitate. P\u0103m\u00e2ntul de diatomee (alge pietrificate de micro fosile monocelulare) este o surs\u0103 de minerale \u0219i microelemente, lichideaz\u0103 reziduurile metalice din piele. Efectul m\u0103\u0219tii este de lung\u0103 durat\u0103. Ar putea fi comparat\u0103 cu o masc\u0103 pentru peeling. Pielea devine mai ferm\u0103 \u0219i str\u0103lucitoare.<\/p>\n<p><strong>Substan\u021be active:<\/strong><\/p>\n<p>C\u0103rbune de bambus, alginat (acid glucuronic), p\u0103m\u00e2nt de diatomee, calciu, minerale, microelemente.<\/p>\n","protected":false},"excerpt":{"rendered":"<a href=\"https:\/\/www.rodilux.md\/?p=196\" data-animation=\"animated fadeIn normal\" class=\"sc_button sc_button_square sc_button_style_default sc_button_size_small  sc_button_iconed icon-star\">PRODUSE DE \u00ceNGRIJIRE PROFESIONAL\u0102 <\/a>\n","protected":false},"featured_media":1489,"template":"","meta":[],"product_cat":[36,33],"product_tag":[173,287,138,286,168,40,174,38,39],"class_list":{"0":"post-1487","1":"product","2":"type-product","3":"status-publish","4":"has-post-thumbnail","6":"product_cat-elements","7":"product_cat-face-teraphy","8":"product_tag-black-mask","9":"product_tag-decongestionare","10":"product_tag-detox","11":"product_tag-detoxifiere","12":"product_tag-masca-alginata","13":"product_tag-natural","14":"product_tag-o-elements","15":"product_tag-organic","16":"product_tag-skincare","17":"product_shipping_class-america","19":"first","20":"outofstock","21":"shipping-taxable","22":"product-type-simple"},"_links":{"self":[{"href":"https:\/\/www.rodilux.md\/index.php?rest_route=\/wp\/v2\/product\/1487","targetHints":{"allow":["GET"]}}],"collection":[{"href":"https:\/\/www.rodilux.md\/index.php?rest_route=\/wp\/v2\/product"}],"about":[{"href":"https:\/\/www.rodilux.md\/index.php?rest_route=\/wp\/v2\/types\/product"}],"wp:featuredmedia":[{"embeddable":true,"href":"https:\/\/www.rodilux.md\/index.php?rest_route=\/wp\/v2\/media\/1489"}],"wp:attachment":[{"href":"https:\/\/www.rodilux.md\/index.php?rest_route=%2Fwp%2Fv2%2Fmedia&parent=1487"}],"wp:term":[{"taxonomy":"product_cat","embeddable":true,"href":"https:\/\/www.rodilux.md\/index.php?rest_route=%2Fwp%2Fv2%2Fproduct_cat&post=1487"},{"taxonomy":"product_tag","embeddable":true,"href":"https:\/\/www.rodilux.md\/index.php?rest_route=%2Fwp%2Fv2%2Fproduct_tag&post=1487"}],"curies":[{"name":"wp","href":"https:\/\/api.w.org\/{rel}","templated":true}]}}