{"id":1482,"date":"2022-01-30T18:26:25","date_gmt":"2022-01-30T18:26:25","guid":{"rendered":"https:\/\/www.rodilux.md\/?post_type=product&#038;p=1482"},"modified":"2022-05-10T08:24:30","modified_gmt":"2022-05-10T08:24:30","slug":"cassis-mask-masca-alginata-cu-extract-de-coacaze-negre","status":"publish","type":"product","link":"https:\/\/www.rodilux.md\/?product=cassis-mask-masca-alginata-cu-extract-de-coacaze-negre","title":{"rendered":"CASSIS MASK\/MASC\u0102 ALGINAT\u0102 CU EXTRACT DE COAC\u0102ZE NEGRE"},"content":{"rendered":"<p><strong>250 gr<\/strong><\/p>\n<p>Masc\u0103 anti-\u00eemb\u0103tr\u00e2nire pentru toate tipurile de ten, \u00eendeosebi,\u00a0 pentru cele sensibile \u0219i \u00eenro\u0219ite. Con\u021bine o cantitate \u00eenalt\u0103 de aminoacizi, stimuleaz\u0103 produc\u021bia de colagen \u0219i elastina. De asemenea, este bogat\u0103 \u00een acid linoleic (omega 6), protejeaz\u0103 pielea de \u00eemb\u0103tr\u00e2nire. Coac\u0103za neagr\u0103 din compozi\u021bie fortific\u0103 circula\u021bia sanguin\u0103, trateaz\u0103 \u0219i previne cuperoza. Hidrateaz\u0103 intens, ilumineaz\u0103, \u00eentinere\u0219te, reechilibreaz\u0103 pH-ul pielii. Regina m\u0103\u0219tii este vitamina C, care previne formarea radicalilor liberi ce deterioreaz\u0103 ADN-ul celular. Fiind precursorul, vitamina E manifest\u0103 un efect regenerativ puternic.<\/p>\n<p><strong>Substan\u021be active:<\/strong><\/p>\n<p>Alge, coac\u0103ze negre, vitamina C, calciu.<\/p>\n","protected":false},"excerpt":{"rendered":"<a href=\"https:\/\/www.rodilux.md\/?p=196\" data-animation=\"animated fadeIn normal\" class=\"sc_button sc_button_square sc_button_style_default sc_button_size_small  sc_button_iconed icon-star\">PRODUSE DE \u00ceNGRIJIRE PROFESIONAL\u0102 <\/a>\n","protected":false},"featured_media":1483,"template":"","meta":[],"product_cat":[36,33],"product_tag":[169,170,287,138,286,168,40,174,38,39],"class_list":{"0":"post-1482","1":"product","2":"type-product","3":"status-publish","4":"has-post-thumbnail","6":"product_cat-elements","7":"product_cat-face-teraphy","8":"product_tag-cassis-mask","9":"product_tag-coacaze-neagre","10":"product_tag-decongestionare","11":"product_tag-detox","12":"product_tag-detoxifiere","13":"product_tag-masca-alginata","14":"product_tag-natural","15":"product_tag-o-elements","16":"product_tag-organic","17":"product_tag-skincare","18":"product_shipping_class-america","20":"first","21":"outofstock","22":"shipping-taxable","23":"product-type-simple"},"_links":{"self":[{"href":"https:\/\/www.rodilux.md\/index.php?rest_route=\/wp\/v2\/product\/1482","targetHints":{"allow":["GET"]}}],"collection":[{"href":"https:\/\/www.rodilux.md\/index.php?rest_route=\/wp\/v2\/product"}],"about":[{"href":"https:\/\/www.rodilux.md\/index.php?rest_route=\/wp\/v2\/types\/product"}],"wp:featuredmedia":[{"embeddable":true,"href":"https:\/\/www.rodilux.md\/index.php?rest_route=\/wp\/v2\/media\/1483"}],"wp:attachment":[{"href":"https:\/\/www.rodilux.md\/index.php?rest_route=%2Fwp%2Fv2%2Fmedia&parent=1482"}],"wp:term":[{"taxonomy":"product_cat","embeddable":true,"href":"https:\/\/www.rodilux.md\/index.php?rest_route=%2Fwp%2Fv2%2Fproduct_cat&post=1482"},{"taxonomy":"product_tag","embeddable":true,"href":"https:\/\/www.rodilux.md\/index.php?rest_route=%2Fwp%2Fv2%2Fproduct_tag&post=1482"}],"curies":[{"name":"wp","href":"https:\/\/api.w.org\/{rel}","templated":true}]}}