{"id":1480,"date":"2022-01-30T18:09:43","date_gmt":"2022-01-30T18:09:43","guid":{"rendered":"https:\/\/www.rodilux.md\/?post_type=product&#038;p=1480"},"modified":"2022-05-10T08:24:17","modified_gmt":"2022-05-10T08:24:17","slug":"oryza-mask-masca-alginata-cu-orez","status":"publish","type":"product","link":"https:\/\/www.rodilux.md\/?product=oryza-mask-masca-alginata-cu-orez","title":{"rendered":"ORYZA MASK\/MASC\u0102 ALGINAT\u0102 CU OREZ"},"content":{"rendered":"<p><strong>250 gr<\/strong><\/p>\n<p>Masc\u0103 alginat\u0103 care con\u021bine orez, potrivit\u0103 pentru toate tipurile de ten, mai ales pentru cel pigmentat, care regleaz\u0103 metabolismul melanocitelor. Orezul este un puternic antioxidant, datorit\u0103 bog\u0103\u021biei sale \u00een gama \u2013 oryzonal (de zece ori mai activ dec\u00e2t vitamina E). De asemenea, con\u021bine vitamine, fitosteroli, beta-caroten \u0219i minerale. Previne formarea radicalilor liberi, stimuleaz\u0103 produc\u021bia de colagen, hidrateaz\u0103, dreneaz\u0103. Atenueaz\u0103 edemele din jurul ochilor. Pe l\u00e2ng\u0103 orez, masca con\u021bine un complex exhaustiv de ierburi alpine cu efecte de albire pentru pielea cu pete, niveleaz\u0103 tenul, echilibreaz\u0103 pH-ul pielii \u0219i are propriet\u0103\u021bi anti-\u00eemb\u0103tr\u00e2nire.<\/p>\n<p><strong>Substan\u021be active:<\/strong><\/p>\n<p>Alginat, orez, calciu, fitosterine, Q10, extras din coada- \u0219oricelului, acid salicilic, cocktail din flori din mun\u021bii Alpi (man\u0219et\u0103, floare de m\u0103m\u0103lig\u0103, roini\u021b\u0103, primul\u0103 de sear\u0103, ment\u0103 de munte, ventrilic\u0103 (veronica officinalis), vitamina C.<\/p>\n","protected":false},"excerpt":{"rendered":"<a href=\"https:\/\/www.rodilux.md\/?p=196\" data-animation=\"animated fadeIn normal\" class=\"sc_button sc_button_square sc_button_style_default sc_button_size_small  sc_button_iconed icon-star\">PRODUSE DE \u00ceNGRIJIRE PROFESIONAL\u0102 <\/a>\n","protected":false},"featured_media":1481,"template":"","meta":[],"product_cat":[36,33],"product_tag":[287,138,286,168,40,174,38,167,39],"class_list":{"0":"post-1480","1":"product","2":"type-product","3":"status-publish","4":"has-post-thumbnail","6":"product_cat-elements","7":"product_cat-face-teraphy","8":"product_tag-decongestionare","9":"product_tag-detox","10":"product_tag-detoxifiere","11":"product_tag-masca-alginata","12":"product_tag-natural","13":"product_tag-o-elements","14":"product_tag-organic","15":"product_tag-oryza-mask","16":"product_tag-skincare","17":"product_shipping_class-america","19":"first","20":"outofstock","21":"shipping-taxable","22":"product-type-simple"},"_links":{"self":[{"href":"https:\/\/www.rodilux.md\/index.php?rest_route=\/wp\/v2\/product\/1480","targetHints":{"allow":["GET"]}}],"collection":[{"href":"https:\/\/www.rodilux.md\/index.php?rest_route=\/wp\/v2\/product"}],"about":[{"href":"https:\/\/www.rodilux.md\/index.php?rest_route=\/wp\/v2\/types\/product"}],"wp:featuredmedia":[{"embeddable":true,"href":"https:\/\/www.rodilux.md\/index.php?rest_route=\/wp\/v2\/media\/1481"}],"wp:attachment":[{"href":"https:\/\/www.rodilux.md\/index.php?rest_route=%2Fwp%2Fv2%2Fmedia&parent=1480"}],"wp:term":[{"taxonomy":"product_cat","embeddable":true,"href":"https:\/\/www.rodilux.md\/index.php?rest_route=%2Fwp%2Fv2%2Fproduct_cat&post=1480"},{"taxonomy":"product_tag","embeddable":true,"href":"https:\/\/www.rodilux.md\/index.php?rest_route=%2Fwp%2Fv2%2Fproduct_tag&post=1480"}],"curies":[{"name":"wp","href":"https:\/\/api.w.org\/{rel}","templated":true}]}}